{"id":27214,"date":"2025-02-20T22:29:07","date_gmt":"2025-02-20T22:29:07","guid":{"rendered":"http:\/\/olemosaic.com\/producto\/funda-de-telefono-para-xiaomi-13-tpu-abstracto-verde\/"},"modified":"2025-07-25T20:39:27","modified_gmt":"2025-07-25T18:39:27","slug":"coque-de-telephone-pour-xiaomi-13-tpu-abstrait-vert","status":"publish","type":"product","link":"https:\/\/olemosaic.com\/fr\/produit\/coque-de-telephone-pour-xiaomi-13-tpu-abstrait-vert\/","title":{"rendered":"Coque de t\u00e9l\u00e9phone pour Xiaomi 13 (TPU). Abstrait. Vert"},"content":{"rendered":"<p>Cette coque pour le Xiaomi 13 est une explosion de couleurs et de design qui apporte une touche contemporaine et artistique \u00e0 votre appareil. Fabriqu\u00e9e en TPU, cet accessoire se distingue par son mat\u00e9riau flexible et l\u00e9ger, qui non seulement prot\u00e8ge contre les chocs et les chutes, mais garantit \u00e9galement un ajustement parfait et confortable. Le design abstrait qui orne la coque combine une palette de couleurs vibrantes dans des tons verts, rouges et jaunes, cr\u00e9ant une apparence ondul\u00e9e qui attire le regard et \u00e9voque la cr\u00e9ativit\u00e9 et le dynamisme des arts contemporains.<\/p>\n<p>La texture douce et le toucher agr\u00e9able de la coque en font un choix id\u00e9al pour ceux qui recherchent un produit fonctionnel sans renoncer au style. Cette pi\u00e8ce ne prot\u00e8ge pas seulement le t\u00e9l\u00e9phone, elle devient aussi un accessoire de mode qui refl\u00e8te la personnalit\u00e9 et le sens esth\u00e9tique de son propri\u00e9taire. Le lien culturel de ce design avec les expressions artistiques modernes en Espagne se manifeste dans son r\u00e9pertoire de couleurs vives, symbolisant la joie et la vitalit\u00e9 de l&rsquo;art urbain.<\/p>\n<p>Ol\u00e9 Mosaic est fier de proposer des produits authentiques et pertinents, et cette coque est une excellente option pour les boutiques de cadeaux touristiques \u00e0 la recherche de souvenirs uniques et fonctionnels. En tant que grossiste de coques, nous garantissons la qualit\u00e9 et l&rsquo;originalit\u00e9 de chacune de nos pi\u00e8ces, les rendant parfaites comme souvenirs ou cadeaux.<\/p>\n","protected":false},"excerpt":{"rendered":"<p>Coque pour t\u00e9l\u00e9phone Xiaomi 13 fabriqu\u00e9e en TPU, avec un design abstrait combinant une palette de couleurs vibrantes dans des tons verts, rouges et jaunes. Cet accessoire se distingue par son apparence ondul\u00e9e et artistique, id\u00e9ale pour ceux qui recherchent une touche contemporaine et unique. Son mat\u00e9riau flexible et l\u00e9ger offre protection et un ajustement parfait, tout en conservant le style moderne et color\u00e9 qui la caract\u00e9rise.<\/p>\n","protected":false},"featured_media":12675,"template":"","meta":{"_acf_changed":false},"product_brand":[],"product_cat":[674],"product_tag":[],"class_list":{"0":"post-27214","1":"product","2":"type-product","3":"status-publish","4":"has-post-thumbnail","6":"product_cat-etuis-pour-telephones-portables","7":"pa_motivo-resume","9":"first","10":"instock","11":"shipping-taxable","12":"product-type-simple"},"acf":[],"_links":{"self":[{"href":"https:\/\/olemosaic.com\/fr\/wp-json\/wp\/v2\/product\/27214","targetHints":{"allow":["GET"]}}],"collection":[{"href":"https:\/\/olemosaic.com\/fr\/wp-json\/wp\/v2\/product"}],"about":[{"href":"https:\/\/olemosaic.com\/fr\/wp-json\/wp\/v2\/types\/product"}],"wp:featuredmedia":[{"embeddable":true,"href":"https:\/\/olemosaic.com\/fr\/wp-json\/wp\/v2\/media\/12675"}],"wp:attachment":[{"href":"https:\/\/olemosaic.com\/fr\/wp-json\/wp\/v2\/media?parent=27214"}],"wp:term":[{"taxonomy":"product_brand","embeddable":true,"href":"https:\/\/olemosaic.com\/fr\/wp-json\/wp\/v2\/product_brand?post=27214"},{"taxonomy":"product_cat","embeddable":true,"href":"https:\/\/olemosaic.com\/fr\/wp-json\/wp\/v2\/product_cat?post=27214"},{"taxonomy":"product_tag","embeddable":true,"href":"https:\/\/olemosaic.com\/fr\/wp-json\/wp\/v2\/product_tag?post=27214"}],"curies":[{"name":"wp","href":"https:\/\/api.w.org\/{rel}","templated":true}]}}