{"id":27213,"date":"2025-02-20T22:29:06","date_gmt":"2025-02-20T22:29:06","guid":{"rendered":"http:\/\/olemosaic.com\/producto\/funda-de-telefono-para-xiaomi-13-tpu-punt-de-trobada-barcelona-blanco\/"},"modified":"2025-07-25T23:41:10","modified_gmt":"2025-07-25T21:41:10","slug":"coque-de-telephone-pour-xiaomi-13-tpu-punt-de-trobada-barcelone-blanc","status":"publish","type":"product","link":"https:\/\/olemosaic.com\/fr\/produit\/coque-de-telephone-pour-xiaomi-13-tpu-punt-de-trobada-barcelone-blanc\/","title":{"rendered":"Coque de t\u00e9l\u00e9phone pour Xiaomi 13 (TPU). Punt de trobada. Barcelone. Blanc"},"content":{"rendered":"<p>Cette coque pour le Xiaomi 13 est un v\u00e9ritable hommage \u00e0 Barcelone, avec le design vibrant \u00ab\u00a0Punt de trobada\u00a0\u00bb qui \u00e9voque l&rsquo;essence de la ville. Fabriqu\u00e9e en TPU r\u00e9sistant, elle offre une protection efficace contre les chocs et les chutes, devenant un accessoire aussi fonctionnel qu&rsquo;esth\u00e9tique. Sa d\u00e9coration se distingue par un art de la mosa\u00efque color\u00e9, avec des teintes vives de rouge, jaune, vert et bleu qui contrastent sur un fond blanc, captant instantan\u00e9ment l&rsquo;attention.<\/p>\n<p>L&rsquo;image centrale pr\u00e9sente des formes abstraites et des \u00e9l\u00e9ments rappelant les \u0153uvres du ma\u00eetre Gaud\u00ed, c\u00e9l\u00e9brant l&rsquo;esprit moderne et cr\u00e9atif de Barcelone. Ce design symbolise non seulement l&rsquo;architecture embl\u00e9matique de la ville, mais aussi la tradition artistique qui la rend unique parmi les villes europ\u00e9ennes. C&rsquo;est le souvenir parfait pour ceux qui souhaitent emporter un morceau de la culture catalane avec eux.<\/p>\n<p>Chez Ol\u00e9 Mosaic, nous sommes distributeurs de souvenirs authentiques et repr\u00e9sentatifs, et cette coque est une excellente option tant pour les touristes \u00e0 la recherche de souvenirs m\u00e9morables que pour les boutiques souhaitant proposer des produits de qualit\u00e9 avec un lien culturel fort. Ces souvenirs de Barcelone sont id\u00e9aux pour attirer les clients en qu\u00eate d&rsquo;authenticit\u00e9 et d&rsquo;originalit\u00e9 dans leurs achats.<\/p>\n","protected":false},"excerpt":{"rendered":"<p>Coque pour Xiaomi 13 fabriqu\u00e9e en TPU, d\u00e9cor\u00e9e du design \u00ab\u00a0Punt de trobada\u00a0\u00bb, repr\u00e9sentatif de Barcelone. Cet accessoire se distingue par son art de la mosa\u00efque vibrant, avec des couleurs vives comme le rouge, le jaune, le vert et le bleu sur un fond blanc. L&rsquo;image centrale \u00e9voque la c\u00e9l\u00e8bre \u0153uvre de Gaud\u00ed, montrant des formes abstraites et des \u00e9l\u00e9ments distinctifs qui symbolisent l&rsquo;essence de la ville. Id\u00e9al pour prot\u00e9ger votre appareil et afficher votre amour pour Barcelone.<\/p>\n","protected":false},"featured_media":12672,"template":"","meta":{"_acf_changed":false},"product_brand":[],"product_cat":[674],"product_tag":[],"class_list":{"0":"post-27213","1":"product","2":"type-product","3":"status-publish","4":"has-post-thumbnail","6":"product_cat-etuis-pour-telephones-portables","7":"pa_ciudad-barcelona","8":"pa_motivo-punt-de-trobada","9":"pa_pais-espana","11":"first","12":"instock","13":"shipping-taxable","14":"product-type-simple"},"acf":[],"_links":{"self":[{"href":"https:\/\/olemosaic.com\/fr\/wp-json\/wp\/v2\/product\/27213","targetHints":{"allow":["GET"]}}],"collection":[{"href":"https:\/\/olemosaic.com\/fr\/wp-json\/wp\/v2\/product"}],"about":[{"href":"https:\/\/olemosaic.com\/fr\/wp-json\/wp\/v2\/types\/product"}],"wp:featuredmedia":[{"embeddable":true,"href":"https:\/\/olemosaic.com\/fr\/wp-json\/wp\/v2\/media\/12672"}],"wp:attachment":[{"href":"https:\/\/olemosaic.com\/fr\/wp-json\/wp\/v2\/media?parent=27213"}],"wp:term":[{"taxonomy":"product_brand","embeddable":true,"href":"https:\/\/olemosaic.com\/fr\/wp-json\/wp\/v2\/product_brand?post=27213"},{"taxonomy":"product_cat","embeddable":true,"href":"https:\/\/olemosaic.com\/fr\/wp-json\/wp\/v2\/product_cat?post=27213"},{"taxonomy":"product_tag","embeddable":true,"href":"https:\/\/olemosaic.com\/fr\/wp-json\/wp\/v2\/product_tag?post=27213"}],"curies":[{"name":"wp","href":"https:\/\/api.w.org\/{rel}","templated":true}]}}