{"id":27210,"date":"2025-02-20T22:29:06","date_gmt":"2025-02-20T22:29:06","guid":{"rendered":"http:\/\/olemosaic.com\/producto\/funda-de-telefono-para-xiaomi-12-tpu-abstracto-verde\/"},"modified":"2025-07-25T19:44:03","modified_gmt":"2025-07-25T17:44:03","slug":"coque-de-telephone-pour-xiaomi-12-tpu-abstrait-vert","status":"publish","type":"product","link":"https:\/\/olemosaic.com\/fr\/produit\/coque-de-telephone-pour-xiaomi-12-tpu-abstrait-vert\/","title":{"rendered":"Coque de t\u00e9l\u00e9phone pour Xiaomi 12 (TPU). Abstrait. Vert"},"content":{"rendered":"<p>Cette coque pour le Xiaomi 12 est une pi\u00e8ce unique qui allie style et fonctionnalit\u00e9, con\u00e7ue pour ceux qui recherchent une touche artistique au quotidien. Fabriqu\u00e9e en TPU, un mat\u00e9riau tr\u00e8s r\u00e9sistant et flexible, elle se distingue par son design abstrait vibrant jouant avec des tons verd\u00e2tres, bleus et chauds, \u00e9voquant la beaut\u00e9 de l&rsquo;art de la mosa\u00efque qui d\u00e9finit l&rsquo;architecture de nombreuses villes espagnoles. Les formes g\u00e9om\u00e9triques qui ornent sa surface cr\u00e9ent un effet visuel captivant, rappelant les mosa\u00efques color\u00e9es pr\u00e9sentes dans des monuments embl\u00e9matiques, ajoutant une dose de culture et d&rsquo;\u00e9l\u00e9gance \u00e0 votre appareil.<\/p>\n<p>La finition douce au toucher et la l\u00e9g\u00e8ret\u00e9 de la coque assurent un ajustement parfait au Xiaomi 12, offrant une protection efficace contre les chocs et les rayures, tout en permettant un acc\u00e8s facile \u00e0 tous les ports et fonctions du t\u00e9l\u00e9phone. Ce souvenir, qui combine esth\u00e9tique et utilit\u00e9, est une excellente option pour les touristes souhaitant emporter un souvenir authentique de leur visite en Espagne. Chez Ol\u00e9 Mosaic, nous proposons cette coque dans le cadre de notre s\u00e9lection de souvenirs typiques, id\u00e9ale pour les boutiques de cadeaux touristiques. En tant que grossistes d&rsquo;accessoires, nous garantissons des produits de qualit\u00e9 qui mettent en valeur le riche h\u00e9ritage culturel, faisant de cette coque un cadeau parfait et une fa\u00e7on d&#8217;emporter un morceau d&rsquo;Espagne partout avec soi.<\/p>\n","protected":false},"excerpt":{"rendered":"<p>Coque de t\u00e9l\u00e9phone pour Xiaomi 12 fabriqu\u00e9e en TPU, avec un design abstrait et vibrant dans des tons verts, bleus et chauds. Inspir\u00e9e par l&rsquo;art de la mosa\u00efque, cette coque combine des formes g\u00e9om\u00e9triques qui \u00e9voquent les \u0153uvres architecturales color\u00e9es de la r\u00e9gion, offrant style et protection \u00e0 parts \u00e9gales. Sa finition douce et l\u00e9g\u00e8re s&rsquo;adapte parfaitement \u00e0 l&rsquo;appareil, garantissant un acc\u00e8s facile \u00e0 tous les ports et fonctions.<\/p>\n","protected":false},"featured_media":12656,"template":"","meta":{"_acf_changed":false},"product_brand":[],"product_cat":[674],"product_tag":[],"class_list":{"0":"post-27210","1":"product","2":"type-product","3":"status-publish","4":"has-post-thumbnail","6":"product_cat-etuis-pour-telephones-portables","7":"pa_motivo-resume","9":"first","10":"instock","11":"shipping-taxable","12":"product-type-simple"},"acf":[],"_links":{"self":[{"href":"https:\/\/olemosaic.com\/fr\/wp-json\/wp\/v2\/product\/27210","targetHints":{"allow":["GET"]}}],"collection":[{"href":"https:\/\/olemosaic.com\/fr\/wp-json\/wp\/v2\/product"}],"about":[{"href":"https:\/\/olemosaic.com\/fr\/wp-json\/wp\/v2\/types\/product"}],"wp:featuredmedia":[{"embeddable":true,"href":"https:\/\/olemosaic.com\/fr\/wp-json\/wp\/v2\/media\/12656"}],"wp:attachment":[{"href":"https:\/\/olemosaic.com\/fr\/wp-json\/wp\/v2\/media?parent=27210"}],"wp:term":[{"taxonomy":"product_brand","embeddable":true,"href":"https:\/\/olemosaic.com\/fr\/wp-json\/wp\/v2\/product_brand?post=27210"},{"taxonomy":"product_cat","embeddable":true,"href":"https:\/\/olemosaic.com\/fr\/wp-json\/wp\/v2\/product_cat?post=27210"},{"taxonomy":"product_tag","embeddable":true,"href":"https:\/\/olemosaic.com\/fr\/wp-json\/wp\/v2\/product_tag?post=27210"}],"curies":[{"name":"wp","href":"https:\/\/api.w.org\/{rel}","templated":true}]}}