{"id":27199,"date":"2025-02-20T22:29:06","date_gmt":"2025-02-20T22:29:06","guid":{"rendered":"http:\/\/olemosaic.com\/producto\/funda-de-telefono-para-xiaomi-12-tpu-panoramica-barcelona-azul-2\/"},"modified":"2025-07-25T19:55:13","modified_gmt":"2025-07-25T17:55:13","slug":"coque-de-telephone-pour-xiaomi-12-tpu-panoramique-barcelone-bleu-2","status":"publish","type":"product","link":"https:\/\/olemosaic.com\/fr\/produit\/coque-de-telephone-pour-xiaomi-12-tpu-panoramique-barcelone-bleu-2\/","title":{"rendered":"Coque de t\u00e9l\u00e9phone pour Xiaomi 12 (TPU). Panoramique. Barcelone. Bleu"},"content":{"rendered":"<p>Cette coque pour le Xiaomi 12 est une expression vibrante de l&rsquo;essence barcelonaise, fabriqu\u00e9e en TPU pour offrir une durabilit\u00e9 exceptionnelle et une protection optimale. Son design panoramique met en avant l&rsquo;iconique Sagrada Familia, dont l&rsquo;architecture singuli\u00e8re est pr\u00e9sent\u00e9e dans des tons chauds, entour\u00e9e de palmiers verts et d&rsquo;un ciel bleu \u00e9clatant. Ce souvenir ne souligne pas seulement la monumentalit\u00e9 de l&rsquo;un des lieux les plus embl\u00e9matiques de la ville, mais \u00e9voque \u00e9galement la joie et le climat chaud de la M\u00e9diterran\u00e9e, parfait pour ceux qui souhaitent emporter un petit morceau de Barcelone avec eux.<\/p>\n<p>Les d\u00e9tails artistiques, tels qu&rsquo;un soleil radieux et des oiseaux en plein vol, ajoutent une touche dynamique et amusante, capturant la vitalit\u00e9 de la vie urbaine vibrante de Barcelone et de son environnement naturel. L&rsquo;illustration color\u00e9e non seulement embellit l&rsquo;accessoire, mais transforme cette coque en un v\u00e9ritable souvenir de la cit\u00e9 comtale, id\u00e9al pour les touristes et les amoureux de la culture catalane recherchant un souvenir fonctionnel et esth\u00e9tique.<\/p>\n<p>Chez Ol\u00e9 Mosaic, notre mission est d&rsquo;offrir des produits authentiques, et cette coque de t\u00e9l\u00e9phone repr\u00e9sente une excellente option pour les boutiques de cadeaux touristiques recherchant des articles originaux et de haute qualit\u00e9. Avec sa pertinence culturelle et son attrait visuel, cette coque est un choix parfait comme souvenir de Barcelone.<\/p>\n","protected":false},"excerpt":{"rendered":"<p>Coque de t\u00e9l\u00e9phone pour Xiaomi 12 fabriqu\u00e9e en TPU, avec une vue panoramique vibrante de Barcelone. Ce design color\u00e9 met en avant l&#8217;embl\u00e9matique Sagrada Familia, entour\u00e9e de palmiers et d&rsquo;un ciel bleu, \u00e9voquant l&rsquo;essence ensoleill\u00e9e de la ville. Les d\u00e9tails de l&rsquo;illustration incluent un soleil radieux et des oiseaux en plein vol, ce qui lui donne un air joyeux et dynamique. Id\u00e9ale pour ceux qui recherchent un accessoire alliant protection et style, tout en affichant leur amour pour Barcelone.<\/p>\n","protected":false},"featured_media":12660,"template":"","meta":{"_acf_changed":false},"product_brand":[],"product_cat":[674],"product_tag":[],"class_list":{"0":"post-27199","1":"product","2":"type-product","3":"status-publish","4":"has-post-thumbnail","6":"product_cat-etuis-pour-telephones-portables","7":"pa_ciudad-barcelona","8":"pa_motivo-panoramas","9":"pa_pais-espana","11":"first","12":"instock","13":"shipping-taxable","14":"product-type-simple"},"acf":[],"_links":{"self":[{"href":"https:\/\/olemosaic.com\/fr\/wp-json\/wp\/v2\/product\/27199","targetHints":{"allow":["GET"]}}],"collection":[{"href":"https:\/\/olemosaic.com\/fr\/wp-json\/wp\/v2\/product"}],"about":[{"href":"https:\/\/olemosaic.com\/fr\/wp-json\/wp\/v2\/types\/product"}],"wp:featuredmedia":[{"embeddable":true,"href":"https:\/\/olemosaic.com\/fr\/wp-json\/wp\/v2\/media\/12660"}],"wp:attachment":[{"href":"https:\/\/olemosaic.com\/fr\/wp-json\/wp\/v2\/media?parent=27199"}],"wp:term":[{"taxonomy":"product_brand","embeddable":true,"href":"https:\/\/olemosaic.com\/fr\/wp-json\/wp\/v2\/product_brand?post=27199"},{"taxonomy":"product_cat","embeddable":true,"href":"https:\/\/olemosaic.com\/fr\/wp-json\/wp\/v2\/product_cat?post=27199"},{"taxonomy":"product_tag","embeddable":true,"href":"https:\/\/olemosaic.com\/fr\/wp-json\/wp\/v2\/product_tag?post=27199"}],"curies":[{"name":"wp","href":"https:\/\/api.w.org\/{rel}","templated":true}]}}