{"id":27198,"date":"2025-02-20T22:29:06","date_gmt":"2025-02-20T22:29:06","guid":{"rendered":"http:\/\/olemosaic.com\/producto\/funda-de-telefono-para-xiaomi-12-tpu-salamandra-barcelona-blanco\/"},"modified":"2025-07-25T18:42:13","modified_gmt":"2025-07-25T16:42:13","slug":"coque-de-telephone-pour-xiaomi-12-tpu-salamandre-barcelone-blanc","status":"publish","type":"product","link":"https:\/\/olemosaic.com\/fr\/produit\/coque-de-telephone-pour-xiaomi-12-tpu-salamandre-barcelone-blanc\/","title":{"rendered":"Coque de t\u00e9l\u00e9phone pour Xiaomi 12 (TPU). Salamandre. Barcelone. Blanc"},"content":{"rendered":"<p>Cette coque pour le Xiaomi 12 est un accessoire frappant qui fusionne fonctionnalit\u00e9 et style, inspir\u00e9 par la culture iconique de Barcelone. Fabriqu\u00e9e en TPU, son design robuste et l\u00e9ger prot\u00e8ge votre appareil tout en ajoutant une touche artistique \u00e0 votre quotidien. La coque pr\u00e9sente des illustrations vibrantes de salamandres, \u00e9voquant l&rsquo;\u0153uvre c\u00e9l\u00e8bre d&rsquo;Antoni Gaud\u00ed et cr\u00e9ant un lien visuel avec les mosa\u00efques qui ornent les monuments les plus embl\u00e9matiques de la ville.<\/p>\n<p>Sur un fond blanc qui fait ressortir chaque d\u00e9tail, les couleurs rouge, bleu et vert dominent, accompagn\u00e9es de divers \u00e9l\u00e9ments floraux qui ajoutent un air frais et joyeux. Le mot \u00ab\u00a0Barcelona\u00a0\u00bb appara\u00eet dans une typographie dynamique, dotant le design d&rsquo;une essence vive qui capture l&rsquo;atmosph\u00e8re de cette ville m\u00e9diterran\u00e9enne vibrante. Ce produit n&rsquo;est pas seulement une excellente option pour ceux qui recherchent une coque unique, mais aussi un fantastique souvenir de Barcelone, id\u00e9al pour les touristes souhaitant emporter avec eux un morceau de la riche culture catalane.<\/p>\n<p>Chez Ol\u00e9 Mosaic, nous nous sp\u00e9cialisons dans la distribution de souvenirs en gros, offrant des produits authentiques qui c\u00e9l\u00e8brent l&rsquo;h\u00e9ritage local. Ce design unique de coque de t\u00e9l\u00e9phone est parfait pour les boutiques de cadeaux touristiques recherchant des articles de qualit\u00e9 avec une signification culturelle. En tant que grossistes de coques, nous garantissons que chaque pi\u00e8ce allie artisanat, originalit\u00e9 et connexion avec l&rsquo;environnement.<\/p>\n","protected":false},"excerpt":{"rendered":"<p>Coque pour le Xiaomi 12 fabriqu\u00e9e en TPU, d\u00e9cor\u00e9e d&rsquo;illustrations vibrantes de salamandres \u00e9voquant l&rsquo;\u0153uvre de Gaud\u00ed, repr\u00e9sentant l&rsquo;iconique mosa\u00efque de Barcelone. Le design inclut divers \u00e9l\u00e9ments floraux en rouge, bleu et vert, sur un fond blanc qui met en valeur l&rsquo;esth\u00e9tique. Le mot \u00ab\u00a0Barcelona\u00a0\u00bb appara\u00eet dans une typographie joyeuse, ajoutant une touche dynamique. Id\u00e9ale pour ceux qui recherchent protection et un style distinctif inspir\u00e9 de la culture catalane.<\/p>\n","protected":false},"featured_media":12649,"template":"","meta":{"_acf_changed":false},"product_brand":[],"product_cat":[674],"product_tag":[530],"class_list":{"0":"post-27198","1":"product","2":"type-product","3":"status-publish","4":"has-post-thumbnail","6":"product_cat-etuis-pour-telephones-portables","7":"product_tag-animaux","8":"pa_ciudad-barcelona","9":"pa_motivo-salamandres","10":"pa_pais-espana","12":"first","13":"instock","14":"shipping-taxable","15":"product-type-simple"},"acf":[],"_links":{"self":[{"href":"https:\/\/olemosaic.com\/fr\/wp-json\/wp\/v2\/product\/27198","targetHints":{"allow":["GET"]}}],"collection":[{"href":"https:\/\/olemosaic.com\/fr\/wp-json\/wp\/v2\/product"}],"about":[{"href":"https:\/\/olemosaic.com\/fr\/wp-json\/wp\/v2\/types\/product"}],"wp:featuredmedia":[{"embeddable":true,"href":"https:\/\/olemosaic.com\/fr\/wp-json\/wp\/v2\/media\/12649"}],"wp:attachment":[{"href":"https:\/\/olemosaic.com\/fr\/wp-json\/wp\/v2\/media?parent=27198"}],"wp:term":[{"taxonomy":"product_brand","embeddable":true,"href":"https:\/\/olemosaic.com\/fr\/wp-json\/wp\/v2\/product_brand?post=27198"},{"taxonomy":"product_cat","embeddable":true,"href":"https:\/\/olemosaic.com\/fr\/wp-json\/wp\/v2\/product_cat?post=27198"},{"taxonomy":"product_tag","embeddable":true,"href":"https:\/\/olemosaic.com\/fr\/wp-json\/wp\/v2\/product_tag?post=27198"}],"curies":[{"name":"wp","href":"https:\/\/api.w.org\/{rel}","templated":true}]}}