{"id":27196,"date":"2025-02-20T22:29:05","date_gmt":"2025-02-20T22:29:05","guid":{"rendered":"http:\/\/olemosaic.com\/producto\/funda-de-telefono-para-samsung-a54-tpu-abstracto-negro\/"},"modified":"2025-07-25T19:03:20","modified_gmt":"2025-07-25T17:03:20","slug":"coque-de-telephone-pour-samsung-a54-tpu-abstrait-noir","status":"publish","type":"product","link":"https:\/\/olemosaic.com\/fr\/produit\/coque-de-telephone-pour-samsung-a54-tpu-abstrait-noir\/","title":{"rendered":"Coque de t\u00e9l\u00e9phone pour Samsung A54 (TPU). Abstrait. Noir"},"content":{"rendered":"<p>Cette coque pour le Samsung A54 est le compl\u00e9ment parfait pour ceux qui recherchent un design contemporain et vibrant. Fabriqu\u00e9e en TPU de haute qualit\u00e9, elle offre une excellente protection contre les chocs et les chutes, garantissant que votre appareil soit non seulement \u00e0 la mode, mais aussi prot\u00e9g\u00e9. Son design abstrait frappant sur fond noir se distingue par ses lignes douces et fluides dans des tons intenses de vert, rose, bleu et jaune, qui serpentent avec un effet dynamique, attirant l&rsquo;attention et donnant une touche artistique \u00e0 votre t\u00e9l\u00e9phone.<\/p>\n<p>Cette coque n&rsquo;est pas seulement un accessoire fonctionnel, mais aussi une expression de style qui refl\u00e8te la modernit\u00e9 et la cr\u00e9ativit\u00e9 actuelles. Id\u00e9ale pour les touristes et les locaux souhaitant emporter un souvenir unique de leur voyage vers des destinations o\u00f9 l&rsquo;art et le design contemporain prennent vie. La connexion culturelle de ce produit r\u00e9side dans son style, qui \u00e9voque l&rsquo;\u00e9nergie vibrante des grandes villes espagnoles, o\u00f9 l&rsquo;art abstrait et le design innovant sont en constante \u00e9volution.<\/p>\n<p>Chez Ol\u00e9 Mosaic, nous nous sp\u00e9cialisons dans la distribution de souvenirs en gros, offrant des produits qui allient authenticit\u00e9 et pertinence culturelle. Cette coque de t\u00e9l\u00e9phone est une excellente option pour les magasins recherchant des articles modernes et sophistiqu\u00e9s qui mettent en valeur la riche esth\u00e9tique contemporaine, en faisant un souvenir incontournable pour tout amateur de design. En tant que grossistes d&rsquo;accessoires technologiques, nous garantissons qualit\u00e9 et originalit\u00e9 dans chaque pi\u00e8ce.<\/p>\n","protected":false},"excerpt":{"rendered":"<p>Coque pour t\u00e9l\u00e9phone Samsung A54 fabriqu\u00e9e en TPU, avec un design abstrait sur fond noir. Cet accessoire se distingue par ses lignes de couleurs vibrantes qui serpentent dans des tons intenses de vert, rose, bleu et jaune, cr\u00e9ant un effet dynamique et moderne. Le mat\u00e9riau TPU offre une excellente protection contre les chocs et les chutes, garantissant que votre appareil soit toujours \u00e0 la mode et en s\u00e9curit\u00e9. Id\u00e9ale pour ceux qui recherchent une touche contemporaine et color\u00e9e pour leur t\u00e9l\u00e9phone.<\/p>\n","protected":false},"featured_media":12594,"template":"","meta":{"_acf_changed":false},"product_brand":[],"product_cat":[674],"product_tag":[],"class_list":{"0":"post-27196","1":"product","2":"type-product","3":"status-publish","4":"has-post-thumbnail","6":"product_cat-etuis-pour-telephones-portables","7":"pa_motivo-resume","9":"first","10":"instock","11":"shipping-taxable","12":"product-type-simple"},"acf":[],"_links":{"self":[{"href":"https:\/\/olemosaic.com\/fr\/wp-json\/wp\/v2\/product\/27196","targetHints":{"allow":["GET"]}}],"collection":[{"href":"https:\/\/olemosaic.com\/fr\/wp-json\/wp\/v2\/product"}],"about":[{"href":"https:\/\/olemosaic.com\/fr\/wp-json\/wp\/v2\/types\/product"}],"wp:featuredmedia":[{"embeddable":true,"href":"https:\/\/olemosaic.com\/fr\/wp-json\/wp\/v2\/media\/12594"}],"wp:attachment":[{"href":"https:\/\/olemosaic.com\/fr\/wp-json\/wp\/v2\/media?parent=27196"}],"wp:term":[{"taxonomy":"product_brand","embeddable":true,"href":"https:\/\/olemosaic.com\/fr\/wp-json\/wp\/v2\/product_brand?post=27196"},{"taxonomy":"product_cat","embeddable":true,"href":"https:\/\/olemosaic.com\/fr\/wp-json\/wp\/v2\/product_cat?post=27196"},{"taxonomy":"product_tag","embeddable":true,"href":"https:\/\/olemosaic.com\/fr\/wp-json\/wp\/v2\/product_tag?post=27196"}],"curies":[{"name":"wp","href":"https:\/\/api.w.org\/{rel}","templated":true}]}}