{"id":27195,"date":"2025-02-20T22:29:05","date_gmt":"2025-02-20T22:29:05","guid":{"rendered":"http:\/\/olemosaic.com\/producto\/funda-de-telefono-para-samsung-a54-tpu-mosaico-azul\/"},"modified":"2025-07-25T19:08:55","modified_gmt":"2025-07-25T17:08:55","slug":"coque-de-telephone-pour-samsung-a54-tpu-mosaique-bleu","status":"publish","type":"product","link":"https:\/\/olemosaic.com\/fr\/produit\/coque-de-telephone-pour-samsung-a54-tpu-mosaique-bleu\/","title":{"rendered":"Coque de t\u00e9l\u00e9phone pour Samsung A54 (TPU). Mosa\u00efque. Bleu"},"content":{"rendered":"<p>Cette coque pour le t\u00e9l\u00e9phone Samsung A54 est le compl\u00e9ment parfait pour ceux qui souhaitent allier style et protection au quotidien. Fabriqu\u00e9e en TPU flexible, cette coque assure une durabilit\u00e9 exceptionnelle face aux impacts et aux rayures, prot\u00e9geant efficacement votre appareil tout en ajoutant une touche artistique \u00e0 votre vie. Son design captivant pr\u00e9sente un motif de mosa\u00efque dans les tons bleus, enrichi d&rsquo;un motif stylis\u00e9 en blanc rappelant l&rsquo;art iconique du trencad\u00eds, typiquement associ\u00e9 \u00e0 la magie de l&rsquo;architecture de Gaud\u00ed \u00e0 Barcelone. Cette approche artistique non seulement embellit la coque, mais en fait \u00e9galement un v\u00e9ritable hommage au riche h\u00e9ritage culturel de la capitale catalane. \u00c9tant une option de souvenir authentique et repr\u00e9sentative, elle est id\u00e9ale pour les touristes \u00e0 la recherche d&rsquo;un souvenir significatif de leur voyage en Espagne. Chez Ol\u00e9 Mosaic, nous sommes des distributeurs d&rsquo;articles uniques en gros, et cette coque en mosa\u00efque s&rsquo;av\u00e8re \u00eatre un excellent ajout pour les boutiques de cadeaux touristiques recherchant des produits alliant fonctionnalit\u00e9 et beaut\u00e9 culturelle.<\/p>\n","protected":false},"excerpt":{"rendered":"<p>Coque pour t\u00e9l\u00e9phone Samsung A54, fabriqu\u00e9e en TPU et orn\u00e9e d&rsquo;un design attrayant de mosa\u00efque dans les tons bleus. Cette coque pr\u00e9sente un motif blanc stylis\u00e9 \u00e9voquant le c\u00e9l\u00e8bre art du trencad\u00eds, caract\u00e9ristique de l&rsquo;architecture de Gaud\u00ed \u00e0 Barcelone. Son mat\u00e9riau flexible offre une protection durable contre les chocs et les rayures, tandis que son design moderne apporte une touche artistique, id\u00e9ale pour ceux qui recherchent fonctionnalit\u00e9 et style au quotidien.<\/p>\n","protected":false},"featured_media":12589,"template":"","meta":{"_acf_changed":false},"product_brand":[],"product_cat":[674],"product_tag":[],"class_list":{"0":"post-27195","1":"product","2":"type-product","3":"status-publish","4":"has-post-thumbnail","6":"product_cat-etuis-pour-telephones-portables","7":"pa_motivo-mosaique","9":"first","10":"instock","11":"shipping-taxable","12":"product-type-simple"},"acf":[],"_links":{"self":[{"href":"https:\/\/olemosaic.com\/fr\/wp-json\/wp\/v2\/product\/27195","targetHints":{"allow":["GET"]}}],"collection":[{"href":"https:\/\/olemosaic.com\/fr\/wp-json\/wp\/v2\/product"}],"about":[{"href":"https:\/\/olemosaic.com\/fr\/wp-json\/wp\/v2\/types\/product"}],"wp:featuredmedia":[{"embeddable":true,"href":"https:\/\/olemosaic.com\/fr\/wp-json\/wp\/v2\/media\/12589"}],"wp:attachment":[{"href":"https:\/\/olemosaic.com\/fr\/wp-json\/wp\/v2\/media?parent=27195"}],"wp:term":[{"taxonomy":"product_brand","embeddable":true,"href":"https:\/\/olemosaic.com\/fr\/wp-json\/wp\/v2\/product_brand?post=27195"},{"taxonomy":"product_cat","embeddable":true,"href":"https:\/\/olemosaic.com\/fr\/wp-json\/wp\/v2\/product_cat?post=27195"},{"taxonomy":"product_tag","embeddable":true,"href":"https:\/\/olemosaic.com\/fr\/wp-json\/wp\/v2\/product_tag?post=27195"}],"curies":[{"name":"wp","href":"https:\/\/api.w.org\/{rel}","templated":true}]}}