{"id":27187,"date":"2025-02-20T22:29:05","date_gmt":"2025-02-20T22:29:05","guid":{"rendered":"http:\/\/olemosaic.com\/producto\/funda-de-telefono-para-samsung-a34-tpu-abstracto-azul\/"},"modified":"2025-07-25T20:38:57","modified_gmt":"2025-07-25T18:38:57","slug":"coque-de-telephone-pour-samsung-a34-tpu-abstrait-bleu","status":"publish","type":"product","link":"https:\/\/olemosaic.com\/fr\/produit\/coque-de-telephone-pour-samsung-a34-tpu-abstrait-bleu\/","title":{"rendered":"Coque de t\u00e9l\u00e9phone pour Samsung A34 (TPU). Abstrait. Bleu"},"content":{"rendered":"<p>Cette coque pour t\u00e9l\u00e9phone Samsung A34 est une pi\u00e8ce remarquable qui allie style et fonctionnalit\u00e9, id\u00e9ale pour ceux qui cherchent \u00e0 personnaliser leur appareil et \u00e0 le prot\u00e9ger. Fabriqu\u00e9e en TPU de haute qualit\u00e9, elle pr\u00e9sente un design abstrait attrayant qui m\u00e9lange des couleurs vibrantes comme le bleu, le vert, le jaune et le rouge, formant un motif captivant de losanges qui rehausse son esth\u00e9tique moderne et dynamique. Sa finition douce et flexible offre non seulement une excellente protection contre les chocs et les rayures, mais est \u00e9galement agr\u00e9able au toucher, garantissant un confort au quotidien. Cet article n&rsquo;est pas seulement un accessoire, mais un v\u00e9ritable souvenir qui connecte avec la cr\u00e9ativit\u00e9 et l&rsquo;art contemporain de l&rsquo;Espagne, un cadeau parfait pour les touristes et les voyageurs souhaitant emporter un petit fragment de la culture espagnole. Chez Ol\u00e9 Mosaic, en tant que distributeurs d&rsquo;accessoires en gros, nous proposons des produits authentiques qui encapsulent l&rsquo;essence du design moderne, ce qui en fait une excellente option pour les boutiques de cadeaux touristiques \u00e0 la recherche d&rsquo;articles originaux et attrayants. Cette coque de t\u00e9l\u00e9phone est un choix id\u00e9al pour ceux qui souhaitent fusionner esth\u00e9tique et praticit\u00e9 dans leur vie quotidienne.<\/p>\n","protected":false},"excerpt":{"rendered":"<p>Coque pour t\u00e9l\u00e9phone Samsung A34 fabriqu\u00e9e en TPU, avec un design abstrait combinant des couleurs vibrantes comme le bleu, le vert, le jaune et le rouge dans un motif de losanges. Sa finition douce et flexible offre une excellente protection contre les chocs et les rayures, tout en conservant un style moderne et attrayant. Id\u00e9ale pour ceux qui cherchent \u00e0 personnaliser leur appareil tout en le prot\u00e9geant, cette coque est une option frappante et fonctionnelle.<\/p>\n","protected":false},"featured_media":12570,"template":"","meta":{"_acf_changed":false},"product_brand":[],"product_cat":[674],"product_tag":[],"class_list":{"0":"post-27187","1":"product","2":"type-product","3":"status-publish","4":"has-post-thumbnail","6":"product_cat-etuis-pour-telephones-portables","7":"pa_motivo-resume","9":"first","10":"instock","11":"shipping-taxable","12":"product-type-simple"},"acf":[],"_links":{"self":[{"href":"https:\/\/olemosaic.com\/fr\/wp-json\/wp\/v2\/product\/27187","targetHints":{"allow":["GET"]}}],"collection":[{"href":"https:\/\/olemosaic.com\/fr\/wp-json\/wp\/v2\/product"}],"about":[{"href":"https:\/\/olemosaic.com\/fr\/wp-json\/wp\/v2\/types\/product"}],"wp:featuredmedia":[{"embeddable":true,"href":"https:\/\/olemosaic.com\/fr\/wp-json\/wp\/v2\/media\/12570"}],"wp:attachment":[{"href":"https:\/\/olemosaic.com\/fr\/wp-json\/wp\/v2\/media?parent=27187"}],"wp:term":[{"taxonomy":"product_brand","embeddable":true,"href":"https:\/\/olemosaic.com\/fr\/wp-json\/wp\/v2\/product_brand?post=27187"},{"taxonomy":"product_cat","embeddable":true,"href":"https:\/\/olemosaic.com\/fr\/wp-json\/wp\/v2\/product_cat?post=27187"},{"taxonomy":"product_tag","embeddable":true,"href":"https:\/\/olemosaic.com\/fr\/wp-json\/wp\/v2\/product_tag?post=27187"}],"curies":[{"name":"wp","href":"https:\/\/api.w.org\/{rel}","templated":true}]}}