{"id":27186,"date":"2025-02-20T22:29:05","date_gmt":"2025-02-20T22:29:05","guid":{"rendered":"http:\/\/olemosaic.com\/producto\/funda-de-telefono-para-samsung-a34-tpu-gato-barcelona-negro\/"},"modified":"2025-07-25T20:14:19","modified_gmt":"2025-07-25T18:14:19","slug":"coque-de-telephone-pour-samsung-a34-tpu-chat-barcelone-noir","status":"publish","type":"product","link":"https:\/\/olemosaic.com\/fr\/produit\/coque-de-telephone-pour-samsung-a34-tpu-chat-barcelone-noir\/","title":{"rendered":"Coque de t\u00e9l\u00e9phone pour Samsung A34 (TPU). Chat. Barcelone. Noir"},"content":{"rendered":"<p>Cette coque pour t\u00e9l\u00e9phone Samsung A34 est un accessoire vibrant qui fusionne protection et art, inspir\u00e9e par les impressionnantes mosa\u00efques de Barcelone. Fabriqu\u00e9e en TPU de haute qualit\u00e9, elle pr\u00e9sente un design captivant de chat, dont les formes g\u00e9om\u00e9triques et les couleurs vives \u2014 rouge, bleu, vert et jaune \u2014 \u00e9voquent l&rsquo;essence ludique et innovante de la ville. Autour du chat, des papillons aux tons vibrants ajoutent une touche de dynamisme et de joie, cr\u00e9ant une composition visuelle percutante sur un fond noir qui met encore plus en valeur l&rsquo;illustration.<\/p>\n<p>Le design n&rsquo;est pas seulement esth\u00e9tiquement attrayant, il rend \u00e9galement hommage \u00e0 l&rsquo;\u0153uvre c\u00e9l\u00e8bre d&rsquo;Antoni Gaud\u00ed, refl\u00e9tant le riche h\u00e9ritage culturel de Barcelone. L&rsquo;inclusion du texte \u00ab\u00a0Barcelona\u00a0\u00bb dans la partie inf\u00e9rieure renforce la connexion avec la ville, faisant de cette coque un souvenir parfait pour les touristes souhaitant emporter un petit morceau de la capitale catalane.<\/p>\n<p>Un produit id\u00e9al pour ceux qui recherchent un m\u00e9lange de fonctionnalit\u00e9 et de style, cette coque prot\u00e8ge non seulement l&rsquo;appareil contre les chocs et les chutes, mais agit \u00e9galement comme un rappel distinctif de l&rsquo;une des villes les plus vibrantes d&rsquo;Europe. Chez Ol\u00e9 Mosaic, nous distribuons des souvenirs authentiques, et cette coque chat de Barcelone est une excellente option pour les boutiques de cadeaux touristiques cherchant \u00e0 offrir des produits uniques et de qualit\u00e9.<\/p>\n","protected":false},"excerpt":{"rendered":"<p>Coque pour t\u00e9l\u00e9phone Samsung A34 en TPU, avec un design vibrant de chat inspir\u00e9 des mosa\u00efques de Barcelone. La coque pr\u00e9sente des couleurs vives comme le rouge, le bleu, le vert et le jaune, mettant en valeur des d\u00e9tails de papillons qui compl\u00e8tent la sc\u00e8ne. Le fond noir fait ressortir l&rsquo;illustration, tandis que le texte \u00ab\u00a0Barcelona\u00a0\u00bb en bas ajoute une touche distinctive. Id\u00e9ale pour prot\u00e9ger votre appareil avec une touche artistique et culturelle.<\/p>\n","protected":false},"featured_media":12572,"template":"","meta":{"_acf_changed":false},"product_brand":[],"product_cat":[674],"product_tag":[530],"class_list":{"0":"post-27186","1":"product","2":"type-product","3":"status-publish","4":"has-post-thumbnail","6":"product_cat-etuis-pour-telephones-portables","7":"product_tag-animaux","8":"pa_ciudad-barcelona","9":"pa_motivo-chats","10":"pa_pais-espana","12":"first","13":"instock","14":"shipping-taxable","15":"product-type-simple"},"acf":[],"_links":{"self":[{"href":"https:\/\/olemosaic.com\/fr\/wp-json\/wp\/v2\/product\/27186","targetHints":{"allow":["GET"]}}],"collection":[{"href":"https:\/\/olemosaic.com\/fr\/wp-json\/wp\/v2\/product"}],"about":[{"href":"https:\/\/olemosaic.com\/fr\/wp-json\/wp\/v2\/types\/product"}],"wp:featuredmedia":[{"embeddable":true,"href":"https:\/\/olemosaic.com\/fr\/wp-json\/wp\/v2\/media\/12572"}],"wp:attachment":[{"href":"https:\/\/olemosaic.com\/fr\/wp-json\/wp\/v2\/media?parent=27186"}],"wp:term":[{"taxonomy":"product_brand","embeddable":true,"href":"https:\/\/olemosaic.com\/fr\/wp-json\/wp\/v2\/product_brand?post=27186"},{"taxonomy":"product_cat","embeddable":true,"href":"https:\/\/olemosaic.com\/fr\/wp-json\/wp\/v2\/product_cat?post=27186"},{"taxonomy":"product_tag","embeddable":true,"href":"https:\/\/olemosaic.com\/fr\/wp-json\/wp\/v2\/product_tag?post=27186"}],"curies":[{"name":"wp","href":"https:\/\/api.w.org\/{rel}","templated":true}]}}