{"id":27172,"date":"2025-02-20T23:29:04","date_gmt":"2025-02-20T22:29:04","guid":{"rendered":"http:\/\/olemosaic.com\/producto\/funda-de-telefono-para-samsung-a23-tpu-panoramica-3\/"},"modified":"2025-07-25T20:39:23","modified_gmt":"2025-07-25T18:39:23","slug":"coque-de-telephone-pour-samsung-a23-tpu-panoramique-sagrada-familia","status":"publish","type":"product","link":"https:\/\/olemosaic.com\/fr\/produit\/coque-de-telephone-pour-samsung-a23-tpu-panoramique-sagrada-familia\/","title":{"rendered":"Coque de t\u00e9l\u00e9phone pour Samsung A23 (TPU). Panoramique. Sagrada Familia."},"content":{"rendered":"<p>Cette coque pour le t\u00e9l\u00e9phone Samsung A23 est une repr\u00e9sentation vibrante de la Barcelone magique, \u00e9labor\u00e9e en TPU r\u00e9sistant qui allie fonctionnalit\u00e9 et style. D\u00e9cor\u00e9e d&rsquo;une vue panoramique color\u00e9e, la coque met en avant l&#8217;embl\u00e9matique Sagrada Familia, symbole incontestable de l&rsquo;architecture d&rsquo;Antoni Gaud\u00ed, entour\u00e9e de palmiers exub\u00e9rants \u00e9voquant l&rsquo;ambiance m\u00e9diterran\u00e9enne. Le design inclut des illustrations all\u00e9goriques qui capturent l&rsquo;essence de la ville, compl\u00e9t\u00e9es par un fond bleu clair qui fait ressortir un soleil brillant et des oiseaux en plein vol, offrant une sensation de joie et de libert\u00e9 que l&rsquo;on ne ressent que sur les c\u00f4tes barcelonaises.<\/p>\n<p>Cette coque ne prot\u00e8ge pas seulement votre appareil, elle devient aussi un souvenir parfait de Barcelone, id\u00e9al pour ceux qui cherchent \u00e0 emporter un petit morceau de cette c\u00e9l\u00e8bre ville. Le lien culturel est \u00e9vident, car la Sagrada Familia repr\u00e9sente non seulement une attraction touristique, mais aussi le c\u0153ur de l&rsquo;identit\u00e9 catalane et son h\u00e9ritage artistique. Chez Ol\u00e9 Mosaic, nous nous sp\u00e9cialisons dans la distribution en gros de souvenirs authentiques et de qualit\u00e9, et cette coque est une excellente option pour les boutiques de cadeaux touristiques souhaitant proposer des produits c\u00e9l\u00e9brant la riche culture de Barcelone. En choisissant cette coque d\u00e9corative, vous n&rsquo;acqu\u00e9rez pas seulement un accessoire utile, mais un souvenir durable plein de sens et de connexion avec l&rsquo;une des villes les plus embl\u00e9matiques d&rsquo;Espagne.<\/p>\n","protected":false},"excerpt":{"rendered":"<p>Coque pour Samsung A23 en TPU, d\u00e9cor\u00e9e d&rsquo;une vue panoramique vibrante de Barcelone. Elle pr\u00e9sente des illustrations color\u00e9es de l&#8217;embl\u00e9matique Sagrada Familia, entour\u00e9e de palmiers et de d\u00e9tails \u00e9voquant l&rsquo;ambiance m\u00e9diterran\u00e9enne. Avec un fond bleu clair qui fait ressortir le soleil brillant et des oiseaux en plein vol, cette coque est une repr\u00e9sentation artistique et amusante de la ville, parfaite pour prot\u00e9ger votre appareil et montrer votre amour pour Barcelone.<\/p>\n","protected":false},"featured_media":12606,"template":"","meta":{"_acf_changed":false},"product_brand":[],"product_cat":[674],"product_tag":[],"class_list":{"0":"post-27172","1":"product","2":"type-product","3":"status-publish","4":"has-post-thumbnail","6":"product_cat-etuis-pour-telephones-portables","7":"pa_ciudad-barcelona","8":"pa_motivo-panoramas","9":"pa_pais-espana","11":"first","12":"instock","13":"shipping-taxable","14":"product-type-simple"},"acf":[],"_links":{"self":[{"href":"https:\/\/olemosaic.com\/fr\/wp-json\/wp\/v2\/product\/27172","targetHints":{"allow":["GET"]}}],"collection":[{"href":"https:\/\/olemosaic.com\/fr\/wp-json\/wp\/v2\/product"}],"about":[{"href":"https:\/\/olemosaic.com\/fr\/wp-json\/wp\/v2\/types\/product"}],"wp:featuredmedia":[{"embeddable":true,"href":"https:\/\/olemosaic.com\/fr\/wp-json\/wp\/v2\/media\/12606"}],"wp:attachment":[{"href":"https:\/\/olemosaic.com\/fr\/wp-json\/wp\/v2\/media?parent=27172"}],"wp:term":[{"taxonomy":"product_brand","embeddable":true,"href":"https:\/\/olemosaic.com\/fr\/wp-json\/wp\/v2\/product_brand?post=27172"},{"taxonomy":"product_cat","embeddable":true,"href":"https:\/\/olemosaic.com\/fr\/wp-json\/wp\/v2\/product_cat?post=27172"},{"taxonomy":"product_tag","embeddable":true,"href":"https:\/\/olemosaic.com\/fr\/wp-json\/wp\/v2\/product_tag?post=27172"}],"curies":[{"name":"wp","href":"https:\/\/api.w.org\/{rel}","templated":true}]}}