{"id":27171,"date":"2025-02-20T23:29:04","date_gmt":"2025-02-20T22:29:04","guid":{"rendered":"http:\/\/olemosaic.com\/producto\/funda-de-telefono-para-samsung-a23-tpu-panoramica-2\/"},"modified":"2025-07-25T20:39:52","modified_gmt":"2025-07-25T18:39:52","slug":"coque-de-telephone-pour-samsung-a23-tpu-panoramique-barcelone","status":"publish","type":"product","link":"https:\/\/olemosaic.com\/fr\/produit\/coque-de-telephone-pour-samsung-a23-tpu-panoramique-barcelone\/","title":{"rendered":"Coque de t\u00e9l\u00e9phone pour Samsung A23 (TPU). Panoramique. Barcelone."},"content":{"rendered":"<p>Cette coque pour le t\u00e9l\u00e9phone Samsung A23 est une repr\u00e9sentation \u00e9l\u00e9gante et fonctionnelle de l&rsquo;art et de la culture de Barcelone. Fabriqu\u00e9 en TPU, cet accessoire prot\u00e8ge non seulement votre appareil des chutes et des rayures, mais rehausse \u00e9galement son esth\u00e9tique avec un design vibrant \u00e9voquant les mosa\u00efques embl\u00e9matiques de Gaud\u00ed. La coque pr\u00e9sente une vue panoramique color\u00e9e incluant des \u00e9l\u00e9ments embl\u00e9matiques tels que la majestueuse Sagrada Familia et les paysages exub\u00e9rants du Park G\u00fcell, brillant dans une explosion de rouges, de bleus et de jaunes.<\/p>\n<p>La finition brillante de la coque souligne les d\u00e9tails artistiques, en faisant une pi\u00e8ce unique, id\u00e9ale pour ceux qui souhaitent emporter avec eux un morceau de la culture catalane. Chaque fois que vous utiliserez votre t\u00e9l\u00e9phone, il vous rappellera le charme de Barcelone et son architecture innovante. Ce souvenir est parfait pour les touristes \u00e0 la recherche d&rsquo;un souvenir authentique et repr\u00e9sentatif de la cit\u00e9 comtale.<\/p>\n<p>Chez Ol\u00e9 Mosaic, en tant que distributeur de coques de t\u00e9l\u00e9phone en gros, nous proposons des produits qui capturent l&rsquo;essence de la culture espagnole. Cette coque inspir\u00e9e de Barcelone est une excellente option pour les boutiques de cadeaux touristiques, offrant un article de qualit\u00e9 alliant fonctionnalit\u00e9 et art.<\/p>\n","protected":false},"excerpt":{"rendered":"<p>Coque pour t\u00e9l\u00e9phone Samsung A23 fabriqu\u00e9e en TPU, con\u00e7ue avec une vue panoramique vibrante de Barcelone. La coque pr\u00e9sente une finition aux couleurs \u00e9clatantes, inspir\u00e9e des mosa\u00efques embl\u00e9matiques de Gaud\u00ed, avec des motifs de la Sagrada Familia et du Park G\u00fcell, dans des tons rouges, bleus et jaunes. Le design, en plus de prot\u00e9ger l&rsquo;appareil, ajoute une touche artistique et distinctive, id\u00e9ale pour ceux qui souhaitent emporter un morceau de la culture catalane.<\/p>\n","protected":false},"featured_media":12599,"template":"","meta":{"_acf_changed":false},"product_brand":[],"product_cat":[674],"product_tag":[],"class_list":{"0":"post-27171","1":"product","2":"type-product","3":"status-publish","4":"has-post-thumbnail","6":"product_cat-etuis-pour-telephones-portables","7":"pa_ciudad-barcelona","8":"pa_motivo-panoramas","9":"pa_pais-espana","11":"first","12":"instock","13":"shipping-taxable","14":"product-type-simple"},"acf":[],"_links":{"self":[{"href":"https:\/\/olemosaic.com\/fr\/wp-json\/wp\/v2\/product\/27171","targetHints":{"allow":["GET"]}}],"collection":[{"href":"https:\/\/olemosaic.com\/fr\/wp-json\/wp\/v2\/product"}],"about":[{"href":"https:\/\/olemosaic.com\/fr\/wp-json\/wp\/v2\/types\/product"}],"wp:featuredmedia":[{"embeddable":true,"href":"https:\/\/olemosaic.com\/fr\/wp-json\/wp\/v2\/media\/12599"}],"wp:attachment":[{"href":"https:\/\/olemosaic.com\/fr\/wp-json\/wp\/v2\/media?parent=27171"}],"wp:term":[{"taxonomy":"product_brand","embeddable":true,"href":"https:\/\/olemosaic.com\/fr\/wp-json\/wp\/v2\/product_brand?post=27171"},{"taxonomy":"product_cat","embeddable":true,"href":"https:\/\/olemosaic.com\/fr\/wp-json\/wp\/v2\/product_cat?post=27171"},{"taxonomy":"product_tag","embeddable":true,"href":"https:\/\/olemosaic.com\/fr\/wp-json\/wp\/v2\/product_tag?post=27171"}],"curies":[{"name":"wp","href":"https:\/\/api.w.org\/{rel}","templated":true}]}}