{"id":27170,"date":"2025-02-20T22:29:04","date_gmt":"2025-02-20T22:29:04","guid":{"rendered":"http:\/\/olemosaic.com\/producto\/funda-de-telefono-para-samsung-a23-tpu-abstracto\/"},"modified":"2025-07-25T18:37:38","modified_gmt":"2025-07-25T16:37:38","slug":"coque-de-telephone-pour-samsung-a23-tpu-abstrait","status":"publish","type":"product","link":"https:\/\/olemosaic.com\/fr\/produit\/coque-de-telephone-pour-samsung-a23-tpu-abstrait\/","title":{"rendered":"Coque de t\u00e9l\u00e9phone pour Samsung A23 (TPU). Abstrait"},"content":{"rendered":"<p>Cette coque pour le Samsung A23 est un reflet vibrant de l&rsquo;\u00e9nergie et de la cr\u00e9ativit\u00e9 de Barcelone. Fabriqu\u00e9e en mat\u00e9riau TPU durable, elle prot\u00e8ge non seulement efficacement contre les chocs et les rayures, mais se distingue \u00e9galement par son design abstrait et color\u00e9. Avec une explosion de tons chauds et froids, les ondulations de couleur \u00e9voquent l&rsquo;essence dynamique de la ville, rappelant aux touristes et aux locaux la riche expression artistique que Barcelone offre. Au centre, les lettres \u00ab\u00a0Barcelona\u00a0\u00bb sont pr\u00e9sent\u00e9es dans un style moderne, se fondant parfaitement avec le fond artistique pour offrir une touche contemporaine et \u00e9l\u00e9gante. Ce design rehausse non seulement l&rsquo;apparence de l&rsquo;appareil, mais devient \u00e9galement une d\u00e9claration de style personnel. Id\u00e9al pour ceux qui cherchent \u00e0 prot\u00e9ger leur t\u00e9l\u00e9phone sans renoncer \u00e0 l&rsquo;esth\u00e9tique, ce souvenir est un rappel parfait de la culture catalane. Chez Ol\u00e9 Mosaic, nous nous sp\u00e9cialisons dans la distribution en gros d&rsquo;articles qui capturent l&rsquo;authenticit\u00e9 de chaque r\u00e9gion. Cette coque est un excellent ajout pour les boutiques de cadeaux touristiques souhaitant proposer des produits uniques et significatifs, repr\u00e9sentant l&rsquo;esprit innovant et color\u00e9 de Barcelone.<\/p>\n","protected":false},"excerpt":{"rendered":"<p>Coque de t\u00e9l\u00e9phone pour Samsung A23 en TPU avec un design abstrait \u00e9voquant l&rsquo;\u00e9nergie vibrante de Barcelone. Cette coque pr\u00e9sente une explosion de couleurs dans des tons chauds et froids, cr\u00e9ant un effet visuel dynamique qui souligne la cr\u00e9ativit\u00e9 de la ville. Les lettres \u00ab\u00a0Barcelona\u00a0\u00bb, dans un style moderne, s&rsquo;int\u00e8grent parfaitement au design, offrant une apparence contemporaine et stylis\u00e9e. Id\u00e9ale pour ceux qui recherchent protection et touche artistique pour leur appareil.<\/p>\n","protected":false},"featured_media":12607,"template":"","meta":{"_acf_changed":false},"product_brand":[],"product_cat":[674],"product_tag":[],"class_list":{"0":"post-27170","1":"product","2":"type-product","3":"status-publish","4":"has-post-thumbnail","6":"product_cat-etuis-pour-telephones-portables","7":"pa_ciudad-barcelona","8":"pa_motivo-resume","9":"pa_pais-espana","11":"first","12":"instock","13":"shipping-taxable","14":"product-type-simple"},"acf":[],"_links":{"self":[{"href":"https:\/\/olemosaic.com\/fr\/wp-json\/wp\/v2\/product\/27170","targetHints":{"allow":["GET"]}}],"collection":[{"href":"https:\/\/olemosaic.com\/fr\/wp-json\/wp\/v2\/product"}],"about":[{"href":"https:\/\/olemosaic.com\/fr\/wp-json\/wp\/v2\/types\/product"}],"wp:featuredmedia":[{"embeddable":true,"href":"https:\/\/olemosaic.com\/fr\/wp-json\/wp\/v2\/media\/12607"}],"wp:attachment":[{"href":"https:\/\/olemosaic.com\/fr\/wp-json\/wp\/v2\/media?parent=27170"}],"wp:term":[{"taxonomy":"product_brand","embeddable":true,"href":"https:\/\/olemosaic.com\/fr\/wp-json\/wp\/v2\/product_brand?post=27170"},{"taxonomy":"product_cat","embeddable":true,"href":"https:\/\/olemosaic.com\/fr\/wp-json\/wp\/v2\/product_cat?post=27170"},{"taxonomy":"product_tag","embeddable":true,"href":"https:\/\/olemosaic.com\/fr\/wp-json\/wp\/v2\/product_tag?post=27170"}],"curies":[{"name":"wp","href":"https:\/\/api.w.org\/{rel}","templated":true}]}}