{"id":27149,"date":"2025-02-20T22:29:04","date_gmt":"2025-02-20T22:29:04","guid":{"rendered":"http:\/\/olemosaic.com\/producto\/funda-de-telefono-para-samsung-a23-tpu-gato\/"},"modified":"2025-07-25T19:56:15","modified_gmt":"2025-07-25T17:56:15","slug":"coque-de-telephone-pour-samsung-a23-tpu-chat","status":"publish","type":"product","link":"https:\/\/olemosaic.com\/fr\/produit\/coque-de-telephone-pour-samsung-a23-tpu-chat\/","title":{"rendered":"Coque de t\u00e9l\u00e9phone pour Samsung A23 (TPU). Chat"},"content":{"rendered":"<p>Cette coque pour t\u00e9l\u00e9phone Samsung A23 est un v\u00e9ritable hommage au modernisme barcelonais, mettant en avant la figure iconique d&rsquo;un chat stylis\u00e9, orn\u00e9 d&rsquo;une mosa\u00efque de couleurs vibrantes. Fabriqu\u00e9e en TPU, cette coque prot\u00e8ge non seulement parfaitement contre les chocs et les rayures, mais constitue \u00e9galement un accessoire visuellement attrayant qui capture l&rsquo;essence artistique de la ville. L&rsquo;illustration principale montre le chat dans des tons brillants de rouge, bleu, vert et jaune, entour\u00e9 de papillons aux tons chauds qui apportent une touche de joie et de nature au design. Le fond, avec une texture blanche simulant des carreaux de fa\u00efence, \u00e9voque la c\u00e9l\u00e8bre \u0153uvre d&rsquo;Antoni Gaud\u00ed, int\u00e9grant le riche h\u00e9ritage culturel de Barcelone.<\/p>\n<p>Le texte \u00ab\u00a0Barcelona\u00a0\u00bb accentue son identit\u00e9 en tant que souvenir repr\u00e9sentatif de cette ville vibrante, ce qui en fait un excellent choix pour les touristes \u00e0 la recherche de souvenirs authentiques. Ce produit est id\u00e9al pour les boutiques de cadeaux touristiques souhaitant proposer des articles qui, en plus d&rsquo;\u00eatre fonctionnels, refl\u00e8tent une culture riche. Chez Ol\u00e9 Mosaic, sp\u00e9cialis\u00e9s dans la distribution de souvenirs en gros, nous garantissons que cette coque de t\u00e9l\u00e9phone n&rsquo;est pas seulement un accessoire utile, mais un v\u00e9ritable morceau de la magie de Barcelone. Avec nos coques, les souvenirs de cette ville embl\u00e9matique deviennent accessibles et pratiques, fusionnant art et fonctionnalit\u00e9 dans chaque d\u00e9tail.<\/p>\n","protected":false},"excerpt":{"rendered":"<p>Coque pour t\u00e9l\u00e9phone Samsung A23 fabriqu\u00e9e en TPU, d\u00e9cor\u00e9e d&rsquo;un design color\u00e9 d&rsquo;un chat inspir\u00e9 du modernisme barcelonais. L&rsquo;illustration montre un chat stylis\u00e9 avec une mosa\u00efque vibrante de couleurs, entour\u00e9 de papillons dans les tons rouges et jaunes, sur un fond blanc avec une texture simulant des carreaux de fa\u00efence. Le produit inclut le mot \u00ab\u00a0Barcelona\u00a0\u00bb, capturant l&rsquo;essence artistique et culturelle de la ville dans un accessoire fonctionnel et attrayant.<\/p>\n","protected":false},"featured_media":12596,"template":"","meta":{"_acf_changed":false},"product_brand":[],"product_cat":[674],"product_tag":[530],"class_list":{"0":"post-27149","1":"product","2":"type-product","3":"status-publish","4":"has-post-thumbnail","6":"product_cat-etuis-pour-telephones-portables","7":"product_tag-animaux","8":"pa_ciudad-barcelona","9":"pa_motivo-chats","10":"pa_pais-espana","12":"first","13":"instock","14":"shipping-taxable","15":"product-type-simple"},"acf":[],"_links":{"self":[{"href":"https:\/\/olemosaic.com\/fr\/wp-json\/wp\/v2\/product\/27149","targetHints":{"allow":["GET"]}}],"collection":[{"href":"https:\/\/olemosaic.com\/fr\/wp-json\/wp\/v2\/product"}],"about":[{"href":"https:\/\/olemosaic.com\/fr\/wp-json\/wp\/v2\/types\/product"}],"wp:featuredmedia":[{"embeddable":true,"href":"https:\/\/olemosaic.com\/fr\/wp-json\/wp\/v2\/media\/12596"}],"wp:attachment":[{"href":"https:\/\/olemosaic.com\/fr\/wp-json\/wp\/v2\/media?parent=27149"}],"wp:term":[{"taxonomy":"product_brand","embeddable":true,"href":"https:\/\/olemosaic.com\/fr\/wp-json\/wp\/v2\/product_brand?post=27149"},{"taxonomy":"product_cat","embeddable":true,"href":"https:\/\/olemosaic.com\/fr\/wp-json\/wp\/v2\/product_cat?post=27149"},{"taxonomy":"product_tag","embeddable":true,"href":"https:\/\/olemosaic.com\/fr\/wp-json\/wp\/v2\/product_tag?post=27149"}],"curies":[{"name":"wp","href":"https:\/\/api.w.org\/{rel}","templated":true}]}}