{"id":27147,"date":"2025-02-20T22:29:04","date_gmt":"2025-02-20T22:29:04","guid":{"rendered":"http:\/\/olemosaic.com\/producto\/funda-de-telefono-para-samsung-a23-tpu-mosaico-2\/"},"modified":"2025-07-25T20:08:25","modified_gmt":"2025-07-25T18:08:25","slug":"coque-de-telephone-pour-samsung-a23-tpu-mosaique-fr","status":"publish","type":"product","link":"https:\/\/olemosaic.com\/fr\/produit\/coque-de-telephone-pour-samsung-a23-tpu-mosaique-fr\/","title":{"rendered":"Coque de t\u00e9l\u00e9phone pour Samsung A23 (TPU). Mosa\u00efque"},"content":{"rendered":"<p>Cette coque pour Samsung A23 est la combinaison parfaite entre design contemporain et protection fonctionnelle. Fabriqu\u00e9e en TPU, elle se distingue par son design de mosa\u00efque \u00e9l\u00e9gant et attrayant dans les tons bleus et blancs, inspir\u00e9 par les mosa\u00efques iconiques de l&rsquo;architecture espagnole, comme celles qui ornent les c\u00e9l\u00e8bres patios andalous et les chefs-d&rsquo;\u0153uvre de Gaud\u00ed. Ce motif apporte non seulement une touche artistique \u00e0 votre appareil, mais \u00e9voque \u00e9galement le riche h\u00e9ritage culturel de l&rsquo;Espagne, en faisant un excellent souvenir pour ceux qui souhaitent emporter avec eux un petit morceau de cette tradition.<\/p>\n<p>La coque garantit une protection l\u00e9g\u00e8re et durable, id\u00e9ale pour prot\u00e9ger votre t\u00e9l\u00e9phone des chocs et des rayures lors d&rsquo;une utilisation quotidienne. Gr\u00e2ce \u00e0 son ajustement pr\u00e9cis, elle permet un acc\u00e8s pratique \u00e0 tous les ports et boutons, assurant une exp\u00e9rience pratique et sans complication. Ce produit est une option exceptionnelle pour les boutiques de cadeaux touristiques cherchant \u00e0 offrir des souvenirs authentiques et fonctionnels. Chez Ol\u00e9 Mosaic, nous sommes fiers d&rsquo;\u00eatre des distributeurs de souvenirs de qualit\u00e9, et cette coque repr\u00e9sente la fusion parfaite entre art, culture et technologie. Miser sur nos coques en gros, c&rsquo;est s&rsquo;assurer de disposer de produits uniques qui capteront l&rsquo;int\u00e9r\u00eat des touristes et c\u00e9l\u00e9breront l&rsquo;essence de l&rsquo;Espagne.<\/p>\n","protected":false},"excerpt":{"rendered":"<p>Coque de t\u00e9l\u00e9phone pour Samsung A23 fabriqu\u00e9e en TPU, d\u00e9cor\u00e9e d&rsquo;un design de mosa\u00efque attrayant dans les tons bleus et blancs. Ce motif, inspir\u00e9 des mosa\u00efques iconiques de l&rsquo;architecture espagnole, apporte une touche contemporaine et artistique. La coque offre une protection l\u00e9g\u00e8re et durable, id\u00e9ale pour prot\u00e9ger votre appareil des chocs et des rayures, tout en mettant en valeur la beaut\u00e9 du design traditionnel. Son ajustement pr\u00e9cis garantit un acc\u00e8s facile \u00e0 tous les ports et boutons.<\/p>\n","protected":false},"featured_media":12609,"template":"","meta":{"_acf_changed":false},"product_brand":[],"product_cat":[674],"product_tag":[],"class_list":{"0":"post-27147","1":"product","2":"type-product","3":"status-publish","4":"has-post-thumbnail","6":"product_cat-etuis-pour-telephones-portables","7":"pa_motivo-mosaique","9":"first","10":"instock","11":"shipping-taxable","12":"product-type-simple"},"acf":[],"_links":{"self":[{"href":"https:\/\/olemosaic.com\/fr\/wp-json\/wp\/v2\/product\/27147","targetHints":{"allow":["GET"]}}],"collection":[{"href":"https:\/\/olemosaic.com\/fr\/wp-json\/wp\/v2\/product"}],"about":[{"href":"https:\/\/olemosaic.com\/fr\/wp-json\/wp\/v2\/types\/product"}],"wp:featuredmedia":[{"embeddable":true,"href":"https:\/\/olemosaic.com\/fr\/wp-json\/wp\/v2\/media\/12609"}],"wp:attachment":[{"href":"https:\/\/olemosaic.com\/fr\/wp-json\/wp\/v2\/media?parent=27147"}],"wp:term":[{"taxonomy":"product_brand","embeddable":true,"href":"https:\/\/olemosaic.com\/fr\/wp-json\/wp\/v2\/product_brand?post=27147"},{"taxonomy":"product_cat","embeddable":true,"href":"https:\/\/olemosaic.com\/fr\/wp-json\/wp\/v2\/product_cat?post=27147"},{"taxonomy":"product_tag","embeddable":true,"href":"https:\/\/olemosaic.com\/fr\/wp-json\/wp\/v2\/product_tag?post=27147"}],"curies":[{"name":"wp","href":"https:\/\/api.w.org\/{rel}","templated":true}]}}