{"id":27146,"date":"2025-02-20T22:29:04","date_gmt":"2025-02-20T22:29:04","guid":{"rendered":"http:\/\/olemosaic.com\/producto\/funda-de-telefono-para-samsung-a23-tpu-panoramica\/"},"modified":"2025-07-25T20:39:04","modified_gmt":"2025-07-25T18:39:04","slug":"coque-de-telephone-pour-samsung-a23-tpu-panoramique","status":"publish","type":"product","link":"https:\/\/olemosaic.com\/fr\/produit\/coque-de-telephone-pour-samsung-a23-tpu-panoramique\/","title":{"rendered":"Coque de t\u00e9l\u00e9phone pour Samsung A23 (TPU). Panoramique"},"content":{"rendered":"<p>Cette coque pour t\u00e9l\u00e9phone Samsung A23 est le souvenir id\u00e9al pour ceux qui souhaitent emporter un morceau de Barcelone. Fabriqu\u00e9e en TPU, elle offre une combinaison parfaite de durabilit\u00e9 et de flexibilit\u00e9, garantissant la protection de l&rsquo;appareil sans renoncer au style. Le design pr\u00e9sente un panorama color\u00e9 de Barcelone, mettant en avant des \u00e9l\u00e9ments iconiques de la ville, tels que l&rsquo;impressionnante Sagrada Familia et la c\u00e9l\u00e8bre mosa\u00efque de Gaud\u00ed, qui repr\u00e9sentent le riche h\u00e9ritage architectural et artistique faisant de la ville une destination in\u00e9gal\u00e9e. Le fond bleu clair \u00e9voque la s\u00e9r\u00e9nit\u00e9 de la mer M\u00e9diterran\u00e9e, cr\u00e9ant un contraste vibrant avec les b\u00e2timents color\u00e9s et les formes stylis\u00e9es qui ornent la coque. Le mot \u00ab\u00a0Barcelona\u00a0\u00bb appara\u00eet dans un style graphique moderne, ajoutant une touche contemporaine et artistique qui attirera les amateurs de culture urbaine. Cet accessoire n&rsquo;est pas seulement fonctionnel, il agit \u00e9galement comme un souvenir repr\u00e9sentatif de la capitale catalane, parfait pour ceux qui recherchent des souvenirs authentiques ayant une signification culturelle. Chez Ol\u00e9 Mosaic, nous nous sp\u00e9cialisons dans la distribution de produits distinctifs, et cette coque est un choix id\u00e9al pour les boutiques de cadeaux touristiques recherchant des articles attrayants et authentiques.<\/p>\n","protected":false},"excerpt":{"rendered":"<p>Coque pour t\u00e9l\u00e9phone Samsung A23 fabriqu\u00e9e en TPU avec un panorama color\u00e9 de Barcelone. Cette coque se distingue par son design vibrant, incluant des \u00e9l\u00e9ments iconiques de la ville comme la Sagrada Familia et la c\u00e9l\u00e8bre mosa\u00efque de Gaud\u00ed. Avec un fond bleu clair \u00e9voquant la mer M\u00e9diterran\u00e9e, le mot \u00ab\u00a0Barcelona\u00a0\u00bb s&rsquo;int\u00e8gre dans un style graphique attrayant, ajoutant une touche moderne et artistique. Son mat\u00e9riau TPU garantit protection et durabilit\u00e9, ce qui en fait un choix id\u00e9al pour les amoureux de la cit\u00e9 comtale.<\/p>\n","protected":false},"featured_media":12604,"template":"","meta":{"_acf_changed":false},"product_brand":[],"product_cat":[674],"product_tag":[],"class_list":{"0":"post-27146","1":"product","2":"type-product","3":"status-publish","4":"has-post-thumbnail","6":"product_cat-etuis-pour-telephones-portables","7":"pa_ciudad-barcelona","8":"pa_motivo-panoramas","9":"pa_pais-espana","11":"first","12":"instock","13":"shipping-taxable","14":"product-type-simple"},"acf":[],"_links":{"self":[{"href":"https:\/\/olemosaic.com\/fr\/wp-json\/wp\/v2\/product\/27146","targetHints":{"allow":["GET"]}}],"collection":[{"href":"https:\/\/olemosaic.com\/fr\/wp-json\/wp\/v2\/product"}],"about":[{"href":"https:\/\/olemosaic.com\/fr\/wp-json\/wp\/v2\/types\/product"}],"wp:featuredmedia":[{"embeddable":true,"href":"https:\/\/olemosaic.com\/fr\/wp-json\/wp\/v2\/media\/12604"}],"wp:attachment":[{"href":"https:\/\/olemosaic.com\/fr\/wp-json\/wp\/v2\/media?parent=27146"}],"wp:term":[{"taxonomy":"product_brand","embeddable":true,"href":"https:\/\/olemosaic.com\/fr\/wp-json\/wp\/v2\/product_brand?post=27146"},{"taxonomy":"product_cat","embeddable":true,"href":"https:\/\/olemosaic.com\/fr\/wp-json\/wp\/v2\/product_cat?post=27146"},{"taxonomy":"product_tag","embeddable":true,"href":"https:\/\/olemosaic.com\/fr\/wp-json\/wp\/v2\/product_tag?post=27146"}],"curies":[{"name":"wp","href":"https:\/\/api.w.org\/{rel}","templated":true}]}}