{"id":27145,"date":"2025-02-20T22:29:03","date_gmt":"2025-02-20T22:29:03","guid":{"rendered":"http:\/\/olemosaic.com\/producto\/funda-de-telefono-para-samsung-a23-tpu-salamandra\/"},"modified":"2025-07-25T19:20:54","modified_gmt":"2025-07-25T17:20:54","slug":"coque-de-telephone-pour-samsung-a23-tpu-salamandre","status":"publish","type":"product","link":"https:\/\/olemosaic.com\/fr\/produit\/coque-de-telephone-pour-samsung-a23-tpu-salamandre\/","title":{"rendered":"Coque de t\u00e9l\u00e9phone pour Samsung A23 (TPU). Salamandre"},"content":{"rendered":"<p>Cette coque pour t\u00e9l\u00e9phone Samsung A23 (TPU) est un accessoire unique qui fusionne \u00e9l\u00e9gance et protection, inspir\u00e9 par l&rsquo;art iconique des mosa\u00efques de Barcelone. D\u00e9cor\u00e9e de salamandres vibrantes dans une palette de couleurs vives, cette coque se distingue par ses motifs complexes qui rendent hommage au style de Gaud\u00ed. Les salamandres, aux tons multicolores, sont entour\u00e9es de d\u00e9licates fleurs d\u00e9coratives, cr\u00e9ant une composition visuelle qui \u00e9voque la beaut\u00e9 des \u00e9l\u00e9ments naturels de la cit\u00e9 comtale. La base sombre de la coque ne met pas seulement en valeur les couleurs \u00e9clatantes des motifs, mais offre \u00e9galement une ambiance sophistiqu\u00e9e qui attirera ceux qui recherchent un accessoire \u00e0 la fois esth\u00e9tique et fonctionnel.<\/p>\n<p>Fabriqu\u00e9e en mat\u00e9riau TPU r\u00e9sistant, elle garantit durabilit\u00e9 et un ajustement parfait pour le Samsung A23, offrant la tranquillit\u00e9 d&rsquo;esprit que votre t\u00e9l\u00e9phone sera prot\u00e9g\u00e9 contre les chocs et les rayures. Ce souvenir de Barcelone n&rsquo;est pas seulement un accessoire pratique, mais aussi un souvenir significatif du riche patrimoine culturel de la ville. En choisissant cette coque, les touristes acqui\u00e8rent une partie de l&rsquo;h\u00e9ritage de Gaud\u00ed, symbolisant l&#8217;empreinte artistique et le style incomparable de Barcelone. Chez Ol\u00e9 Mosaic, notre engagement est d&rsquo;offrir des produits authentiques en gros, comme cette coque salamandre, id\u00e9ale pour les boutiques de cadeaux touristiques \u00e0 la recherche de souvenirs alliant fonctionnalit\u00e9 et art.<\/p>\n","protected":false},"excerpt":{"rendered":"<p>Coque pour t\u00e9l\u00e9phone Samsung A23 (TPU) d\u00e9cor\u00e9e de salamandres vibrantes, inspir\u00e9e des mosa\u00efques de Barcelone. Cet \u00e9l\u00e9gant accessoire de protection pr\u00e9sente des salamandres aux couleurs \u00e9clatantes, entour\u00e9es de fleurs d\u00e9coratives, imitant le style artistique de Gaud\u00ed. Fabriqu\u00e9e en TPU r\u00e9sistant, elle offre durabilit\u00e9 et un ajustement parfait. La base sombre rehausse les couleurs vives du design, faisant de cette coque un compl\u00e9ment attrayant et fonctionnel pour tout amoureux de la ville.<\/p>\n","protected":false},"featured_media":12611,"template":"","meta":{"_acf_changed":false},"product_brand":[],"product_cat":[674],"product_tag":[530],"class_list":{"0":"post-27145","1":"product","2":"type-product","3":"status-publish","4":"has-post-thumbnail","6":"product_cat-etuis-pour-telephones-portables","7":"product_tag-animaux","8":"pa_ciudad-barcelona","9":"pa_motivo-salamandres","10":"pa_pais-espana","12":"first","13":"instock","14":"shipping-taxable","15":"product-type-simple"},"acf":[],"_links":{"self":[{"href":"https:\/\/olemosaic.com\/fr\/wp-json\/wp\/v2\/product\/27145","targetHints":{"allow":["GET"]}}],"collection":[{"href":"https:\/\/olemosaic.com\/fr\/wp-json\/wp\/v2\/product"}],"about":[{"href":"https:\/\/olemosaic.com\/fr\/wp-json\/wp\/v2\/types\/product"}],"wp:featuredmedia":[{"embeddable":true,"href":"https:\/\/olemosaic.com\/fr\/wp-json\/wp\/v2\/media\/12611"}],"wp:attachment":[{"href":"https:\/\/olemosaic.com\/fr\/wp-json\/wp\/v2\/media?parent=27145"}],"wp:term":[{"taxonomy":"product_brand","embeddable":true,"href":"https:\/\/olemosaic.com\/fr\/wp-json\/wp\/v2\/product_brand?post=27145"},{"taxonomy":"product_cat","embeddable":true,"href":"https:\/\/olemosaic.com\/fr\/wp-json\/wp\/v2\/product_cat?post=27145"},{"taxonomy":"product_tag","embeddable":true,"href":"https:\/\/olemosaic.com\/fr\/wp-json\/wp\/v2\/product_tag?post=27145"}],"curies":[{"name":"wp","href":"https:\/\/api.w.org\/{rel}","templated":true}]}}