{"id":27139,"date":"2025-02-20T22:29:03","date_gmt":"2025-02-20T22:29:03","guid":{"rendered":"http:\/\/olemosaic.com\/producto\/funda-de-telefono-para-samsung-a14-tpu-sagrada-familia-barcelona-azul\/"},"modified":"2025-07-25T18:54:07","modified_gmt":"2025-07-25T16:54:07","slug":"coque-de-telephone-pour-samsung-a14-tpu-sagrada-familia-barcelone-bleu","status":"publish","type":"product","link":"https:\/\/olemosaic.com\/fr\/produit\/coque-de-telephone-pour-samsung-a14-tpu-sagrada-familia-barcelone-bleu\/","title":{"rendered":"Coque de t\u00e9l\u00e9phone pour Samsung A14 (TPU). Sagrada Familia. Barcelone. Bleu"},"content":{"rendered":"<p>Cette coque pour t\u00e9l\u00e9phone Samsung A14 est une \u0153uvre d&rsquo;art fonctionnelle qui fusionne style et culture. Fabriqu\u00e9e avec du TPU de haute qualit\u00e9, elle garantit la protection de l&rsquo;appareil contre les chutes et les chocs, tout en pr\u00e9sentant une illustration vibrante de l&#8217;embl\u00e9matique Sagrada Familia de Barcelone. Le design se distingue par un fond bleu captivant qui met en valeur les singularit\u00e9s architecturales de Gaud\u00ed, avec ses tours orn\u00e9es de mosa\u00efques color\u00e9es et de d\u00e9tails d\u00e9coratifs \u00e9voquant la beaut\u00e9 de ce chef-d&rsquo;\u0153uvre du modernisme catalan. Dans la partie inf\u00e9rieure de la coque, le mot \u00ab\u00a0Barcelona\u00a0\u00bb est \u00e9l\u00e9gamment imprim\u00e9, ajoutant une touche distinctive qui relie les utilisateurs au riche patrimoine culturel de la ville.<\/p>\n<p>Ce souvenir n&rsquo;est pas seulement un accessoire pour le quotidien, mais un souvenir authentique qui encapsule l&rsquo;essence de la cit\u00e9 comtale, id\u00e9al pour ceux qui souhaitent emporter un morceau de Barcelone avec eux. Son design attrayant en fait un choix parfait tant pour les touristes que pour les locaux \u00e0 la recherche de souvenirs significatifs et repr\u00e9sentatifs. Chez Ol\u00e9 Mosaic, nous sommes grossistes de souvenirs authentiques et cette coque de t\u00e9l\u00e9phone est une option id\u00e9ale pour les boutiques de cadeaux touristiques souhaitant proposer des produits exclusifs c\u00e9l\u00e9brant la culture espagnole.<\/p>\n","protected":false},"excerpt":{"rendered":"<p>Coque pour t\u00e9l\u00e9phone Samsung A14 fabriqu\u00e9e en TPU, orn\u00e9e d&rsquo;une illustration vibrante de l&#8217;embl\u00e9matique Sagrada Familia de Barcelone. Elle pr\u00e9sente un fond bleu et des d\u00e9tails aux tons chauds qui soulignent l&rsquo;architecture singuli\u00e8re de Gaud\u00ed, montrant ses tours avec des mosa\u00efques color\u00e9es et des \u00e9l\u00e9ments ornementaux. Le mot \u00ab\u00a0Barcelona\u00a0\u00bb est \u00e9l\u00e9gamment imprim\u00e9, apportant une touche distinctive \u00e0 cette coque, id\u00e9ale pour prot\u00e9ger votre appareil avec style et un clin d&rsquo;\u0153il culturel.<\/p>\n","protected":false},"featured_media":12545,"template":"","meta":{"_acf_changed":false},"product_brand":[],"product_cat":[674],"product_tag":[],"class_list":{"0":"post-27139","1":"product","2":"type-product","3":"status-publish","4":"has-post-thumbnail","6":"product_cat-etuis-pour-telephones-portables","7":"pa_ciudad-barcelona","8":"pa_motivo-sagrada-familia","9":"pa_pais-espana","11":"first","12":"instock","13":"shipping-taxable","14":"product-type-simple"},"acf":[],"_links":{"self":[{"href":"https:\/\/olemosaic.com\/fr\/wp-json\/wp\/v2\/product\/27139","targetHints":{"allow":["GET"]}}],"collection":[{"href":"https:\/\/olemosaic.com\/fr\/wp-json\/wp\/v2\/product"}],"about":[{"href":"https:\/\/olemosaic.com\/fr\/wp-json\/wp\/v2\/types\/product"}],"wp:featuredmedia":[{"embeddable":true,"href":"https:\/\/olemosaic.com\/fr\/wp-json\/wp\/v2\/media\/12545"}],"wp:attachment":[{"href":"https:\/\/olemosaic.com\/fr\/wp-json\/wp\/v2\/media?parent=27139"}],"wp:term":[{"taxonomy":"product_brand","embeddable":true,"href":"https:\/\/olemosaic.com\/fr\/wp-json\/wp\/v2\/product_brand?post=27139"},{"taxonomy":"product_cat","embeddable":true,"href":"https:\/\/olemosaic.com\/fr\/wp-json\/wp\/v2\/product_cat?post=27139"},{"taxonomy":"product_tag","embeddable":true,"href":"https:\/\/olemosaic.com\/fr\/wp-json\/wp\/v2\/product_tag?post=27139"}],"curies":[{"name":"wp","href":"https:\/\/api.w.org\/{rel}","templated":true}]}}