{"id":27137,"date":"2025-02-20T22:29:03","date_gmt":"2025-02-20T22:29:03","guid":{"rendered":"http:\/\/olemosaic.com\/producto\/funda-de-telefono-para-samsung-a14-tpu-gato-barcelona-blanco\/"},"modified":"2025-07-25T19:57:40","modified_gmt":"2025-07-25T17:57:40","slug":"coque-de-telephone-pour-samsung-a14-tpu-chat-barcelone-blanc","status":"publish","type":"product","link":"https:\/\/olemosaic.com\/fr\/produit\/coque-de-telephone-pour-samsung-a14-tpu-chat-barcelone-blanc\/","title":{"rendered":"Coque de t\u00e9l\u00e9phone pour Samsung A14 (TPU). Chat. Barcelone. Blanc"},"content":{"rendered":"<p>Cette coque pour t\u00e9l\u00e9phone Samsung A14 est un souvenir embl\u00e9matique de Barcelone qui fusionne fonctionnalit\u00e9 et art. Fabriqu\u00e9e en TPU de haute qualit\u00e9, elle garantit une protection efficace contre les chocs et les chutes, assurant l&rsquo;int\u00e9grit\u00e9 de votre appareil. Son design vibrant et color\u00e9 pr\u00e9sente un chat stylis\u00e9 en mosa\u00efque, inspir\u00e9 de la c\u00e9l\u00e8bre architecture de la ville, sur un fond blanc qui imite le trencad\u00eds caract\u00e9ristique des \u0153uvres de Gaud\u00ed. Ce chat, compos\u00e9 d&rsquo;un motif attrayant de carreaux dans les tons rouges, bleus, jaunes et verts, est compl\u00e9t\u00e9 par de d\u00e9licats papillons qui apportent une touche de fra\u00eecheur et de dynamisme.<\/p>\n<p>Le design de cette coque ne c\u00e9l\u00e8bre pas seulement la richesse culturelle de Barcelone, mais agit \u00e9galement comme un souvenir visuel et \u00e9motionnel de la ville. Elle est id\u00e9ale pour les touristes qui cherchent \u00e0 emporter un petit morceau de la vibrante culture catalane, alliant art et praticit\u00e9 en un seul produit. Chez Ol\u00e9 Mosaic, nous nous sp\u00e9cialisons dans la distribution de souvenirs en gros, offrant des articles authentiques qui refl\u00e8tent l&rsquo;essence de chaque r\u00e9gion. Cette coque pour t\u00e9l\u00e9phone est, sans aucun doute, une excellente option pour les boutiques de cadeaux touristiques souhaitant proposer des produits uniques et repr\u00e9sentatifs de Barcelone, garantissant style et qualit\u00e9.<\/p>\n","protected":false},"excerpt":{"rendered":"<p>Coque pour t\u00e9l\u00e9phone Samsung A14 fabriqu\u00e9e en TPU, avec un design color\u00e9 repr\u00e9sentant un chat stylis\u00e9 en mosa\u00efque, inspir\u00e9 de l&rsquo;architecture de Barcelone. La coque pr\u00e9sente un fond blanc avec un motif de carreaux rappelant le trencad\u00eds, tandis que le chat et les papillons sont soigneusement d\u00e9limit\u00e9s dans des tons vibrants de rouge, bleu, jaune et vert. Cet article offre non seulement une protection, mais int\u00e8gre \u00e9galement un \u00e9l\u00e9ment artistique de la culture catalane.<\/p>\n","protected":false},"featured_media":12536,"template":"","meta":{"_acf_changed":false},"product_brand":[],"product_cat":[674],"product_tag":[530],"class_list":{"0":"post-27137","1":"product","2":"type-product","3":"status-publish","4":"has-post-thumbnail","6":"product_cat-etuis-pour-telephones-portables","7":"product_tag-animaux","8":"pa_ciudad-barcelona","9":"pa_motivo-chats","10":"pa_pais-espana","12":"first","13":"instock","14":"shipping-taxable","15":"product-type-simple"},"acf":[],"_links":{"self":[{"href":"https:\/\/olemosaic.com\/fr\/wp-json\/wp\/v2\/product\/27137","targetHints":{"allow":["GET"]}}],"collection":[{"href":"https:\/\/olemosaic.com\/fr\/wp-json\/wp\/v2\/product"}],"about":[{"href":"https:\/\/olemosaic.com\/fr\/wp-json\/wp\/v2\/types\/product"}],"wp:featuredmedia":[{"embeddable":true,"href":"https:\/\/olemosaic.com\/fr\/wp-json\/wp\/v2\/media\/12536"}],"wp:attachment":[{"href":"https:\/\/olemosaic.com\/fr\/wp-json\/wp\/v2\/media?parent=27137"}],"wp:term":[{"taxonomy":"product_brand","embeddable":true,"href":"https:\/\/olemosaic.com\/fr\/wp-json\/wp\/v2\/product_brand?post=27137"},{"taxonomy":"product_cat","embeddable":true,"href":"https:\/\/olemosaic.com\/fr\/wp-json\/wp\/v2\/product_cat?post=27137"},{"taxonomy":"product_tag","embeddable":true,"href":"https:\/\/olemosaic.com\/fr\/wp-json\/wp\/v2\/product_tag?post=27137"}],"curies":[{"name":"wp","href":"https:\/\/api.w.org\/{rel}","templated":true}]}}