{"id":27136,"date":"2025-02-20T22:29:03","date_gmt":"2025-02-20T22:29:03","guid":{"rendered":"http:\/\/olemosaic.com\/producto\/funda-de-telefono-para-samsung-a14-tpu-abstracto-verde\/"},"modified":"2025-07-25T18:50:49","modified_gmt":"2025-07-25T16:50:49","slug":"coque-de-telephone-pour-samsung-a14-tpu-abstrait-vert","status":"publish","type":"product","link":"https:\/\/olemosaic.com\/fr\/produit\/coque-de-telephone-pour-samsung-a14-tpu-abstrait-vert\/","title":{"rendered":"Coque de t\u00e9l\u00e9phone pour Samsung A14 (TPU). Abstrait. Vert"},"content":{"rendered":"<p>Cette coque pour Samsung A14 est un accessoire indispensable pour ceux qui veulent allier protection et style. Fabriqu\u00e9e en TPU, elle se distingue par son design abstrait qui \u00e9voque l&rsquo;essence des mosa\u00efques traditionnelles, un \u00e9l\u00e9ment embl\u00e9matique de la culture espagnole. La combinaison color\u00e9e de tons verts, bleus et oranges dans son motif rappelle les trencad\u00eds de l&rsquo;architecture moderniste, c\u00e9l\u00e8bre pour des \u0153uvres comme le Park G\u00fcell de Barcelone, qui rend hommage \u00e0 la cr\u00e9ativit\u00e9 et \u00e0 la diversit\u00e9 artistique de l&rsquo;Espagne.<\/p>\n<p>La structure flexible de la coque garantit non seulement un ajustement parfait \u00e0 l&rsquo;appareil, mais offre \u00e9galement une excellente protection contre les chocs et les chutes, permettant \u00e0 votre t\u00e9l\u00e9phone de conserver son int\u00e9grit\u00e9 tout en affichant un design attrayant. Ce souvenir moderne et fonctionnel est id\u00e9al pour les touristes qui cherchent \u00e0 ramener chez eux un petit morceau du riche patrimoine culturel de l&rsquo;Espagne. De plus, chez Ol\u00e9 Mosaic, nous nous sp\u00e9cialisons dans la distribution de souvenirs en gros, offrant des produits authentiques et repr\u00e9sentatifs de la tradition espagnole. Cette coque en mosa\u00efque est une excellente option pour les boutiques de cadeaux touristiques cherchant \u00e0 int\u00e9grer des articles uniques et de qualit\u00e9 \u00e0 leur offre, soulignant le lien entre la mode contemporaine et le patrimoine culturel.<\/p>\n","protected":false},"excerpt":{"rendered":"<p>Coque pour t\u00e9l\u00e9phone Samsung A14 fabriqu\u00e9e en TPU, avec un design abstrait \u00e9voquant l&rsquo;essence des mosa\u00efques traditionnelles. Elle pr\u00e9sente une combinaison color\u00e9e de tons verts, bleus et oranges, dans un motif rappelant les trencad\u00eds de l&rsquo;architecture moderniste. Sa finition lisse et flexible offre une excellente protection et un ajustement parfait, id\u00e9al pour ceux qui recherchent style et fonctionnalit\u00e9 en un seul produit.<\/p>\n","protected":false},"featured_media":12542,"template":"","meta":{"_acf_changed":false},"product_brand":[],"product_cat":[674],"product_tag":[],"class_list":{"0":"post-27136","1":"product","2":"type-product","3":"status-publish","4":"has-post-thumbnail","6":"product_cat-etuis-pour-telephones-portables","7":"pa_motivo-resume","9":"first","10":"instock","11":"shipping-taxable","12":"product-type-simple"},"acf":[],"_links":{"self":[{"href":"https:\/\/olemosaic.com\/fr\/wp-json\/wp\/v2\/product\/27136","targetHints":{"allow":["GET"]}}],"collection":[{"href":"https:\/\/olemosaic.com\/fr\/wp-json\/wp\/v2\/product"}],"about":[{"href":"https:\/\/olemosaic.com\/fr\/wp-json\/wp\/v2\/types\/product"}],"wp:featuredmedia":[{"embeddable":true,"href":"https:\/\/olemosaic.com\/fr\/wp-json\/wp\/v2\/media\/12542"}],"wp:attachment":[{"href":"https:\/\/olemosaic.com\/fr\/wp-json\/wp\/v2\/media?parent=27136"}],"wp:term":[{"taxonomy":"product_brand","embeddable":true,"href":"https:\/\/olemosaic.com\/fr\/wp-json\/wp\/v2\/product_brand?post=27136"},{"taxonomy":"product_cat","embeddable":true,"href":"https:\/\/olemosaic.com\/fr\/wp-json\/wp\/v2\/product_cat?post=27136"},{"taxonomy":"product_tag","embeddable":true,"href":"https:\/\/olemosaic.com\/fr\/wp-json\/wp\/v2\/product_tag?post=27136"}],"curies":[{"name":"wp","href":"https:\/\/api.w.org\/{rel}","templated":true}]}}