{"id":27135,"date":"2025-02-20T22:29:03","date_gmt":"2025-02-20T22:29:03","guid":{"rendered":"http:\/\/olemosaic.com\/producto\/funda-de-telefono-para-samsung-a14-tpu-abstracto-negro\/"},"modified":"2025-07-25T22:57:17","modified_gmt":"2025-07-25T20:57:17","slug":"coque-de-telephone-pour-samsung-a14-tpu-abstrait-noir","status":"publish","type":"product","link":"https:\/\/olemosaic.com\/fr\/produit\/coque-de-telephone-pour-samsung-a14-tpu-abstrait-noir\/","title":{"rendered":"Coque de t\u00e9l\u00e9phone pour Samsung A14 (TPU). Abstrait. Noir"},"content":{"rendered":"<p>Cette coque pour t\u00e9l\u00e9phone Samsung A14 est l&rsquo;accessoire parfait pour ceux qui appr\u00e9cient un style contemporain et artistique. Fabriqu\u00e9e en TPU de haute qualit\u00e9, elle offre une protection efficace contre les chocs et les rayures, garantissant que votre appareil conserve un aspect impeccable. Son design abstrait combine des lignes de couleurs vibrantes \u2014 rouge, bleu, vert et jaune \u2014 entrelac\u00e9es sur un fond noir, cr\u00e9ant un effet visuel dynamique qui attire le regard. Les courbes douces de lumi\u00e8re qui ornent la surface n&rsquo;ajoutent pas seulement une touche de modernit\u00e9, mais refl\u00e8tent \u00e9galement une esth\u00e9tique vibrante et \u00e9nergique, id\u00e9ale pour ceux qui souhaitent affirmer leur personnalit\u00e9 et leur style.<\/p>\n<p>Ce design n&rsquo;est pas seulement attrayant, il capture \u00e9galement l&rsquo;esprit d&rsquo;un mode de vie contemporain, transformant chaque appel ou message en une exp\u00e9rience visuellement s\u00e9duisante. Parfaite comme souvenir pour les touristes \u00e0 la recherche d&rsquo;un rappel moderne et distinctif, cette coque est une v\u00e9ritable repr\u00e9sentation de la cr\u00e9ativit\u00e9 et du design innovant de la r\u00e9gion. Chez Ol\u00e9 Mosaic, en tant que grossiste de coques de t\u00e9l\u00e9phone, nous proposons des produits de qualit\u00e9, id\u00e9aux pour les boutiques de cadeaux touristiques souhaitant offrir des articles uniques \u00e0 leurs clients. Avec cette coque, vous ne prot\u00e9gez pas seulement votre t\u00e9l\u00e9phone, vous emportez \u00e9galement avec vous une pi\u00e8ce d&rsquo;art moderne.<\/p>\n","protected":false},"excerpt":{"rendered":"<p>Coque de t\u00e9l\u00e9phone pour Samsung A14 fabriqu\u00e9e en TPU avec un design abstrait combinant des lignes de couleurs vibrantes sur un fond noir. Cet accessoire \u00e9l\u00e9gant prot\u00e8ge non seulement votre appareil, mais ajoute \u00e9galement une touche moderne et artistique. Les courbes douces de lumi\u00e8re aux couleurs rouge, bleu, vert et jaune s&rsquo;entrelacent, cr\u00e9ant un effet visuel dynamique et attrayant. Id\u00e9al pour ceux qui recherchent un style contemporain et distinctif.<\/p>\n","protected":false},"featured_media":12554,"template":"","meta":{"_acf_changed":false},"product_brand":[],"product_cat":[674],"product_tag":[],"class_list":{"0":"post-27135","1":"product","2":"type-product","3":"status-publish","4":"has-post-thumbnail","6":"product_cat-etuis-pour-telephones-portables","7":"pa_motivo-resume","9":"first","10":"instock","11":"shipping-taxable","12":"product-type-simple"},"acf":[],"_links":{"self":[{"href":"https:\/\/olemosaic.com\/fr\/wp-json\/wp\/v2\/product\/27135","targetHints":{"allow":["GET"]}}],"collection":[{"href":"https:\/\/olemosaic.com\/fr\/wp-json\/wp\/v2\/product"}],"about":[{"href":"https:\/\/olemosaic.com\/fr\/wp-json\/wp\/v2\/types\/product"}],"wp:featuredmedia":[{"embeddable":true,"href":"https:\/\/olemosaic.com\/fr\/wp-json\/wp\/v2\/media\/12554"}],"wp:attachment":[{"href":"https:\/\/olemosaic.com\/fr\/wp-json\/wp\/v2\/media?parent=27135"}],"wp:term":[{"taxonomy":"product_brand","embeddable":true,"href":"https:\/\/olemosaic.com\/fr\/wp-json\/wp\/v2\/product_brand?post=27135"},{"taxonomy":"product_cat","embeddable":true,"href":"https:\/\/olemosaic.com\/fr\/wp-json\/wp\/v2\/product_cat?post=27135"},{"taxonomy":"product_tag","embeddable":true,"href":"https:\/\/olemosaic.com\/fr\/wp-json\/wp\/v2\/product_tag?post=27135"}],"curies":[{"name":"wp","href":"https:\/\/api.w.org\/{rel}","templated":true}]}}