{"id":27129,"date":"2025-02-20T22:29:02","date_gmt":"2025-02-20T22:29:02","guid":{"rendered":"http:\/\/olemosaic.com\/producto\/funda-de-telefono-para-samsung-a13-tpu-salamandra-barcelona-blanco\/"},"modified":"2025-07-25T20:00:06","modified_gmt":"2025-07-25T18:00:06","slug":"coque-de-telephone-pour-samsung-a13-tpu-salamandre-barcelone-blanc","status":"publish","type":"product","link":"https:\/\/olemosaic.com\/fr\/produit\/coque-de-telephone-pour-samsung-a13-tpu-salamandre-barcelone-blanc\/","title":{"rendered":"Coque de t\u00e9l\u00e9phone pour Samsung A13 (TPU). Salamandre. Barcelone. Blanc"},"content":{"rendered":"<p>Cette coque pour le t\u00e9l\u00e9phone Samsung A13 est un chef-d&rsquo;\u0153uvre inspir\u00e9 par l&#8217;embl\u00e9matique salamandre de Barcelone, un symbole iconique du c\u00e9l\u00e8bre architecte Antoni Gaud\u00ed. Fabriqu\u00e9e en TPU de haute qualit\u00e9, cette coque allie protection et style, \u00e9tant une excellente option pour ceux qui souhaitent emporter avec eux un morceau de la culture catalane. Le design unique pr\u00e9sente une salamandre vibrante entour\u00e9e de fleurs color\u00e9es, le tout sur un fond qui \u00e9voque le c\u00e9l\u00e8bre trencad\u00eds du Parc G\u00fcell, avec sa mosa\u00efque de carreaux caract\u00e9ristique.<\/p>\n<p>Le fond blanc fait ressortir les tons vifs de bleu, vert et rouge de la salamandre, cr\u00e9ant une fusion visuelle qui rappelle la joie et la cr\u00e9ativit\u00e9 de l&rsquo;art de Gaud\u00ed. Dans la partie inf\u00e9rieure, le mot \u00ab\u00a0Barcelone\u00a0\u00bb se distingue avec un format joyeux, en l&rsquo;honneur de la ville qui inspire cette pi\u00e8ce. La connexion culturelle de cette coque va au-del\u00e0 d&rsquo;un simple accessoire ; elle repr\u00e9sente l&rsquo;essence de Barcelone, son art et son patrimoine, ce qui en fait un souvenir parfait pour les touristes et les amoureux de la ville.<\/p>\n<p>Chez Ol\u00e9 Mosaic, nous nous sp\u00e9cialisons dans la distribution de souvenirs de haute qualit\u00e9 en gros, et cette coque de t\u00e9l\u00e9phone est un choix id\u00e9al pour les boutiques de cadeaux touristiques qui cherchent \u00e0 proposer des produits refl\u00e9tant l&rsquo;authenticit\u00e9 et le style de Barcelone. C&rsquo;est sans aucun doute un article attrayant qui allie fonctionnalit\u00e9 et culture, faisant de chaque utilisation une c\u00e9l\u00e9bration de l&rsquo;art catalan.<\/p>\n","protected":false},"excerpt":{"rendered":"<p>Coque pour t\u00e9l\u00e9phone Samsung A13 fabriqu\u00e9e en TPU, inspir\u00e9e de l&#8217;embl\u00e9matique salamandre de Barcelone. Ce design unique pr\u00e9sente une salamandre color\u00e9e parmi des fleurs vibrantes et un fond de mosa\u00efque \u00e9voquant le c\u00e9l\u00e8bre trencad\u00eds du Park G\u00fcell. Avec une finition dans des tons bleus, verts et rouges sur une base blanche, la coque offre protection et style, mettant en avant le mot \u00ab\u00a0Barcelone\u00a0\u00bb comme un clin d&rsquo;\u0153il \u00e0 la ville. Parfait pour les amoureux de l&rsquo;art et de la culture catalane.<\/p>\n","protected":false},"featured_media":12503,"template":"","meta":{"_acf_changed":false},"product_brand":[],"product_cat":[674],"product_tag":[530],"class_list":{"0":"post-27129","1":"product","2":"type-product","3":"status-publish","4":"has-post-thumbnail","6":"product_cat-etuis-pour-telephones-portables","7":"product_tag-animaux","8":"pa_ciudad-barcelona","9":"pa_motivo-salamandres","10":"pa_pais-espana","12":"first","13":"instock","14":"shipping-taxable","15":"product-type-simple"},"acf":[],"_links":{"self":[{"href":"https:\/\/olemosaic.com\/fr\/wp-json\/wp\/v2\/product\/27129","targetHints":{"allow":["GET"]}}],"collection":[{"href":"https:\/\/olemosaic.com\/fr\/wp-json\/wp\/v2\/product"}],"about":[{"href":"https:\/\/olemosaic.com\/fr\/wp-json\/wp\/v2\/types\/product"}],"wp:featuredmedia":[{"embeddable":true,"href":"https:\/\/olemosaic.com\/fr\/wp-json\/wp\/v2\/media\/12503"}],"wp:attachment":[{"href":"https:\/\/olemosaic.com\/fr\/wp-json\/wp\/v2\/media?parent=27129"}],"wp:term":[{"taxonomy":"product_brand","embeddable":true,"href":"https:\/\/olemosaic.com\/fr\/wp-json\/wp\/v2\/product_brand?post=27129"},{"taxonomy":"product_cat","embeddable":true,"href":"https:\/\/olemosaic.com\/fr\/wp-json\/wp\/v2\/product_cat?post=27129"},{"taxonomy":"product_tag","embeddable":true,"href":"https:\/\/olemosaic.com\/fr\/wp-json\/wp\/v2\/product_tag?post=27129"}],"curies":[{"name":"wp","href":"https:\/\/api.w.org\/{rel}","templated":true}]}}