{"id":27128,"date":"2025-02-20T22:29:02","date_gmt":"2025-02-20T22:29:02","guid":{"rendered":"http:\/\/olemosaic.com\/producto\/funda-de-telefono-para-samsung-a13-tpu-abstracto-azul\/"},"modified":"2025-07-25T20:38:52","modified_gmt":"2025-07-25T18:38:52","slug":"coque-de-telephone-pour-samsung-a13-tpu-abstrait-bleu","status":"publish","type":"product","link":"https:\/\/olemosaic.com\/fr\/produit\/coque-de-telephone-pour-samsung-a13-tpu-abstrait-bleu\/","title":{"rendered":"Coque de t\u00e9l\u00e9phone pour Samsung A13 (TPU). Abstrait. Bleu"},"content":{"rendered":"<p>Cette coque pour le t\u00e9l\u00e9phone Samsung A13 est un accessoire vibrant qui capture l&rsquo;essence de Barcelone. Fabriqu\u00e9e en TPU de haute qualit\u00e9, elle offre une protection robuste et l\u00e9g\u00e8re pour votre appareil, et son design artistique en fait une pi\u00e8ce unique. Le motif abstrait se distingue par son explosion de couleurs : bleus, roses, jaunes et oranges, qui \u00e9voquent la vitalit\u00e9 et le dynamisme de la ville. Sur la partie frontale, le texte \u00ab\u00a0Barcelone\u00a0\u00bb se pr\u00e9sente en lettres grandes et stylis\u00e9es, un clin d&rsquo;\u0153il \u00e0 la modernit\u00e9 et au style contemporain de cette m\u00e9tropole.<\/p>\n<p>La connexion culturelle de cette coque r\u00e9side dans sa repr\u00e9sentation de l&rsquo;esprit cr\u00e9atif de Barcelone, un lieu connu pour son architecture singuli\u00e8re, son art vibrant et son atmosph\u00e8re cosmopolite. Cette coque ne prot\u00e9gera pas seulement votre t\u00e9l\u00e9phone, elle servira \u00e9galement de souvenir repr\u00e9sentatif d&rsquo;une ville qui irradie l&rsquo;\u00e9nergie et l&rsquo;originalit\u00e9.<\/p>\n<p>Chez Ol\u00e9 Mosaic, nous nous sp\u00e9cialisons dans la distribution de souvenirs en gros, et cette coque est l&rsquo;option id\u00e9ale pour les boutiques de cadeaux touristiques qui cherchent \u00e0 proposer des produits authentiques et pertinents. Avec cette coque de Barcelone, vos clients auront un rappel constant de leur visite dans cette ville embl\u00e9matique, ce qui en fait un excellent choix pour ceux qui recherchent des souvenirs de qualit\u00e9.<\/p>\n","protected":false},"excerpt":{"rendered":"<p>Coque de t\u00e9l\u00e9phone pour Samsung A13 en TPU, avec un design vibrant et abstrait dans des tons bleus, roses, jaunes et oranges. Sur la partie frontale, le mot \u00ab\u00a0Barcelone\u00a0\u00bb se d\u00e9tache en lettres grandes et stylis\u00e9es, \u00e9voquant le dynamisme de la ville. Cette coque ne prot\u00e8ge pas seulement votre appareil, elle lui donne \u00e9galement une touche artistique et moderne, parfaite pour ceux qui recherchent un accessoire unique et color\u00e9 inspir\u00e9 par l&rsquo;\u00e9nergie de Barcelone.<\/p>\n","protected":false},"featured_media":12527,"template":"","meta":{"_acf_changed":false},"product_brand":[],"product_cat":[674],"product_tag":[],"class_list":{"0":"post-27128","1":"product","2":"type-product","3":"status-publish","4":"has-post-thumbnail","6":"product_cat-etuis-pour-telephones-portables","7":"pa_ciudad-barcelona","8":"pa_motivo-resume","9":"pa_pais-espana","11":"first","12":"instock","13":"shipping-taxable","14":"product-type-simple"},"acf":[],"_links":{"self":[{"href":"https:\/\/olemosaic.com\/fr\/wp-json\/wp\/v2\/product\/27128","targetHints":{"allow":["GET"]}}],"collection":[{"href":"https:\/\/olemosaic.com\/fr\/wp-json\/wp\/v2\/product"}],"about":[{"href":"https:\/\/olemosaic.com\/fr\/wp-json\/wp\/v2\/types\/product"}],"wp:featuredmedia":[{"embeddable":true,"href":"https:\/\/olemosaic.com\/fr\/wp-json\/wp\/v2\/media\/12527"}],"wp:attachment":[{"href":"https:\/\/olemosaic.com\/fr\/wp-json\/wp\/v2\/media?parent=27128"}],"wp:term":[{"taxonomy":"product_brand","embeddable":true,"href":"https:\/\/olemosaic.com\/fr\/wp-json\/wp\/v2\/product_brand?post=27128"},{"taxonomy":"product_cat","embeddable":true,"href":"https:\/\/olemosaic.com\/fr\/wp-json\/wp\/v2\/product_cat?post=27128"},{"taxonomy":"product_tag","embeddable":true,"href":"https:\/\/olemosaic.com\/fr\/wp-json\/wp\/v2\/product_tag?post=27128"}],"curies":[{"name":"wp","href":"https:\/\/api.w.org\/{rel}","templated":true}]}}