{"id":27125,"date":"2025-02-20T22:29:02","date_gmt":"2025-02-20T22:29:02","guid":{"rendered":"http:\/\/olemosaic.com\/producto\/funda-de-telefono-para-samsung-a13-tpu-abstracto-negro\/"},"modified":"2025-07-25T18:54:05","modified_gmt":"2025-07-25T16:54:05","slug":"coque-de-telephone-pour-samsung-a13-tpu-abstrait-noir","status":"publish","type":"product","link":"https:\/\/olemosaic.com\/fr\/produit\/coque-de-telephone-pour-samsung-a13-tpu-abstrait-noir\/","title":{"rendered":"Coque de t\u00e9l\u00e9phone pour Samsung A13 (TPU). Abstrait. Noir"},"content":{"rendered":"<p>Cette coque pour t\u00e9l\u00e9phone Samsung A13 se distingue par son design abstrait et moderne, devenant un accessoire indispensable pour ceux qui recherchent une touche artistique sur leur appareil mobile. Fabriqu\u00e9e en TPU, cette protection est hautement flexible, assurant une excellente r\u00e9sistance contre les chocs et les chutes, ce qui prolonge la dur\u00e9e de vie de votre t\u00e9l\u00e9phone. Son illustration vibrante pr\u00e9sente une explosion de nuages dans des tons noirs, bleus, roses et jaunes, cr\u00e9ant un effet visuel captivant qui ajoute de la personnalit\u00e9 et du style. La finition douce offre une prise en main confortable, facilitant sa tenue et son utilisation quotidienne.<\/p>\n<p>La connexion culturelle de ce type de design abstrait refl\u00e8te l&rsquo;influence de l&rsquo;art contemporain, tr\u00e8s appr\u00e9ci\u00e9e dans les grandes villes comme Madrid et Barcelone, o\u00f9 l&rsquo;art se fusionne avec la vie quotidienne. Avec son esth\u00e9tique unique, cette coque ne prot\u00e8ge pas seulement votre appareil, mais le transforme en une extension de votre style personnel, \u00e9tant un cadeau id\u00e9al pour les touristes qui souhaitent se souvenir de leur voyage en Espagne avec un objet d&rsquo;usage quotidien qui \u00e9voque la cr\u00e9ativit\u00e9 et la modernit\u00e9 du pays.<\/p>\n<p>Chez Ol\u00e9 Mosaic, nous sommes votre distributeur d&rsquo;accessoires en gros, proposant des coques de t\u00e9l\u00e9phone comme celle-ci, qui allient authenticit\u00e9 et design. Une excellente option pour les boutiques de cadeaux touristiques qui souhaitent ajouter des \u00e9l\u00e9ments contemporains et fonctionnels \u00e0 leur catalogue, repr\u00e9sentant la fusion entre l&rsquo;art et la technologie.<\/p>\n","protected":false},"excerpt":{"rendered":"<p>Coque pour Samsung A13 fabriqu\u00e9e en TPU, avec un design abstrait combinant des tons noirs, bleus, roses et jaunes. Cette protection pr\u00e9sente une illustration vibrante de nuages color\u00e9s, apportant une touche artistique et moderne. Son mat\u00e9riau flexible offre une excellente protection contre les chocs et les chutes, tandis que sa finition douce garantit une prise en main confortable. Parfait pour ceux qui recherchent un style unique et contemporain pour leur mobile.<\/p>\n","protected":false},"featured_media":12533,"template":"","meta":{"_acf_changed":false},"product_brand":[],"product_cat":[674],"product_tag":[],"class_list":{"0":"post-27125","1":"product","2":"type-product","3":"status-publish","4":"has-post-thumbnail","6":"product_cat-etuis-pour-telephones-portables","7":"pa_motivo-resume","9":"first","10":"instock","11":"shipping-taxable","12":"product-type-simple"},"acf":[],"_links":{"self":[{"href":"https:\/\/olemosaic.com\/fr\/wp-json\/wp\/v2\/product\/27125","targetHints":{"allow":["GET"]}}],"collection":[{"href":"https:\/\/olemosaic.com\/fr\/wp-json\/wp\/v2\/product"}],"about":[{"href":"https:\/\/olemosaic.com\/fr\/wp-json\/wp\/v2\/types\/product"}],"wp:featuredmedia":[{"embeddable":true,"href":"https:\/\/olemosaic.com\/fr\/wp-json\/wp\/v2\/media\/12533"}],"wp:attachment":[{"href":"https:\/\/olemosaic.com\/fr\/wp-json\/wp\/v2\/media?parent=27125"}],"wp:term":[{"taxonomy":"product_brand","embeddable":true,"href":"https:\/\/olemosaic.com\/fr\/wp-json\/wp\/v2\/product_brand?post=27125"},{"taxonomy":"product_cat","embeddable":true,"href":"https:\/\/olemosaic.com\/fr\/wp-json\/wp\/v2\/product_cat?post=27125"},{"taxonomy":"product_tag","embeddable":true,"href":"https:\/\/olemosaic.com\/fr\/wp-json\/wp\/v2\/product_tag?post=27125"}],"curies":[{"name":"wp","href":"https:\/\/api.w.org\/{rel}","templated":true}]}}