{"id":27112,"date":"2025-02-20T22:29:01","date_gmt":"2025-02-20T22:29:01","guid":{"rendered":"http:\/\/olemosaic.com\/producto\/funda-de-telefono-para-iphone-15-tpu-mosaico-azul\/"},"modified":"2025-07-25T19:27:57","modified_gmt":"2025-07-25T17:27:57","slug":"coque-de-telephone-pour-iphone-15-tpu-mosaique-bleu","status":"publish","type":"product","link":"https:\/\/olemosaic.com\/fr\/produit\/coque-de-telephone-pour-iphone-15-tpu-mosaique-bleu\/","title":{"rendered":"Coque de t\u00e9l\u00e9phone pour iPhone 15 (TPU). Mosa\u00efque. Bleu"},"content":{"rendered":"<p>Cette coque pour iPhone 15, fabriqu\u00e9e en TPU, est l&rsquo;article parfait pour ceux qui recherchent une combinaison d&rsquo;\u00e9l\u00e9gance et de fonctionnalit\u00e9. Avec un magnifique design de mosa\u00efque dans des tons bleus, cette coque se distingue par son motif distinctif qui \u00e9voque la riche tradition de la c\u00e9ramique espagnole, typique des r\u00e9gions c\u00f4ti\u00e8res comme l&rsquo;Andalousie. La base bleu profond se m\u00e9lange harmonieusement avec des d\u00e9tails blancs complexes, cr\u00e9ant un effet visuel qui rappelle les azulejos traditionnels qui ornent les places et les b\u00e2timents espagnols.<\/p>\n<p>Le mat\u00e9riau TPU garantit une protection durable contre les chutes et les rayures, assurant que votre iPhone reste en s\u00e9curit\u00e9 sans sacrifier le style. Cet accessoire ne prot\u00e8ge pas seulement, il sert \u00e9galement de compl\u00e9ment sophistiqu\u00e9 \u00e0 n&rsquo;importe quelle tenue, ce qui le rend id\u00e9al pour ceux qui souhaitent exprimer leur appr\u00e9ciation pour la culture espagnole \u00e0 travers des objets du quotidien.<\/p>\n<p>Chez Ol\u00e9 Mosaic, sp\u00e9cialis\u00e9 dans la distribution de souvenirs en gros, cette coque n&rsquo;est pas seulement un accessoire \u00e0 la pointe de la mode, mais un magnifique souvenir de l&rsquo;h\u00e9ritage culturel espagnol, parfait pour les touristes qui cherchent \u00e0 ramener un morceau d&rsquo;authenticit\u00e9 chez eux. Consid\u00e9r\u00e9e comme un souvenir de qualit\u00e9, cette coque est une excellente option pour les boutiques de cadeaux touristiques qui souhaitent proposer des produits uniques et repr\u00e9sentatifs de la tradition espagnole. D\u00e9couvrez comment le design en mosa\u00efque peut enrichir l&rsquo;exp\u00e9rience quotidienne avec votre smartphone.<\/p>\n","protected":false},"excerpt":{"rendered":"<p>Coque pour iPhone 15 fabriqu\u00e9e en TPU, avec un design \u00e9l\u00e9gant de mosa\u00efques dans des tons bleus. Cet article pr\u00e9sente un motif distinctif en bleu et blanc, \u00e9voquant la beaut\u00e9 de la c\u00e9ramique espagnole. La coque offre une protection durable, alliant fonctionnalit\u00e9 et esth\u00e9tique. Son design refl\u00e8te la tradition artisanale des mosa\u00efques, id\u00e9al pour ceux qui recherchent un accessoire qui se distingue par son style et sa connexion culturelle.<\/p>\n","protected":false},"featured_media":12437,"template":"","meta":{"_acf_changed":false},"product_brand":[],"product_cat":[674],"product_tag":[],"class_list":{"0":"post-27112","1":"product","2":"type-product","3":"status-publish","4":"has-post-thumbnail","6":"product_cat-etuis-pour-telephones-portables","7":"pa_motivo-mosaique","9":"first","10":"instock","11":"shipping-taxable","12":"product-type-simple"},"acf":[],"_links":{"self":[{"href":"https:\/\/olemosaic.com\/fr\/wp-json\/wp\/v2\/product\/27112","targetHints":{"allow":["GET"]}}],"collection":[{"href":"https:\/\/olemosaic.com\/fr\/wp-json\/wp\/v2\/product"}],"about":[{"href":"https:\/\/olemosaic.com\/fr\/wp-json\/wp\/v2\/types\/product"}],"wp:featuredmedia":[{"embeddable":true,"href":"https:\/\/olemosaic.com\/fr\/wp-json\/wp\/v2\/media\/12437"}],"wp:attachment":[{"href":"https:\/\/olemosaic.com\/fr\/wp-json\/wp\/v2\/media?parent=27112"}],"wp:term":[{"taxonomy":"product_brand","embeddable":true,"href":"https:\/\/olemosaic.com\/fr\/wp-json\/wp\/v2\/product_brand?post=27112"},{"taxonomy":"product_cat","embeddable":true,"href":"https:\/\/olemosaic.com\/fr\/wp-json\/wp\/v2\/product_cat?post=27112"},{"taxonomy":"product_tag","embeddable":true,"href":"https:\/\/olemosaic.com\/fr\/wp-json\/wp\/v2\/product_tag?post=27112"}],"curies":[{"name":"wp","href":"https:\/\/api.w.org\/{rel}","templated":true}]}}