{"id":27111,"date":"2025-02-20T22:29:01","date_gmt":"2025-02-20T22:29:01","guid":{"rendered":"http:\/\/olemosaic.com\/producto\/funda-de-telefono-para-iphone-15-tpu-salamandra-mallorca-blanco\/"},"modified":"2025-07-25T19:56:51","modified_gmt":"2025-07-25T17:56:51","slug":"coque-de-telephone-pour-iphone-15-tpu-salamandre-majorque-blanc","status":"publish","type":"product","link":"https:\/\/olemosaic.com\/fr\/produit\/coque-de-telephone-pour-iphone-15-tpu-salamandre-majorque-blanc\/","title":{"rendered":"Coque de t\u00e9l\u00e9phone pour iPhone 15 (TPU). Salamandre. Majorque. Blanc"},"content":{"rendered":"<p>Cette coque pour iPhone 15, fabriqu\u00e9e en TPU, est l&rsquo;accessoire parfait pour ceux qui souhaitent prot\u00e9ger leur appareil sans renoncer au style. Avec une illustration vibrante de salamandres sur un fond blanc, la coque \u00e9voque la culture color\u00e9e de Majorque. Le design s&rsquo;inspire des embl\u00e9matiques mosa\u00efques majorquines, avec des motifs floraux dans des tons rouges et bleus vibrants, et des d\u00e9tails jaunes qui apportent une touche joyeuse et distinctive. Les salamandres, qui symbolisent la connexion avec la nature et la vie, sont dispos\u00e9es artistiquement dans le design, cr\u00e9ant une sensation de mouvement et de vitalit\u00e9 qui souligne l&rsquo;essence m\u00e9diterran\u00e9enne.<\/p>\n<p>Cette coque offre non seulement une excellente protection contre les chocs et les rayures, mais elle devient \u00e9galement un souvenir repr\u00e9sentatif de Majorque, parfait pour les touristes qui cherchent \u00e0 emporter un morceau de la richesse culturelle de l&rsquo;\u00eele. Son authenticit\u00e9 et son style la font sortir du lot, en faisant une option attrayante pour ceux qui souhaitent se souvenir de leur voyage. Chez Ol\u00e9 Mosaic, nous nous sp\u00e9cialisons dans la distribution de souvenirs en gros, et cette coque de t\u00e9l\u00e9phone est un excellent exemple de nos produits, apportant une valeur culturelle et esth\u00e9tique aux boutiques de cadeaux touristiques. Cet accessoire n&rsquo;est pas seulement fonctionnel, c&rsquo;est un v\u00e9ritable reflet de l&rsquo;art et de la tradition majorquine.<\/p>\n","protected":false},"excerpt":{"rendered":"<p>Coque pour iPhone 15, fabriqu\u00e9e en TPU et d\u00e9cor\u00e9e d&rsquo;une illustration vibrante de salamandres sur un fond blanc. Le design, inspir\u00e9 des mosa\u00efques de Majorque, comprend des motifs floraux dans des tons rouges et bleus intenses, avec des d\u00e9tails jaunes. En plus de prot\u00e9ger votre appareil, cette coque \u00e9voque la culture color\u00e9e de Majorque, devenant un accessoire attrayant et unique pour votre t\u00e9l\u00e9phone.<\/p>\n","protected":false},"featured_media":12973,"template":"","meta":{"_acf_changed":false},"product_brand":[],"product_cat":[674],"product_tag":[530],"class_list":{"0":"post-27111","1":"product","2":"type-product","3":"status-publish","4":"has-post-thumbnail","6":"product_cat-etuis-pour-telephones-portables","7":"product_tag-animaux","8":"pa_ciudad-mallorca","9":"pa_motivo-salamandres","10":"pa_pais-espana","12":"first","13":"instock","14":"shipping-taxable","15":"product-type-simple"},"acf":[],"_links":{"self":[{"href":"https:\/\/olemosaic.com\/fr\/wp-json\/wp\/v2\/product\/27111","targetHints":{"allow":["GET"]}}],"collection":[{"href":"https:\/\/olemosaic.com\/fr\/wp-json\/wp\/v2\/product"}],"about":[{"href":"https:\/\/olemosaic.com\/fr\/wp-json\/wp\/v2\/types\/product"}],"wp:featuredmedia":[{"embeddable":true,"href":"https:\/\/olemosaic.com\/fr\/wp-json\/wp\/v2\/media\/12973"}],"wp:attachment":[{"href":"https:\/\/olemosaic.com\/fr\/wp-json\/wp\/v2\/media?parent=27111"}],"wp:term":[{"taxonomy":"product_brand","embeddable":true,"href":"https:\/\/olemosaic.com\/fr\/wp-json\/wp\/v2\/product_brand?post=27111"},{"taxonomy":"product_cat","embeddable":true,"href":"https:\/\/olemosaic.com\/fr\/wp-json\/wp\/v2\/product_cat?post=27111"},{"taxonomy":"product_tag","embeddable":true,"href":"https:\/\/olemosaic.com\/fr\/wp-json\/wp\/v2\/product_tag?post=27111"}],"curies":[{"name":"wp","href":"https:\/\/api.w.org\/{rel}","templated":true}]}}