{"id":27110,"date":"2025-02-20T22:29:01","date_gmt":"2025-02-20T22:29:01","guid":{"rendered":"http:\/\/olemosaic.com\/producto\/funda-de-telefono-para-iphone-15-promax-tpu-mosaico-barcelona-blanco\/"},"modified":"2025-07-25T19:39:32","modified_gmt":"2025-07-25T17:39:32","slug":"coque-de-telephone-pour-iphone-15-pro-max-tpu-mosaique-barcelone-blanc","status":"publish","type":"product","link":"https:\/\/olemosaic.com\/fr\/produit\/coque-de-telephone-pour-iphone-15-pro-max-tpu-mosaique-barcelone-blanc\/","title":{"rendered":"Coque de t\u00e9l\u00e9phone pour iPhone 15 Pro Max (TPU). Mosa\u00efque. Barcelone. Blanc"},"content":{"rendered":"<p>Cette coque pour iPhone 15 Pro Max allie fonctionnalit\u00e9 et style, id\u00e9ale pour ceux qui souhaitent prot\u00e9ger leur appareil sans renoncer \u00e0 un design attrayant. Fabriqu\u00e9e en TPU, cet accessoire est flexible et r\u00e9sistant, offrant une protection efficace contre les impacts et les rayures. Son design color\u00e9 en mosa\u00efque \u00e9voque la riche culture de Barcelone, c\u00e9l\u00e8bre pour son architecture moderniste et ses couleurs vibrantes. Avec des motifs floraux et g\u00e9om\u00e9triques dans des tons bleu, rouge et jaune, cette coque capture l&rsquo;essence de l&rsquo;art de la mosa\u00efque que Gaud\u00ed a popularis\u00e9 dans la ville, remplissant chaque recoin de sa splendeur. Le mot \u00ab\u00a0Barcelone\u00a0\u00bb se d\u00e9tache dans la partie inf\u00e9rieure, ajoutant une touche personnelle qui connecte \u00e9motionnellement l&rsquo;utilisateur \u00e0 la ville.<\/p>\n<p>Ce souvenir de Barcelone n&rsquo;est pas seulement pratique, il repr\u00e9sente \u00e9galement un souvenir authentique de la cit\u00e9 comtale. Son esth\u00e9tique contemporaine en fait une option attrayante pour les touristes cherchant \u00e0 maintenir un lien avec leur exp\u00e9rience \u00e0 Barcelone. Chez Ol\u00e9 Mosaic, nous nous sp\u00e9cialisons dans la distribution de souvenirs en gros, et cette coque est un excellent produit pour les boutiques de cadeaux touristiques. Notre engagement envers la qualit\u00e9 et la pertinence culturelle garantit que chaque pi\u00e8ce capture l&rsquo;essence du lieu, faisant de chaque achat une c\u00e9l\u00e9bration de l&rsquo;histoire et de l&rsquo;art de l&rsquo;Espagne.<\/p>\n","protected":false},"excerpt":{"rendered":"<p>Coque pour iPhone 15 Pro Max fabriqu\u00e9e en TPU, d\u00e9cor\u00e9e d&rsquo;un design vibrant en mosa\u00efque \u00e9voquant la riche culture barcelonaise. Cet article pr\u00e9sente une vari\u00e9t\u00e9 color\u00e9e de motifs floraux et g\u00e9om\u00e9triques dans des tons bleus, rouges et jaunes, apportant un air m\u00e9diterran\u00e9en contemporain. Le mot \u00ab\u00a0Barcelone\u00a0\u00bb se d\u00e9tache dans la partie inf\u00e9rieure, ajoutant une touche personnelle. Id\u00e9ale pour ceux qui cherchent \u00e0 prot\u00e9ger leur appareil tout en conservant un style unique et moderne.<\/p>\n","protected":false},"featured_media":12468,"template":"","meta":{"_acf_changed":false},"product_brand":[],"product_cat":[674],"product_tag":[],"class_list":{"0":"post-27110","1":"product","2":"type-product","3":"status-publish","4":"has-post-thumbnail","6":"product_cat-etuis-pour-telephones-portables","7":"pa_ciudad-barcelona","8":"pa_motivo-mosaique","9":"pa_pais-espana","11":"first","12":"instock","13":"shipping-taxable","14":"product-type-simple"},"acf":[],"_links":{"self":[{"href":"https:\/\/olemosaic.com\/fr\/wp-json\/wp\/v2\/product\/27110","targetHints":{"allow":["GET"]}}],"collection":[{"href":"https:\/\/olemosaic.com\/fr\/wp-json\/wp\/v2\/product"}],"about":[{"href":"https:\/\/olemosaic.com\/fr\/wp-json\/wp\/v2\/types\/product"}],"wp:featuredmedia":[{"embeddable":true,"href":"https:\/\/olemosaic.com\/fr\/wp-json\/wp\/v2\/media\/12468"}],"wp:attachment":[{"href":"https:\/\/olemosaic.com\/fr\/wp-json\/wp\/v2\/media?parent=27110"}],"wp:term":[{"taxonomy":"product_brand","embeddable":true,"href":"https:\/\/olemosaic.com\/fr\/wp-json\/wp\/v2\/product_brand?post=27110"},{"taxonomy":"product_cat","embeddable":true,"href":"https:\/\/olemosaic.com\/fr\/wp-json\/wp\/v2\/product_cat?post=27110"},{"taxonomy":"product_tag","embeddable":true,"href":"https:\/\/olemosaic.com\/fr\/wp-json\/wp\/v2\/product_tag?post=27110"}],"curies":[{"name":"wp","href":"https:\/\/api.w.org\/{rel}","templated":true}]}}