{"id":27094,"date":"2025-02-20T22:29:01","date_gmt":"2025-02-20T22:29:01","guid":{"rendered":"http:\/\/olemosaic.com\/producto\/funda-de-telefono-para-iphone-15-promax-tpu-gato-mallorca-negro\/"},"modified":"2025-07-25T19:49:47","modified_gmt":"2025-07-25T17:49:47","slug":"coque-telephone-iphone-15-pro-max-tpu-chat-majorque-noir","status":"publish","type":"product","link":"https:\/\/olemosaic.com\/fr\/produit\/coque-telephone-iphone-15-pro-max-tpu-chat-majorque-noir\/","title":{"rendered":"Coque de t\u00e9l\u00e9phone pour iPhone 15 Pro Max (TPU). Chat. Majorque. Noir"},"content":{"rendered":"<p>Cette coque pour iPhone 15 Pro Max est une pi\u00e8ce unique qui fusionne fonctionnalit\u00e9 et style. Orn\u00e9e d&rsquo;un design vibrant de chat en mosa\u00efque, repr\u00e9sentatif de la magnifique \u00eele de Majorque, elle est fabriqu\u00e9e en TPU de haute qualit\u00e9 pour offrir une protection exceptionnelle. Elle est parfaite pour ceux qui souhaitent garder leur appareil en s\u00e9curit\u00e9 sans renoncer au design.<\/p>\n<p>L&rsquo;illustration met en avant un chat color\u00e9 entour\u00e9 de papillons aux tons brillants, refl\u00e9tant la joie et la vitalit\u00e9 de Majorque. Avec ses yeux expressifs et sa silhouette stylis\u00e9e, ce chat capture l&rsquo;essence de l&rsquo;art de la mosa\u00efque, un \u00e9l\u00e9ment culturel tr\u00e8s appr\u00e9ci\u00e9 dans la r\u00e9gion.<\/p>\n<p>Le mot \u00ab\u00a0Mallorca\u00a0\u00bb appara\u00eet \u00e9l\u00e9gamment imprim\u00e9 dans la partie inf\u00e9rieure, transformant cette coque en un accessoire fonctionnel et, en m\u00eame temps, en un souvenir culturel distinctif. Elle est id\u00e9ale pour les touristes qui veulent emporter un petit morceau de l&rsquo;\u00eele, s&rsquo;en souvenant \u00e0 chaque fois qu&rsquo;ils utilisent leur t\u00e9l\u00e9phone. Chez Ol\u00e9 Mosaic, nous nous consacrons \u00e0 offrir des souvenirs authentiques qui rehaussent l&rsquo;identit\u00e9 culturelle de leurs lieux d&rsquo;origine. Ce design de chat en mosa\u00efque est une excellente option pour les boutiques de cadeaux touristiques \u00e0 la recherche de produits uniques de Majorque, parfaits pour ceux qui appr\u00e9cient l&rsquo;art et la tradition de la r\u00e9gion et souhaitent une coque alliant protection et attrait visuel.<\/p>\n","protected":false},"excerpt":{"rendered":"<p>Coque pour iPhone 15 Pro Max en TPU noir, orn\u00e9e d&rsquo;un design vibrant de chat en mosa\u00efque, typique de Majorque. Cet accessoire se distingue par ses d\u00e9tails aux tons brillants repr\u00e9sentant un chat entour\u00e9 de papillons color\u00e9s, transmettant l&rsquo;essence joyeuse de l&rsquo;\u00eele. Le mot \u00ab\u00a0Mallorca\u00a0\u00bb est \u00e9l\u00e9gamment imprim\u00e9, faisant de cette coque un souvenir culturel distinctif. Id\u00e9al pour ceux qui cherchent \u00e0 combiner style et protection pour leur appareil.<\/p>\n","protected":false},"featured_media":12990,"template":"","meta":{"_acf_changed":false},"product_brand":[],"product_cat":[674],"product_tag":[530],"class_list":{"0":"post-27094","1":"product","2":"type-product","3":"status-publish","4":"has-post-thumbnail","6":"product_cat-etuis-pour-telephones-portables","7":"product_tag-animaux","8":"pa_ciudad-mallorca","9":"pa_motivo-chats","10":"pa_pais-espana","12":"first","13":"instock","14":"shipping-taxable","15":"product-type-simple"},"acf":[],"_links":{"self":[{"href":"https:\/\/olemosaic.com\/fr\/wp-json\/wp\/v2\/product\/27094","targetHints":{"allow":["GET"]}}],"collection":[{"href":"https:\/\/olemosaic.com\/fr\/wp-json\/wp\/v2\/product"}],"about":[{"href":"https:\/\/olemosaic.com\/fr\/wp-json\/wp\/v2\/types\/product"}],"wp:featuredmedia":[{"embeddable":true,"href":"https:\/\/olemosaic.com\/fr\/wp-json\/wp\/v2\/media\/12990"}],"wp:attachment":[{"href":"https:\/\/olemosaic.com\/fr\/wp-json\/wp\/v2\/media?parent=27094"}],"wp:term":[{"taxonomy":"product_brand","embeddable":true,"href":"https:\/\/olemosaic.com\/fr\/wp-json\/wp\/v2\/product_brand?post=27094"},{"taxonomy":"product_cat","embeddable":true,"href":"https:\/\/olemosaic.com\/fr\/wp-json\/wp\/v2\/product_cat?post=27094"},{"taxonomy":"product_tag","embeddable":true,"href":"https:\/\/olemosaic.com\/fr\/wp-json\/wp\/v2\/product_tag?post=27094"}],"curies":[{"name":"wp","href":"https:\/\/api.w.org\/{rel}","templated":true}]}}