{"id":27093,"date":"2025-02-20T22:29:01","date_gmt":"2025-02-20T22:29:01","guid":{"rendered":"http:\/\/olemosaic.com\/producto\/funda-de-telefono-para-iphone-15-promax-tpu-mariposa-barcelona-blanco\/"},"modified":"2025-07-25T19:46:07","modified_gmt":"2025-07-25T17:46:07","slug":"coque-telephone-iphone-15-pro-max-tpu-papillon-barcelone-blanc","status":"publish","type":"product","link":"https:\/\/olemosaic.com\/fr\/produit\/coque-telephone-iphone-15-pro-max-tpu-papillon-barcelone-blanc\/","title":{"rendered":"Coque de t\u00e9l\u00e9phone pour iPhone 15 Pro Max (TPU). Papillon. Barcelone. Blanc"},"content":{"rendered":"<p>Cette coque pour iPhone 15 Pro Max est une expression fascinante de la culture catalane, fabriqu\u00e9e en TPU pour garantir protection et style. D\u00e9cor\u00e9e d&rsquo;un design vibrant de papillons, cet accessoire se distingue par son fond blanc qui rehausse la beaut\u00e9 et les couleurs intenses des papillons, affichant une disposition dynamique de diff\u00e9rentes esp\u00e8ces dans un m\u00e9lange captivant de bleus, rouges, oranges et verts. La typographie \u00e9l\u00e9gante du mot \u00ab\u00a0Barcelona\u00a0\u00bb s&rsquo;int\u00e8gre harmonieusement au design, apportant une touche distinctive qui c\u00e9l\u00e8bre l&rsquo;identit\u00e9 de cette ville impressionnante.<\/p>\n<p>Inspir\u00e9e par les mosa\u00efques exquises de Barcelone, la coque combine des motifs \u00e9voquant l&rsquo;art caract\u00e9ristique du Parc G\u00fcell, con\u00e7u par Antoni Gaud\u00ed, et symbolisant le riche h\u00e9ritage culturel et artistique de la r\u00e9gion. Cet article n&rsquo;est pas seulement pratique, il permet \u00e9galement aux utilisateurs d&#8217;emporter avec eux un morceau de la vie urbaine vibrante de Barcelone, ce qui en fait un souvenir parfait pour les touristes souhaitant se rem\u00e9morer leurs moments pass\u00e9s dans la ville.<\/p>\n<p>Chez Ol\u00e9 Mosaic, nous sommes distributeurs de produits authentiques et de qualit\u00e9, et cette coque de t\u00e9l\u00e9phone repr\u00e9sente une excellente option pour les boutiques de cadeaux touristiques souhaitant proposer des souvenirs uniques de Barcelone. Ajoutez cette charmante coque \u00e0 votre collection de souvenirs, garantissant que chaque client reparte avec un morceau de la culture catalane magique.<\/p>\n","protected":false},"excerpt":{"rendered":"<p>Coque pour iPhone 15 Pro Max fabriqu\u00e9e en TPU, d\u00e9cor\u00e9e d&rsquo;un design vibrant de papillons aux couleurs intenses et de motifs inspir\u00e9s de la mosa\u00efque de Barcelone. Sur un fond blanc qui rehausse la beaut\u00e9 des papillons, la coque pr\u00e9sente une composition dynamique de diff\u00e9rentes esp\u00e8ces, avec des bleus, rouges, oranges et verts, ainsi que le texte \u00ab\u00a0Barcelona\u00a0\u00bb dans une typographie \u00e9l\u00e9gante. Un article id\u00e9al pour ceux qui souhaitent porter un morceau de la culture catalane au quotidien.<\/p>\n","protected":false},"featured_media":12465,"template":"","meta":{"_acf_changed":false},"product_brand":[],"product_cat":[674],"product_tag":[530],"class_list":{"0":"post-27093","1":"product","2":"type-product","3":"status-publish","4":"has-post-thumbnail","6":"product_cat-etuis-pour-telephones-portables","7":"product_tag-animaux","8":"pa_ciudad-barcelona","9":"pa_motivo-papillons","10":"pa_pais-espana","12":"first","13":"instock","14":"shipping-taxable","15":"product-type-simple"},"acf":[],"_links":{"self":[{"href":"https:\/\/olemosaic.com\/fr\/wp-json\/wp\/v2\/product\/27093","targetHints":{"allow":["GET"]}}],"collection":[{"href":"https:\/\/olemosaic.com\/fr\/wp-json\/wp\/v2\/product"}],"about":[{"href":"https:\/\/olemosaic.com\/fr\/wp-json\/wp\/v2\/types\/product"}],"wp:featuredmedia":[{"embeddable":true,"href":"https:\/\/olemosaic.com\/fr\/wp-json\/wp\/v2\/media\/12465"}],"wp:attachment":[{"href":"https:\/\/olemosaic.com\/fr\/wp-json\/wp\/v2\/media?parent=27093"}],"wp:term":[{"taxonomy":"product_brand","embeddable":true,"href":"https:\/\/olemosaic.com\/fr\/wp-json\/wp\/v2\/product_brand?post=27093"},{"taxonomy":"product_cat","embeddable":true,"href":"https:\/\/olemosaic.com\/fr\/wp-json\/wp\/v2\/product_cat?post=27093"},{"taxonomy":"product_tag","embeddable":true,"href":"https:\/\/olemosaic.com\/fr\/wp-json\/wp\/v2\/product_tag?post=27093"}],"curies":[{"name":"wp","href":"https:\/\/api.w.org\/{rel}","templated":true}]}}