{"id":27091,"date":"2025-02-20T22:29:01","date_gmt":"2025-02-20T22:29:01","guid":{"rendered":"http:\/\/olemosaic.com\/producto\/funda-de-telefono-para-iphone-15-promax-tpu-mosaico-azul\/"},"modified":"2025-07-25T18:00:52","modified_gmt":"2025-07-25T16:00:52","slug":"coque-telephone-iphone-15-pro-max-tpu-mosaique-bleu","status":"publish","type":"product","link":"https:\/\/olemosaic.com\/fr\/produit\/coque-telephone-iphone-15-pro-max-tpu-mosaique-bleu\/","title":{"rendered":"Coque de t\u00e9l\u00e9phone pour iPhone 15 Pro Max (TPU). Mosa\u00efque. Bleu"},"content":{"rendered":"<p>Cette coque pour iPhone 15 Pro Max c\u00e9l\u00e8bre la riche tradition de la mosa\u00efque espagnole, id\u00e9ale pour ceux qui recherchent un accessoire alliant protection et esth\u00e9tique culturelle. Fabriqu\u00e9e en TPU de haute qualit\u00e9, elle offre une r\u00e9sistance optimale contre les chocs et les chutes, assurant la protection de l&rsquo;appareil \u00e0 tout moment. Le design, avec une \u00e9l\u00e9gante combinaison de tons bleu profond et de formes irr\u00e9guli\u00e8res blanches, \u00e9voque les mosa\u00efques embl\u00e9matiques qui ornent les villes espagnoles comme Barcelone et Grenade. Ce motif, beau et distinctif, n&rsquo;est pas seulement visuellement attrayant, mais refl\u00e8te \u00e9galement l&rsquo;h\u00e9ritage culturel de la mosa\u00efque, connue pour son histoire dans l&rsquo;architecture et l&rsquo;art de la p\u00e9ninsule ib\u00e9rique.<\/p>\n<p>Avec sa finition polie et l\u00e9g\u00e8re, la coque s&rsquo;adapte parfaitement \u00e0 l&rsquo;iPhone 15 Pro Max, rehaussant son design \u00e9l\u00e9gant et ajoutant une touche artistique au quotidien. En plus d&rsquo;\u00eatre un cadeau parfait et fonctionnel pour les touristes, elle devient un v\u00e9ritable souvenir \u00e9voquant la beaut\u00e9 et la tradition de l&rsquo;Espagne. Chez Ol\u00e9 Mosaic, en tant que distributeurs d&rsquo;accessoires en gros, nous garantissons que notre coque mosa\u00efque est un produit de qualit\u00e9 et un hommage \u00e0 la riche diversit\u00e9 culturelle espagnole, id\u00e9al pour les boutiques de cadeaux touristiques \u00e0 la recherche de produits authentiques et pertinents.<\/p>\n","protected":false},"excerpt":{"rendered":"<p>Coque pour iPhone 15 Pro Max fabriqu\u00e9e en TPU, d\u00e9cor\u00e9e d&rsquo;un motif de mosa\u00efque dans les tons bleus. La coque pr\u00e9sente une \u00e9l\u00e9gante combinaison de formes irr\u00e9guli\u00e8res blanches sur un fond bleu fonc\u00e9, \u00e9voquant la tradition de l&rsquo;art de la mosa\u00efque caract\u00e9ristique des villes espagnoles. Cet accessoire offre non seulement une protection, mais aussi une touche artistique et distinctive, id\u00e9ale pour ceux qui appr\u00e9cient l&rsquo;esth\u00e9tique culturelle.<\/p>\n","protected":false},"featured_media":12477,"template":"","meta":{"_acf_changed":false},"product_brand":[],"product_cat":[674],"product_tag":[],"class_list":{"0":"post-27091","1":"product","2":"type-product","3":"status-publish","4":"has-post-thumbnail","6":"product_cat-etuis-pour-telephones-portables","7":"pa_motivo-mosaique","9":"first","10":"instock","11":"shipping-taxable","12":"product-type-simple"},"acf":[],"_links":{"self":[{"href":"https:\/\/olemosaic.com\/fr\/wp-json\/wp\/v2\/product\/27091","targetHints":{"allow":["GET"]}}],"collection":[{"href":"https:\/\/olemosaic.com\/fr\/wp-json\/wp\/v2\/product"}],"about":[{"href":"https:\/\/olemosaic.com\/fr\/wp-json\/wp\/v2\/types\/product"}],"wp:featuredmedia":[{"embeddable":true,"href":"https:\/\/olemosaic.com\/fr\/wp-json\/wp\/v2\/media\/12477"}],"wp:attachment":[{"href":"https:\/\/olemosaic.com\/fr\/wp-json\/wp\/v2\/media?parent=27091"}],"wp:term":[{"taxonomy":"product_brand","embeddable":true,"href":"https:\/\/olemosaic.com\/fr\/wp-json\/wp\/v2\/product_brand?post=27091"},{"taxonomy":"product_cat","embeddable":true,"href":"https:\/\/olemosaic.com\/fr\/wp-json\/wp\/v2\/product_cat?post=27091"},{"taxonomy":"product_tag","embeddable":true,"href":"https:\/\/olemosaic.com\/fr\/wp-json\/wp\/v2\/product_tag?post=27091"}],"curies":[{"name":"wp","href":"https:\/\/api.w.org\/{rel}","templated":true}]}}