{"id":27079,"date":"2025-02-20T22:29:00","date_gmt":"2025-02-20T22:29:00","guid":{"rendered":"http:\/\/olemosaic.com\/producto\/funda-de-telefono-para-iphone-15-promax-tpu-abstracto-negro\/"},"modified":"2025-07-25T19:48:56","modified_gmt":"2025-07-25T17:48:56","slug":"coque-de-telephone-pour-iphone-15-pro-max-tpu-abstrait-noir","status":"publish","type":"product","link":"https:\/\/olemosaic.com\/fr\/produit\/coque-de-telephone-pour-iphone-15-pro-max-tpu-abstrait-noir\/","title":{"rendered":"Coque de t\u00e9l\u00e9phone pour iPhone 15 Pro Max (TPU). Abstrait. Noir"},"content":{"rendered":"<p>Cette coque pour iPhone 15 Pro Max est l&rsquo;accessoire id\u00e9al pour ceux qui recherchent une touche artistique et moderne pour leur appareil. Fabriqu\u00e9e en TPU r\u00e9sistant, elle offre une protection efficace contre les impacts et les chutes, assurant la durabilit\u00e9 dont les utilisateurs ont besoin au quotidien. Son design abstrait se d\u00e9tache sur un fond noir, o\u00f9 d&rsquo;\u00e9l\u00e9gantes lignes de lumi\u00e8re aux tons vibrants tels que le rose, le vert, le jaune et le bleu cr\u00e9ent un effet dynamique qui attire instantan\u00e9ment l&rsquo;attention. Cette combinaison de couleurs rehausse non seulement l&rsquo;esth\u00e9tique du t\u00e9l\u00e9phone, mais refl\u00e8te \u00e9galement l&rsquo;\u00e9nergie et la vitalit\u00e9 de la culture contemporaine.<\/p>\n<p>L&rsquo;association de formes fluides et de couleurs intenses fait de cette coque un v\u00e9ritable \u00e9tendard du style moderne, parfait pour ceux qui souhaitent personnaliser leur technologie avec une touche de distinction. De plus, en tant que souvenir de design espagnol, elle apporte une valeur culturelle \u00e0 l&rsquo;exp\u00e9rience de chaque utilisateur, transformant un simple accessoire en un souvenir significatif. Chez Ol\u00e9 Mosaic, nous sommes distributeurs de coques en gros, garantissant qualit\u00e9 et originalit\u00e9 dans chaque produit que nous proposons. Cette coque abstraite est un excellent choix pour les boutiques de cadeaux touristiques cherchant \u00e0 offrir des articles uniques et repr\u00e9sentatifs de l&rsquo;art contemporain.<\/p>\n","protected":false},"excerpt":{"rendered":"<p>Coque pour iPhone 15 Pro Max en TPU, avec un design abstrait sur fond noir. Elle pr\u00e9sente d&rsquo;\u00e9l\u00e9gantes lignes de lumi\u00e8re aux tons vibrants comme le rose, le vert, le jaune et le bleu, cr\u00e9ant un effet dynamique et moderne. Cette coque prot\u00e8ge non seulement efficacement contre les impacts, mais devient \u00e9galement un accessoire visuellement attrayant qui rehausse le style contemporain de la technologie actuelle. Id\u00e9al pour ceux qui cherchent \u00e0 personnaliser leur appareil avec une touche artistique et color\u00e9e.<\/p>\n","protected":false},"featured_media":12482,"template":"","meta":{"_acf_changed":false},"product_brand":[],"product_cat":[674],"product_tag":[],"class_list":{"0":"post-27079","1":"product","2":"type-product","3":"status-publish","4":"has-post-thumbnail","6":"product_cat-etuis-pour-telephones-portables","7":"pa_motivo-resume","9":"first","10":"instock","11":"shipping-taxable","12":"product-type-simple"},"acf":[],"_links":{"self":[{"href":"https:\/\/olemosaic.com\/fr\/wp-json\/wp\/v2\/product\/27079","targetHints":{"allow":["GET"]}}],"collection":[{"href":"https:\/\/olemosaic.com\/fr\/wp-json\/wp\/v2\/product"}],"about":[{"href":"https:\/\/olemosaic.com\/fr\/wp-json\/wp\/v2\/types\/product"}],"wp:featuredmedia":[{"embeddable":true,"href":"https:\/\/olemosaic.com\/fr\/wp-json\/wp\/v2\/media\/12482"}],"wp:attachment":[{"href":"https:\/\/olemosaic.com\/fr\/wp-json\/wp\/v2\/media?parent=27079"}],"wp:term":[{"taxonomy":"product_brand","embeddable":true,"href":"https:\/\/olemosaic.com\/fr\/wp-json\/wp\/v2\/product_brand?post=27079"},{"taxonomy":"product_cat","embeddable":true,"href":"https:\/\/olemosaic.com\/fr\/wp-json\/wp\/v2\/product_cat?post=27079"},{"taxonomy":"product_tag","embeddable":true,"href":"https:\/\/olemosaic.com\/fr\/wp-json\/wp\/v2\/product_tag?post=27079"}],"curies":[{"name":"wp","href":"https:\/\/api.w.org\/{rel}","templated":true}]}}