{"id":27073,"date":"2025-02-20T22:28:59","date_gmt":"2025-02-20T22:28:59","guid":{"rendered":"http:\/\/olemosaic.com\/producto\/funda-de-telefono-para-iphone-15-pro-tpu-abstracto-azul\/"},"modified":"2025-07-18T14:50:56","modified_gmt":"2025-07-18T12:50:56","slug":"coque-de-telephone-pour-iphone-15-pro-tpu-abstrait-bleu","status":"publish","type":"product","link":"https:\/\/olemosaic.com\/fr\/produit\/coque-de-telephone-pour-iphone-15-pro-tpu-abstrait-bleu\/","title":{"rendered":"Coque de t\u00e9l\u00e9phone pour iPhone 15 Pro (TPU). Abstrait. Bleu"},"content":{"rendered":"<p>Cette coque pour iPhone 15 Pro est l&rsquo;accessoire id\u00e9al pour ceux qui recherchent une combinaison de style et de protection. Fabriqu\u00e9e en TPU, elle offre une durabilit\u00e9 et une flexibilit\u00e9 exceptionnelles, prot\u00e9geant votre appareil des chocs et des rayures. Son design abstrait dans les tons bleus, avec un d\u00e9grad\u00e9 vibrant allant du jaune au vert et au rouge, est m\u00e9ticuleusement con\u00e7u pour ajouter une touche moderne et distinctive \u00e0 votre t\u00e9l\u00e9phone. Le motif de diamants qui orne l&rsquo;arri\u00e8re de la coque am\u00e9liore non seulement son esth\u00e9tique, mais offre \u00e9galement une prise en main suppl\u00e9mentaire, r\u00e9duisant le risque de chutes accidentelles.<\/p>\n<p>Cet article n&rsquo;est pas seulement un excellent accessoire pour l&rsquo;iPhone 15 Pro, mais il agit \u00e9galement comme un souvenir contemporain, refl\u00e9tant les derni\u00e8res tendances en mati\u00e8re de design. Chez Ol\u00e9 Mosaic, nous nous sp\u00e9cialisons dans la distribution de produits authentiques et de qualit\u00e9, et cette coque en est un exemple clair. Parfaite pour les touristes et les acheteurs \u00e0 la recherche d&rsquo;un souvenir utile et stylis\u00e9 de leur exp\u00e9rience en Espagne, cette coque est une excellente option pour les boutiques de cadeaux touristiques souhaitant offrir plus qu&rsquo;un simple objet. En tant que distributeurs d&rsquo;accessoires en gros, nous garantissons que chaque pi\u00e8ce r\u00e9pond aux normes les plus \u00e9lev\u00e9es de design et de fonctionnalit\u00e9.<\/p>\n","protected":false},"excerpt":{"rendered":"<p>Coque pour iPhone 15 Pro fabriqu\u00e9e en TPU, avec un design abstrait dans les tons bleus et un d\u00e9grad\u00e9 de couleurs vibrantes. Cet accessoire flexible et r\u00e9sistant pr\u00e9sente un motif de diamants qui lui donne une touche moderne et distinctive. Id\u00e9ale pour ceux qui recherchent protection et style, la coque combine fonctionnalit\u00e9 et esth\u00e9tique contemporaine, garantissant un ajustement parfait pour votre mobile. Parfaite pour souligner votre personnalit\u00e9 unique.<\/p>\n","protected":false},"featured_media":12458,"template":"","meta":{"_acf_changed":false},"product_brand":[],"product_cat":[674],"product_tag":[],"class_list":{"0":"post-27073","1":"product","2":"type-product","3":"status-publish","4":"has-post-thumbnail","6":"product_cat-etuis-pour-telephones-portables","7":"pa_motivo-resume","9":"first","10":"instock","11":"shipping-taxable","12":"product-type-simple"},"acf":[],"_links":{"self":[{"href":"https:\/\/olemosaic.com\/fr\/wp-json\/wp\/v2\/product\/27073","targetHints":{"allow":["GET"]}}],"collection":[{"href":"https:\/\/olemosaic.com\/fr\/wp-json\/wp\/v2\/product"}],"about":[{"href":"https:\/\/olemosaic.com\/fr\/wp-json\/wp\/v2\/types\/product"}],"wp:featuredmedia":[{"embeddable":true,"href":"https:\/\/olemosaic.com\/fr\/wp-json\/wp\/v2\/media\/12458"}],"wp:attachment":[{"href":"https:\/\/olemosaic.com\/fr\/wp-json\/wp\/v2\/media?parent=27073"}],"wp:term":[{"taxonomy":"product_brand","embeddable":true,"href":"https:\/\/olemosaic.com\/fr\/wp-json\/wp\/v2\/product_brand?post=27073"},{"taxonomy":"product_cat","embeddable":true,"href":"https:\/\/olemosaic.com\/fr\/wp-json\/wp\/v2\/product_cat?post=27073"},{"taxonomy":"product_tag","embeddable":true,"href":"https:\/\/olemosaic.com\/fr\/wp-json\/wp\/v2\/product_tag?post=27073"}],"curies":[{"name":"wp","href":"https:\/\/api.w.org\/{rel}","templated":true}]}}