{"id":27072,"date":"2025-02-20T22:28:59","date_gmt":"2025-02-20T22:28:59","guid":{"rendered":"http:\/\/olemosaic.com\/producto\/funda-de-telefono-para-iphone-15-tpu-abstracto-verde\/"},"modified":"2025-07-25T22:07:06","modified_gmt":"2025-07-25T20:07:06","slug":"coque-de-telephone-pour-iphone-15-tpu-abstrait-vert","status":"publish","type":"product","link":"https:\/\/olemosaic.com\/fr\/produit\/coque-de-telephone-pour-iphone-15-tpu-abstrait-vert\/","title":{"rendered":"Coque de t\u00e9l\u00e9phone pour iPhone 15 (TPU). Abstrait. Vert"},"content":{"rendered":"<p>Cette coque pour iPhone 15 est une v\u00e9ritable \u0153uvre d&rsquo;art fonctionnelle qui se distingue par son design abstrait et vibrant. Elle combine une explosion de couleurs dans les tons verts et multicolores, avec des textures simulant le marbre. Fabriqu\u00e9e en TPU de haute qualit\u00e9, elle offre non seulement une esth\u00e9tique moderne et artistique, mais prot\u00e8ge \u00e9galement parfaitement l&rsquo;appareil. Sa finition douce et l\u00e9g\u00e8rement textur\u00e9e assure une prise en main confortable, \u00e9vitant qu&rsquo;elle ne glisse des mains, et son design \u00e9l\u00e9gant et contemporain la fait ressortir parmi d&rsquo;autres accessoires technologiques.<\/p>\n<p>Les tons chauds et froids, entrelac\u00e9s, g\u00e9n\u00e8rent un effet visuel dynamique et attrayant. Cette coque est l&rsquo;accessoire id\u00e9al pour ceux qui cherchent \u00e0 personnaliser leur iPhone 15 avec style. En plus de sa beaut\u00e9, c&rsquo;est un cadeau id\u00e9al pour les touristes \u00e0 la recherche de souvenirs authentiques de leur visite en Espagne, car elle encapsule la cr\u00e9ativit\u00e9 et l&rsquo;art qui caract\u00e9risent la culture espagnole. Chez Ol\u00e9 Mosaic, nous sommes reconnus pour notre s\u00e9lection de souvenirs de qualit\u00e9, et cette coque est une excellente option pour les boutiques de cadeaux touristiques souhaitant proposer des produits uniques et pertinents. La pertinence culturelle de ce produit en fait une pi\u00e8ce non seulement pratique, mais aussi repr\u00e9sentative de l&rsquo;art moderne, \u00e9tablissant un lien pr\u00e9cieux avec la tradition artistique espagnole. En tant que grossistes de coques de t\u00e9l\u00e9phone, nous garantissons design et fonctionnalit\u00e9 pour chaque article que nous proposons.<\/p>\n","protected":false},"excerpt":{"rendered":"<p>Coque pour iPhone 15 fabriqu\u00e9e en TPU avec un design abstrait et vibrant dans les tons verts et multicolores. Cette coque pr\u00e9sente un m\u00e9lange \u00e9l\u00e9gant de formes ondul\u00e9es et de textures simulant un effet marbre, apportant une touche artistique et moderne. Sa finition douce assure non seulement une bonne prise en main, mais prot\u00e8ge \u00e9galement efficacement l&rsquo;appareil contre les chocs et les rayures, ce qui en fait une option id\u00e9ale pour ceux qui recherchent style et fonctionnalit\u00e9.<\/p>\n","protected":false},"featured_media":12429,"template":"","meta":{"_acf_changed":false},"product_brand":[],"product_cat":[674],"product_tag":[],"class_list":{"0":"post-27072","1":"product","2":"type-product","3":"status-publish","4":"has-post-thumbnail","6":"product_cat-etuis-pour-telephones-portables","7":"pa_motivo-resume","9":"first","10":"instock","11":"shipping-taxable","12":"product-type-simple"},"acf":[],"_links":{"self":[{"href":"https:\/\/olemosaic.com\/fr\/wp-json\/wp\/v2\/product\/27072","targetHints":{"allow":["GET"]}}],"collection":[{"href":"https:\/\/olemosaic.com\/fr\/wp-json\/wp\/v2\/product"}],"about":[{"href":"https:\/\/olemosaic.com\/fr\/wp-json\/wp\/v2\/types\/product"}],"wp:featuredmedia":[{"embeddable":true,"href":"https:\/\/olemosaic.com\/fr\/wp-json\/wp\/v2\/media\/12429"}],"wp:attachment":[{"href":"https:\/\/olemosaic.com\/fr\/wp-json\/wp\/v2\/media?parent=27072"}],"wp:term":[{"taxonomy":"product_brand","embeddable":true,"href":"https:\/\/olemosaic.com\/fr\/wp-json\/wp\/v2\/product_brand?post=27072"},{"taxonomy":"product_cat","embeddable":true,"href":"https:\/\/olemosaic.com\/fr\/wp-json\/wp\/v2\/product_cat?post=27072"},{"taxonomy":"product_tag","embeddable":true,"href":"https:\/\/olemosaic.com\/fr\/wp-json\/wp\/v2\/product_tag?post=27072"}],"curies":[{"name":"wp","href":"https:\/\/api.w.org\/{rel}","templated":true}]}}