{"id":27071,"date":"2025-02-20T22:28:59","date_gmt":"2025-02-20T22:28:59","guid":{"rendered":"http:\/\/olemosaic.com\/producto\/funda-de-telefono-para-iphone-15-tpu-salamandra-barcelona-blanco\/"},"modified":"2025-07-25T20:06:20","modified_gmt":"2025-07-25T18:06:20","slug":"coque-de-telephone-pour-iphone-15-tpu-salamandre-barcelone-blanc","status":"publish","type":"product","link":"https:\/\/olemosaic.com\/fr\/produit\/coque-de-telephone-pour-iphone-15-tpu-salamandre-barcelone-blanc\/","title":{"rendered":"Coque de t\u00e9l\u00e9phone pour iPhone 15 (TPU). Salamandre. Barcelone. Blanc"},"content":{"rendered":"<p>Cette coque pour iPhone 15 est exceptionnelle, car elle combine protection et art, offrant une repr\u00e9sentation vibrante de la culture catalane. Fabriqu\u00e9e avec un mat\u00e9riau TPU de haute qualit\u00e9, elle assure l&rsquo;int\u00e9grit\u00e9 de votre appareil tout en l&rsquo;ornant d&rsquo;un design spectaculaire de salamandres et de fleurs, inspir\u00e9 de l&rsquo;\u0153uvre embl\u00e9matique de Gaud\u00ed \u00e0 Barcelone. La base blanche de la coque fait ressortir les motifs color\u00e9s dans les tons bleus, verts, rouges et jaunes, qui \u00e9voquent la cr\u00e9ativit\u00e9 et l&rsquo;esprit moderniste de la ville. Chaque salamandre, con\u00e7ue dans un style joyeux et festif, est accompagn\u00e9e de fleurs qui compl\u00e8tent cette mosa\u00efque d&rsquo;art urbain.<\/p>\n<p>L&rsquo;inscription \u00ab\u00a0Barcelone\u00a0\u00bb en lettres frappantes ajoute une touche personnelle et distinctive, en faisant un souvenir id\u00e9al pour ceux qui souhaitent emporter avec eux une partie de la vibrante culture barcelonaise. De plus, cette coque n&rsquo;est pas seulement un accessoire esth\u00e9tique, mais elle symbolise \u00e9galement l&rsquo;h\u00e9ritage artistique d&rsquo;une ville qui allie histoire, modernit\u00e9 et un amour profond pour l&rsquo;art.<\/p>\n<p>Faisant partie de l&rsquo;offre d&rsquo;Ol\u00e9 Mosaic, cette coque est un excellent choix pour les boutiques de cadeaux touristiques \u00e0 la recherche de souvenirs authentiques et de qualit\u00e9 refl\u00e9tant l&rsquo;essence culturelle de Barcelone. Avec sa beaut\u00e9 et sa fonctionnalit\u00e9, elle se positionne comme un favori parmi les touristes \u00e0 la recherche d&rsquo;un morceau de la magie de cette ville fascinante.<\/p>\n","protected":false},"excerpt":{"rendered":"<p>Coque pour iPhone 15 fabriqu\u00e9e en TPU, avec un design vibrant de salamandres et de fleurs inspir\u00e9 de l&rsquo;\u0153uvre de Gaud\u00ed \u00e0 Barcelone. Le fond blanc rehausse les motifs color\u00e9s dans les tons bleus, verts, rouges et jaunes, apportant une touche artistique et moderne. Avec l&rsquo;inscription \u00ab\u00a0Barcelone\u00a0\u00bb en lettres frappantes, cette coque prot\u00e8ge votre appareil tout en c\u00e9l\u00e9brant l&rsquo;h\u00e9ritage culturel de la ville.<\/p>\n","protected":false},"featured_media":12423,"template":"","meta":{"_acf_changed":false},"product_brand":[],"product_cat":[674],"product_tag":[530],"class_list":{"0":"post-27071","1":"product","2":"type-product","3":"status-publish","4":"has-post-thumbnail","6":"product_cat-etuis-pour-telephones-portables","7":"product_tag-animaux","8":"pa_ciudad-barcelona","9":"pa_motivo-salamandres","10":"pa_pais-espana","12":"first","13":"instock","14":"shipping-taxable","15":"product-type-simple"},"acf":[],"_links":{"self":[{"href":"https:\/\/olemosaic.com\/fr\/wp-json\/wp\/v2\/product\/27071","targetHints":{"allow":["GET"]}}],"collection":[{"href":"https:\/\/olemosaic.com\/fr\/wp-json\/wp\/v2\/product"}],"about":[{"href":"https:\/\/olemosaic.com\/fr\/wp-json\/wp\/v2\/types\/product"}],"wp:featuredmedia":[{"embeddable":true,"href":"https:\/\/olemosaic.com\/fr\/wp-json\/wp\/v2\/media\/12423"}],"wp:attachment":[{"href":"https:\/\/olemosaic.com\/fr\/wp-json\/wp\/v2\/media?parent=27071"}],"wp:term":[{"taxonomy":"product_brand","embeddable":true,"href":"https:\/\/olemosaic.com\/fr\/wp-json\/wp\/v2\/product_brand?post=27071"},{"taxonomy":"product_cat","embeddable":true,"href":"https:\/\/olemosaic.com\/fr\/wp-json\/wp\/v2\/product_cat?post=27071"},{"taxonomy":"product_tag","embeddable":true,"href":"https:\/\/olemosaic.com\/fr\/wp-json\/wp\/v2\/product_tag?post=27071"}],"curies":[{"name":"wp","href":"https:\/\/api.w.org\/{rel}","templated":true}]}}