{"id":27070,"date":"2025-02-20T22:28:59","date_gmt":"2025-02-20T22:28:59","guid":{"rendered":"http:\/\/olemosaic.com\/producto\/funda-de-telefono-para-iphone-15-tpu-sagrada-familia-barcelona-azul\/"},"modified":"2025-07-25T19:24:47","modified_gmt":"2025-07-25T17:24:47","slug":"coque-de-telephone-pour-iphone-15-tpu-sagrada-familia-barcelone-bleu","status":"publish","type":"product","link":"https:\/\/olemosaic.com\/fr\/produit\/coque-de-telephone-pour-iphone-15-tpu-sagrada-familia-barcelone-bleu\/","title":{"rendered":"Coque de t\u00e9l\u00e9phone pour iPhone 15 (TPU). Sagrada Familia. Barcelone. Bleu"},"content":{"rendered":"<p>Cette coque pour iPhone 15 est une \u0153uvre d&rsquo;art qui rend hommage \u00e0 la Sagrada Familia de Barcelone, l&rsquo;un des monuments les plus embl\u00e9matiques et reconnaissables au monde. Fabriqu\u00e9e en TPU, cette coque offre non seulement une protection exceptionnelle, mais pr\u00e9sente \u00e9galement un design vibrant qui capture la majest\u00e9 du chef-d&rsquo;\u0153uvre d&rsquo;Antoni Gaud\u00ed. L&rsquo;illustration se distingue par son fond bleu brillant, qui contraste parfaitement avec les tons chauds de la basilique, mettant en valeur ses tours embl\u00e9matiques et ses \u00e9l\u00e9ments architecturaux distinctifs. Des d\u00e9tails tels que les pinacles ornement\u00e9s et la c\u00e9l\u00e8bre mosa\u00efque qui orne la fa\u00e7ade rendent chaque regard sur la coque fascinant.<\/p>\n<p>Le mot \u00ab\u00a0Barcelone\u00a0\u00bb appara\u00eet \u00e9l\u00e9gamment \u00e9crit, ajoutant une touche distinctive qui relie les utilisateurs \u00e0 la riche culture et \u00e0 l&rsquo;histoire de la ville. Ce souvenir, plus qu&rsquo;une simple coque, devient un rappel tangible de la beaut\u00e9 architecturale de la capitale catalane, id\u00e9al pour ceux qui cherchent \u00e0 prot\u00e9ger leur appareil tout en emportant avec eux un morceau d&rsquo;art et de culture. Chez Ol\u00e9 Mosaic, nous comprenons l&rsquo;importance des souvenirs authentiques et significatifs ; cette coque est parfaite pour les boutiques de cadeaux touristiques qui souhaitent proposer des produits de qualit\u00e9 mettant en valeur l&rsquo;h\u00e9ritage culturel de Barcelone. En tant que grossistes d&rsquo;accessoires, nous garantissons l&rsquo;authenticit\u00e9 et le design attrayant de chaque pi\u00e8ce, aidant les touristes \u00e0 ramener chez eux un souvenir inoubliable.<\/p>\n","protected":false},"excerpt":{"rendered":"<p>Coque pour iPhone 15 fabriqu\u00e9e en TPU, d\u00e9cor\u00e9e d&rsquo;une repr\u00e9sentation vibrante de la Sagrada Familia de Barcelone. Le design color\u00e9 capture les d\u00e9tails architecturaux embl\u00e9matiques de Gaud\u00ed, mettant en valeur la majest\u00e9 de ses tours et de ses \u00e9l\u00e9ments distinctifs. Le fond bleu brillant contraste avec les tons chauds de la basilique, tandis que le mot \u00ab\u00a0Barcelone\u00a0\u00bb est pr\u00e9sent\u00e9 avec une typographie \u00e9l\u00e9gante. Id\u00e9al pour ceux qui souhaitent prot\u00e9ger leur appareil avec une touche d&rsquo;art catalan.<\/p>\n","protected":false},"featured_media":12433,"template":"","meta":{"_acf_changed":false},"product_brand":[],"product_cat":[674],"product_tag":[],"class_list":{"0":"post-27070","1":"product","2":"type-product","3":"status-publish","4":"has-post-thumbnail","6":"product_cat-etuis-pour-telephones-portables","7":"pa_ciudad-barcelona","8":"pa_motivo-sagrada-familia","9":"pa_pais-espana","11":"first","12":"instock","13":"shipping-taxable","14":"product-type-simple"},"acf":[],"_links":{"self":[{"href":"https:\/\/olemosaic.com\/fr\/wp-json\/wp\/v2\/product\/27070","targetHints":{"allow":["GET"]}}],"collection":[{"href":"https:\/\/olemosaic.com\/fr\/wp-json\/wp\/v2\/product"}],"about":[{"href":"https:\/\/olemosaic.com\/fr\/wp-json\/wp\/v2\/types\/product"}],"wp:featuredmedia":[{"embeddable":true,"href":"https:\/\/olemosaic.com\/fr\/wp-json\/wp\/v2\/media\/12433"}],"wp:attachment":[{"href":"https:\/\/olemosaic.com\/fr\/wp-json\/wp\/v2\/media?parent=27070"}],"wp:term":[{"taxonomy":"product_brand","embeddable":true,"href":"https:\/\/olemosaic.com\/fr\/wp-json\/wp\/v2\/product_brand?post=27070"},{"taxonomy":"product_cat","embeddable":true,"href":"https:\/\/olemosaic.com\/fr\/wp-json\/wp\/v2\/product_cat?post=27070"},{"taxonomy":"product_tag","embeddable":true,"href":"https:\/\/olemosaic.com\/fr\/wp-json\/wp\/v2\/product_tag?post=27070"}],"curies":[{"name":"wp","href":"https:\/\/api.w.org\/{rel}","templated":true}]}}