{"id":27064,"date":"2025-02-20T22:28:59","date_gmt":"2025-02-20T22:28:59","guid":{"rendered":"http:\/\/olemosaic.com\/producto\/funda-de-telefono-para-iphone-15-tpu-mariposa-mallorca-blanco\/"},"modified":"2025-07-25T19:04:57","modified_gmt":"2025-07-25T17:04:57","slug":"coque-de-telephone-pour-iphone-15-tpu-papillon-majorque-blanc","status":"publish","type":"product","link":"https:\/\/olemosaic.com\/fr\/produit\/coque-de-telephone-pour-iphone-15-tpu-papillon-majorque-blanc\/","title":{"rendered":"Coque de t\u00e9l\u00e9phone pour iPhone 15 (TPU). Papillon. Majorque. Blanc"},"content":{"rendered":"<p>Cette coque pour iPhone 15 est un bijou unique qui capture l&rsquo;essence vibrante de Majorque. Confectionn\u00e9e en TPU, ce mat\u00e9riau offre une excellente protection contre les chocs et les rayures, assurant la s\u00e9curit\u00e9 de votre appareil avec style. Le design pr\u00e9sente un fond blanc qui sert de toile, mettant en valeur un motif de mosa\u00efque attrayant avec des papillons fascinants dans des tons orange, bleu et rose, \u00e9voquant la beaut\u00e9 naturelle de cette \u00eele m\u00e9diterran\u00e9enne paradisiaque. Chaque papillon se distingue gr\u00e2ce \u00e0 son illustration d\u00e9taill\u00e9e, invitant les observateurs \u00e0 explorer sa beaut\u00e9 dans chaque recoin du design.<\/p>\n<p>Le mot \u00ab\u00a0Mallorca\u00a0\u00bb est \u00e9l\u00e9gamment imprim\u00e9 dans un style moderne, s&rsquo;int\u00e9grant harmonieusement \u00e0 la d\u00e9coration, ce qui en fait le souvenir parfait pour ceux qui veulent emporter avec eux un morceau de cette r\u00e9gion embl\u00e9matique. Ce souvenir n&rsquo;est pas seulement un accessoire fonctionnel, mais aussi un rappel de la richesse culturelle et de la diversit\u00e9 de la flore locale. Chez Ol\u00e9 Mosaic, nous sommes fiers de proposer des produits authentiques et repr\u00e9sentatifs de la culture espagnole. Cette coque est une excellente option pour les boutiques de cadeaux touristiques \u00e0 la recherche d&rsquo;un souvenir attrayant et significatif. En tant que grossistes de coques pour mobiles, nous garantissons une qualit\u00e9 et un design artisanal qui r\u00e9sonnent avec l&rsquo;authenticit\u00e9 majorquine.<\/p>\n","protected":false},"excerpt":{"rendered":"<p>Coque pour iPhone 15 en mat\u00e9riau TPU, d\u00e9cor\u00e9e de papillons color\u00e9s et d&rsquo;un design inspir\u00e9 de la beaut\u00e9 de Majorque. La coque pr\u00e9sente un fond blanc avec un motif de mosa\u00efque qui met en valeur les papillons dans des tons vibrants d&rsquo;orange, de bleu et de rose, capturant l&rsquo;essence m\u00e9diterran\u00e9enne de l&rsquo;\u00eele. Avec le mot \u00ab\u00a0Mallorca\u00a0\u00bb imprim\u00e9 dans un style moderne, elle est parfaite pour ceux qui recherchent une touche artistique et \u00e9l\u00e9gante pour leur appareil.<\/p>\n","protected":false},"featured_media":12975,"template":"","meta":{"_acf_changed":false},"product_brand":[],"product_cat":[674],"product_tag":[530],"class_list":{"0":"post-27064","1":"product","2":"type-product","3":"status-publish","4":"has-post-thumbnail","6":"product_cat-etuis-pour-telephones-portables","7":"product_tag-animaux","8":"pa_ciudad-mallorca","9":"pa_motivo-papillons","10":"pa_pais-espana","12":"first","13":"instock","14":"shipping-taxable","15":"product-type-simple"},"acf":[],"_links":{"self":[{"href":"https:\/\/olemosaic.com\/fr\/wp-json\/wp\/v2\/product\/27064","targetHints":{"allow":["GET"]}}],"collection":[{"href":"https:\/\/olemosaic.com\/fr\/wp-json\/wp\/v2\/product"}],"about":[{"href":"https:\/\/olemosaic.com\/fr\/wp-json\/wp\/v2\/types\/product"}],"wp:featuredmedia":[{"embeddable":true,"href":"https:\/\/olemosaic.com\/fr\/wp-json\/wp\/v2\/media\/12975"}],"wp:attachment":[{"href":"https:\/\/olemosaic.com\/fr\/wp-json\/wp\/v2\/media?parent=27064"}],"wp:term":[{"taxonomy":"product_brand","embeddable":true,"href":"https:\/\/olemosaic.com\/fr\/wp-json\/wp\/v2\/product_brand?post=27064"},{"taxonomy":"product_cat","embeddable":true,"href":"https:\/\/olemosaic.com\/fr\/wp-json\/wp\/v2\/product_cat?post=27064"},{"taxonomy":"product_tag","embeddable":true,"href":"https:\/\/olemosaic.com\/fr\/wp-json\/wp\/v2\/product_tag?post=27064"}],"curies":[{"name":"wp","href":"https:\/\/api.w.org\/{rel}","templated":true}]}}