{"id":27063,"date":"2025-02-20T22:28:59","date_gmt":"2025-02-20T22:28:59","guid":{"rendered":"http:\/\/olemosaic.com\/producto\/funda-de-telefono-para-iphone-15-tpu-abstracto-azul\/"},"modified":"2025-07-25T20:39:25","modified_gmt":"2025-07-25T18:39:25","slug":"coque-de-telephone-pour-iphone-15-tpu-abstrait-bleu","status":"publish","type":"product","link":"https:\/\/olemosaic.com\/fr\/produit\/coque-de-telephone-pour-iphone-15-tpu-abstrait-bleu\/","title":{"rendered":"Coque de t\u00e9l\u00e9phone pour iPhone 15 (TPU). Abstrait. Bleu"},"content":{"rendered":"<p>Cette coque pour iPhone 15 est une expression vibrante de l&rsquo;art contemporain majorquin, fabriqu\u00e9e en TPU de haute qualit\u00e9 pour offrir une protection \u00e9l\u00e9gante et durable. Son design abstrait resplendit dans une palette de tons bleus et multicolores, \u00e9voquant les vagues de la M\u00e9diterran\u00e9e et la douceur du climat de Majorque. Les tourbillons dynamiques et les formes fluides de sa surface cr\u00e9ent une \u0153uvre visuelle unique qui capte l&rsquo;attention et ajoute une touche de sophistication et de personnalit\u00e9 \u00e0 votre appareil.<\/p>\n<p>Le mot \u00ab\u00a0Mallorca\u00a0\u00bb se d\u00e9tache dans une \u00e9l\u00e9gante typographie blanche, un d\u00e9tail qui souligne la connexion avec cette \u00eele embl\u00e9matique des Bal\u00e9ares, c\u00e9l\u00e8bre pour sa beaut\u00e9 naturelle et sa riche culture artistique. Ce souvenir n&rsquo;est pas seulement un accessoire, mais aussi un rappel significatif qui repr\u00e9sente l&rsquo;essence de Majorque, ce qui en fait une excellente option pour les touristes souhaitant emporter un morceau de cette magnifique r\u00e9gion.<\/p>\n<p>En tant que distributeur en gros de souvenirs, Ol\u00e9 Mosaic propose cette coque dans le cadre de sa collection s\u00e9lectionn\u00e9e, id\u00e9ale pour les boutiques de cadeaux touristiques qui souhaitent offrir des produits authentiques et de qualit\u00e9. Un choix parfait pour ceux qui recherchent un souvenir alliant fonctionnalit\u00e9, design attrayant et pertinence culturelle.<\/p>\n","protected":false},"excerpt":{"rendered":"<p>Coque pour iPhone 15 fabriqu\u00e9e en TPU, avec un design abstrait dans les tons bleus et multicolores \u00e9voquant le style artistique vibrant de Majorque. La surface pr\u00e9sente des tourbillons dynamiques et des formes fluides, cr\u00e9ant une \u0153uvre visuelle unique et moderne. Avec le mot \u00ab\u00a0Mallorca\u00a0\u00bb mis en avant dans une \u00e9l\u00e9gante typographie blanche, cette coque prot\u00e8ge non seulement votre appareil, mais ajoute \u00e9galement une touche de couleur et de personnalit\u00e9 inspir\u00e9e de la culture m\u00e9diterran\u00e9enne.<\/p>\n","protected":false},"featured_media":12977,"template":"","meta":{"_acf_changed":false},"product_brand":[],"product_cat":[674],"product_tag":[],"class_list":{"0":"post-27063","1":"product","2":"type-product","3":"status-publish","4":"has-post-thumbnail","6":"product_cat-etuis-pour-telephones-portables","7":"pa_ciudad-mallorca","8":"pa_motivo-resume","9":"pa_pais-espana","11":"first","12":"instock","13":"shipping-taxable","14":"product-type-simple"},"acf":[],"_links":{"self":[{"href":"https:\/\/olemosaic.com\/fr\/wp-json\/wp\/v2\/product\/27063","targetHints":{"allow":["GET"]}}],"collection":[{"href":"https:\/\/olemosaic.com\/fr\/wp-json\/wp\/v2\/product"}],"about":[{"href":"https:\/\/olemosaic.com\/fr\/wp-json\/wp\/v2\/types\/product"}],"wp:featuredmedia":[{"embeddable":true,"href":"https:\/\/olemosaic.com\/fr\/wp-json\/wp\/v2\/media\/12977"}],"wp:attachment":[{"href":"https:\/\/olemosaic.com\/fr\/wp-json\/wp\/v2\/media?parent=27063"}],"wp:term":[{"taxonomy":"product_brand","embeddable":true,"href":"https:\/\/olemosaic.com\/fr\/wp-json\/wp\/v2\/product_brand?post=27063"},{"taxonomy":"product_cat","embeddable":true,"href":"https:\/\/olemosaic.com\/fr\/wp-json\/wp\/v2\/product_cat?post=27063"},{"taxonomy":"product_tag","embeddable":true,"href":"https:\/\/olemosaic.com\/fr\/wp-json\/wp\/v2\/product_tag?post=27063"}],"curies":[{"name":"wp","href":"https:\/\/api.w.org\/{rel}","templated":true}]}}