{"id":27061,"date":"2025-02-20T22:28:58","date_gmt":"2025-02-20T22:28:58","guid":{"rendered":"http:\/\/olemosaic.com\/producto\/funda-de-telefono-para-iphone-15-tpu-punt-de-trobada-barcelona-blanco\/"},"modified":"2025-07-25T19:04:42","modified_gmt":"2025-07-25T17:04:42","slug":"coque-de-telephone-pour-iphone-15-tpu-punt-de-trobada-barcelone-blanc","status":"publish","type":"product","link":"https:\/\/olemosaic.com\/fr\/produit\/coque-de-telephone-pour-iphone-15-tpu-punt-de-trobada-barcelone-blanc\/","title":{"rendered":"Coque de t\u00e9l\u00e9phone pour iPhone 15 (TPU). Punt de trobada. Barcelone. Blanc"},"content":{"rendered":"<p>Cette coque pour iPhone 15 est un accessoire indispensable pour ceux qui souhaitent fusionner l&rsquo;art et la fonctionnalit\u00e9 au quotidien. Fabriqu\u00e9e en TPU de haute qualit\u00e9, elle pr\u00e9sente un design vibrant inspir\u00e9 de l&rsquo;\u0153uvre \u00ab\u00a0Punt de trobada\u00a0\u00bb de Joan Mir\u00f3, un artiste catalan de renom qui a laiss\u00e9 une empreinte ind\u00e9l\u00e9bile sur la culture barcelonaise. La coque se distingue par sa composition visuelle, avec une mosa\u00efque color\u00e9e sur un fond blanc qui attire instantan\u00e9ment le regard.<\/p>\n<p>Les \u00e9l\u00e9ments abstraits et les formes g\u00e9om\u00e9triques en rouge, vert, jaune, bleu et noir rendent hommage \u00e0 la vitalit\u00e9 de Barcelone, en faisant un souvenir authentique et repr\u00e9sentatif de la ville. La partie inf\u00e9rieure de la coque est orn\u00e9e du mot \u00ab\u00a0Barcelona\u00a0\u00bb, renfor\u00e7ant sa connexion culturelle et la fiert\u00e9 locale. Cet article ne prot\u00e8ge pas seulement votre appareil, il c\u00e9l\u00e8bre \u00e9galement la cr\u00e9ativit\u00e9 et la singularit\u00e9 qui caract\u00e9risent l&rsquo;\u0153uvre de Mir\u00f3.<\/p>\n<p>Chez Ol\u00e9 Mosaic, nous comprenons l&rsquo;importance de proposer des produits qui refl\u00e8tent l&rsquo;identit\u00e9 culturelle, et cette coque pour iPhone 15 est une excellente option pour les touristes \u00e0 la recherche de souvenirs de qualit\u00e9. En tant que distributeurs d&rsquo;accessoires en gros, nous garantissons que chaque pi\u00e8ce offrira \u00e0 vos clients une connexion authentique avec l&rsquo;essence de Barcelone.<\/p>\n","protected":false},"excerpt":{"rendered":"<p>Coque pour iPhone 15 fabriqu\u00e9e en TPU, avec un design vibrant inspir\u00e9 de l&rsquo;\u0153uvre \u00ab\u00a0Punt de trobada\u00a0\u00bb de Joan Mir\u00f3, repr\u00e9sentant une mosa\u00efque color\u00e9e sur fond blanc. Cet accessoire se distingue par sa composition artistique, avec des formes g\u00e9om\u00e9triques et des \u00e9l\u00e9ments abstraits en rouge, vert, jaune, bleu et noir, capturant l&rsquo;essence de Barcelone. Id\u00e9al pour ceux qui recherchent une fusion entre art et fonctionnalit\u00e9 au quotidien.<\/p>\n","protected":false},"featured_media":12426,"template":"","meta":{"_acf_changed":false},"product_brand":[],"product_cat":[674],"product_tag":[],"class_list":{"0":"post-27061","1":"product","2":"type-product","3":"status-publish","4":"has-post-thumbnail","6":"product_cat-etuis-pour-telephones-portables","7":"pa_ciudad-barcelona","8":"pa_motivo-punt-de-trobada","9":"pa_pais-espana","11":"first","12":"instock","13":"shipping-taxable","14":"product-type-simple"},"acf":[],"_links":{"self":[{"href":"https:\/\/olemosaic.com\/fr\/wp-json\/wp\/v2\/product\/27061","targetHints":{"allow":["GET"]}}],"collection":[{"href":"https:\/\/olemosaic.com\/fr\/wp-json\/wp\/v2\/product"}],"about":[{"href":"https:\/\/olemosaic.com\/fr\/wp-json\/wp\/v2\/types\/product"}],"wp:featuredmedia":[{"embeddable":true,"href":"https:\/\/olemosaic.com\/fr\/wp-json\/wp\/v2\/media\/12426"}],"wp:attachment":[{"href":"https:\/\/olemosaic.com\/fr\/wp-json\/wp\/v2\/media?parent=27061"}],"wp:term":[{"taxonomy":"product_brand","embeddable":true,"href":"https:\/\/olemosaic.com\/fr\/wp-json\/wp\/v2\/product_brand?post=27061"},{"taxonomy":"product_cat","embeddable":true,"href":"https:\/\/olemosaic.com\/fr\/wp-json\/wp\/v2\/product_cat?post=27061"},{"taxonomy":"product_tag","embeddable":true,"href":"https:\/\/olemosaic.com\/fr\/wp-json\/wp\/v2\/product_tag?post=27061"}],"curies":[{"name":"wp","href":"https:\/\/api.w.org\/{rel}","templated":true}]}}