{"id":27060,"date":"2025-02-20T22:28:58","date_gmt":"2025-02-20T22:28:58","guid":{"rendered":"http:\/\/olemosaic.com\/producto\/funda-de-telefono-para-iphone-15-tpu-panoramica-barcelona-azul\/"},"modified":"2025-07-25T19:52:19","modified_gmt":"2025-07-25T17:52:19","slug":"coque-de-telephone-pour-iphone-15-tpu-panoramique-barcelone-bleu","status":"publish","type":"product","link":"https:\/\/olemosaic.com\/fr\/produit\/coque-de-telephone-pour-iphone-15-tpu-panoramique-barcelone-bleu\/","title":{"rendered":"Coque de t\u00e9l\u00e9phone pour iPhone 15 (TPU). Panoramique. Barcelone. Bleu"},"content":{"rendered":"<p>Cette coque pour iPhone 15 est la repr\u00e9sentation parfaite de la ville vibrante de Barcelone, con\u00e7ue en TPU pour offrir une protection robuste et \u00e9l\u00e9gante \u00e0 votre appareil. Le design panoramique met en avant l&#8217;embl\u00e9matique Sagrada Familia, symbole architectural de la ville, dans des tons orang\u00e9s chaleureux qui contrastent avec un fond bleu \u00e9voquant le ciel m\u00e9diterran\u00e9en. De plus, des \u00e9l\u00e9ments c\u00f4tiers tels que des palmiers et un soleil radieux ajoutent une touche de fra\u00eecheur et de joie \u00e0 l&rsquo;esth\u00e9tique g\u00e9n\u00e9rale, transportant l&rsquo;utilisateur vers les plages ensoleill\u00e9es de la ville.<\/p>\n<p>Le mot \u00ab\u00a0Barcelona\u00a0\u00bb appara\u00eet en lettres multicolores dans la partie inf\u00e9rieure, offrant une impression dynamique et festive qui capture l&rsquo;essence multiculturelle de la ville. Ce souvenir n&rsquo;est pas seulement un accessoire fonctionnel, mais agit \u00e9galement comme un rappel repr\u00e9sentatif de la riche culture et de l&rsquo;architecture unique de la capitale catalane. Id\u00e9ale pour les touristes et les amoureux de Barcelone, cette coque combine design, praticit\u00e9 et authenticit\u00e9, devenant un excellent cadeau ou souvenir de voyage.<\/p>\n<p>Chez Ol\u00e9 Mosaic, nous sommes fiers d&rsquo;\u00eatre des distributeurs de souvenirs authentiques et personnalis\u00e9s. Cette coque pour iPhone 15 est une option brillante pour les boutiques de cadeaux touristiques \u00e0 la recherche de produits de qualit\u00e9 et d&rsquo;une connexion culturelle. Avec cette coque, les clients ne prot\u00e8gent pas seulement leur appareil, ils c\u00e9l\u00e8brent aussi la beaut\u00e9 de Barcelone chaque jour.<\/p>\n","protected":false},"excerpt":{"rendered":"<p>Coque pour iPhone 15 en TPU avec une vue panoramique vibrante de Barcelone. Le design pr\u00e9sente l&#8217;embl\u00e9matique Sagrada Familia dans des tons chauds, accompagn\u00e9e d&rsquo;\u00e9l\u00e9ments c\u00f4tiers et d&rsquo;un soleil radieux. Sur un fond bleu \u00e9voquant le ciel m\u00e9diterran\u00e9en, cet accessoire prot\u00e8ge non seulement votre appareil, mais c\u00e9l\u00e8bre \u00e9galement l&rsquo;essence de la ville. Le mot \u00ab\u00a0Barcelona\u00a0\u00bb appara\u00eet en lettres multicolores, apportant une touche joyeuse et distinctive.<\/p>\n","protected":false},"featured_media":12434,"template":"","meta":{"_acf_changed":false},"product_brand":[],"product_cat":[674],"product_tag":[],"class_list":{"0":"post-27060","1":"product","2":"type-product","3":"status-publish","4":"has-post-thumbnail","6":"product_cat-etuis-pour-telephones-portables","7":"pa_ciudad-barcelona","8":"pa_motivo-panoramas","9":"pa_pais-espana","11":"first","12":"instock","13":"shipping-taxable","14":"product-type-simple"},"acf":[],"_links":{"self":[{"href":"https:\/\/olemosaic.com\/fr\/wp-json\/wp\/v2\/product\/27060","targetHints":{"allow":["GET"]}}],"collection":[{"href":"https:\/\/olemosaic.com\/fr\/wp-json\/wp\/v2\/product"}],"about":[{"href":"https:\/\/olemosaic.com\/fr\/wp-json\/wp\/v2\/types\/product"}],"wp:featuredmedia":[{"embeddable":true,"href":"https:\/\/olemosaic.com\/fr\/wp-json\/wp\/v2\/media\/12434"}],"wp:attachment":[{"href":"https:\/\/olemosaic.com\/fr\/wp-json\/wp\/v2\/media?parent=27060"}],"wp:term":[{"taxonomy":"product_brand","embeddable":true,"href":"https:\/\/olemosaic.com\/fr\/wp-json\/wp\/v2\/product_brand?post=27060"},{"taxonomy":"product_cat","embeddable":true,"href":"https:\/\/olemosaic.com\/fr\/wp-json\/wp\/v2\/product_cat?post=27060"},{"taxonomy":"product_tag","embeddable":true,"href":"https:\/\/olemosaic.com\/fr\/wp-json\/wp\/v2\/product_tag?post=27060"}],"curies":[{"name":"wp","href":"https:\/\/api.w.org\/{rel}","templated":true}]}}