{"id":27029,"date":"2025-02-20T23:28:58","date_gmt":"2025-02-20T22:28:58","guid":{"rendered":"http:\/\/olemosaic.com\/producto\/funda-de-telefono-para-iphone-14-promax-tpu-panoramica-barcelona-azul-2\/"},"modified":"2025-07-25T19:59:57","modified_gmt":"2025-07-25T17:59:57","slug":"coque-de-telephone-pour-iphone-14-promax-tpu-panoramique-barcelone-bleu-2","status":"publish","type":"product","link":"https:\/\/olemosaic.com\/fr\/produit\/coque-de-telephone-pour-iphone-14-promax-tpu-panoramique-barcelone-bleu-2\/","title":{"rendered":"Coque de t\u00e9l\u00e9phone pour iPhone 14 Pro Max (TPU). Panoramique. Sagrada Familia. Barcelone. Bleu"},"content":{"rendered":"<p>Cette coque pour iPhone 14 Pro Max est une explosion de couleurs et de culture, con\u00e7ue sp\u00e9cialement pour les amoureux de Barcelone. Fabriqu\u00e9e en TPU de haute qualit\u00e9, elle offre une protection durable et un ajustement parfait pour votre appareil. La coque pr\u00e9sente une vue panoramique vibrante de Barcelone, avec un fond bleu \u00e9voquant les eaux de la M\u00e9diterran\u00e9e, cr\u00e9ant une connexion visuelle imm\u00e9diate avec la magnifique c\u00f4te de cette ville espagnole.<\/p>\n<p>Les motifs color\u00e9s qui ornent la coque incluent l&#8217;embl\u00e9matique Sagrada Familia et d&rsquo;autres \u00e9l\u00e9ments repr\u00e9sentatifs de l&rsquo;architecture moderniste de Gaud\u00ed, int\u00e9gr\u00e9s dans un design de type mosa\u00efque qui ajoute de la texture et de la profondeur visuelle. Le texte \u00ab Barcelone \u00bb est incorpor\u00e9 de mani\u00e8re artistique, capturant l&rsquo;essence de la ville dans un hommage graphique \u00e0 sa richesse culturelle. Ce design ne fait pas seulement de la coque un accessoire attrayant, il l&rsquo;\u00e9tablit \u00e9galement comme un souvenir significatif de l&rsquo;exp\u00e9rience barcelonaise.<\/p>\n<p>En tant que distributeur de souvenirs, Ol\u00e9 Mosaic propose ce produit, id\u00e9al pour les touristes \u00e0 la recherche de souvenirs authentiques et repr\u00e9sentatifs de Barcelone. Cette coque est une excellente option pour les boutiques de cadeaux touristiques qui souhaitent proposer des produits innovants et de qualit\u00e9, ainsi que l&rsquo;authenticit\u00e9 et l&rsquo;essence culturelle que les visiteurs cherchent \u00e0 emporter de leur voyage.<\/p>\n","protected":false},"excerpt":{"rendered":"<p>Coque pour iPhone 14 Pro Max fabriqu\u00e9e en TPU, arborant une vue panoramique vibrante de Barcelone. Avec un fond bleu \u00e9voquant la M\u00e9diterran\u00e9e, elle se distingue par ses motifs color\u00e9s, tels que la Sagrada Familia et d&rsquo;autres \u00e9l\u00e9ments embl\u00e9matiques de la ville, tandis qu&rsquo;un design en mosa\u00efque ajoute texture et profondeur. Le texte \u00ab Barcelone \u00bb est int\u00e9gr\u00e9 de mani\u00e8re artistique, faisant de cette coque un accessoire et, en m\u00eame temps, un hommage \u00e0 l&rsquo;architecture et \u00e0 l&rsquo;art de la ville.<\/p>\n","protected":false},"featured_media":12412,"template":"","meta":{"_acf_changed":false},"product_brand":[],"product_cat":[674],"product_tag":[],"class_list":{"0":"post-27029","1":"product","2":"type-product","3":"status-publish","4":"has-post-thumbnail","6":"product_cat-etuis-pour-telephones-portables","7":"pa_ciudad-barcelona","8":"pa_motivo-panoramas","9":"pa_pais-espana","11":"first","12":"instock","13":"shipping-taxable","14":"product-type-simple"},"acf":[],"_links":{"self":[{"href":"https:\/\/olemosaic.com\/fr\/wp-json\/wp\/v2\/product\/27029","targetHints":{"allow":["GET"]}}],"collection":[{"href":"https:\/\/olemosaic.com\/fr\/wp-json\/wp\/v2\/product"}],"about":[{"href":"https:\/\/olemosaic.com\/fr\/wp-json\/wp\/v2\/types\/product"}],"wp:featuredmedia":[{"embeddable":true,"href":"https:\/\/olemosaic.com\/fr\/wp-json\/wp\/v2\/media\/12412"}],"wp:attachment":[{"href":"https:\/\/olemosaic.com\/fr\/wp-json\/wp\/v2\/media?parent=27029"}],"wp:term":[{"taxonomy":"product_brand","embeddable":true,"href":"https:\/\/olemosaic.com\/fr\/wp-json\/wp\/v2\/product_brand?post=27029"},{"taxonomy":"product_cat","embeddable":true,"href":"https:\/\/olemosaic.com\/fr\/wp-json\/wp\/v2\/product_cat?post=27029"},{"taxonomy":"product_tag","embeddable":true,"href":"https:\/\/olemosaic.com\/fr\/wp-json\/wp\/v2\/product_tag?post=27029"}],"curies":[{"name":"wp","href":"https:\/\/api.w.org\/{rel}","templated":true}]}}