{"id":27028,"date":"2025-02-20T22:28:58","date_gmt":"2025-02-20T22:28:58","guid":{"rendered":"http:\/\/olemosaic.com\/producto\/funda-de-telefono-para-iphone-14-promax-tpu-panoramica-barcelona-azul\/"},"modified":"2025-07-25T19:59:36","modified_gmt":"2025-07-25T17:59:36","slug":"coque-de-telephone-pour-iphone-14-promax-tpu-panoramique-barcelone-bleu","status":"publish","type":"product","link":"https:\/\/olemosaic.com\/fr\/produit\/coque-de-telephone-pour-iphone-14-promax-tpu-panoramique-barcelone-bleu\/","title":{"rendered":"Coque de t\u00e9l\u00e9phone pour iPhone 14 Pro Max (TPU). Panoramique. Barcelone. Bleu"},"content":{"rendered":"<p>Cette coque pour iPhone 14 Pro Max est une repr\u00e9sentation vibrante de la beaut\u00e9 de Barcelone, con\u00e7ue pour ceux qui souhaitent emporter avec eux un morceau de cette ville embl\u00e9matique. Fabriqu\u00e9e en TPU, un mat\u00e9riau flexible et r\u00e9sistant, cette coque ne prot\u00e8ge pas seulement votre appareil, elle l&rsquo;habille \u00e9galement d&rsquo;un design panoramique color\u00e9. L&rsquo;aspect le plus marquant de la coque est l&#8217;embl\u00e9matique Sagrada Familia, repr\u00e9sent\u00e9e dans des tons orang\u00e9s qui capturent la lumi\u00e8re du soleil, entour\u00e9e d&rsquo;une multitude de d\u00e9tails \u00e9voquant la culture locale et son ambiance vibrante. Le ciel bleu, parsem\u00e9 d&rsquo;oiseaux en plein vol, et un soleil radieux et chaleureux ajoutent une touche joyeuse et estivale \u00e0 cette pi\u00e8ce.<\/p>\n<p>Au bas, le mot \u00ab\u00a0Barcelone\u00a0\u00bb s&rsquo;affiche dans des couleurs vives, soulignant la fiert\u00e9 et la connexion avec cette ville extraordinaire. Cet accessoire devient un excellent souvenir de Barcelone, parfait pour les touristes \u00e0 la recherche d&rsquo;un souvenir authentique et repr\u00e9sentatif, ainsi que pour ceux qui souhaitent partager leur amour pour cette r\u00e9gion. Chez Ol\u00e9 Mosaic, nous proposons une large gamme de souvenirs de haute qualit\u00e9, et cette coque est une magnifique option pour les boutiques de cadeaux touristiques cherchant \u00e0 offrir des produits distinctifs et pertinents. Avec son m\u00e9lange de fonctionnalit\u00e9 et d&rsquo;attrait visuel, cette coque est id\u00e9ale pour tout amateur de Barcelone.<\/p>\n","protected":false},"excerpt":{"rendered":"<p>Coque pour iPhone 14 Pro Max fabriqu\u00e9e en TPU, avec une vue panoramique vibrante de Barcelone. Le design inclut l&#8217;embl\u00e9matique Sagrada Familia dans des tons orang\u00e9s et des d\u00e9tails color\u00e9s repr\u00e9sentant la culture locale, compl\u00e9t\u00e9s par un soleil radieux et des oiseaux traversant le ciel bleu. Le mot \u00ab\u00a0Barcelone\u00a0\u00bb se d\u00e9tache dans des couleurs vives au bas, faisant de cette coque un accessoire attrayant et fonctionnel qui capture l&rsquo;essence de la ville.<\/p>\n","protected":false},"featured_media":12414,"template":"","meta":{"_acf_changed":false},"product_brand":[],"product_cat":[674],"product_tag":[],"class_list":{"0":"post-27028","1":"product","2":"type-product","3":"status-publish","4":"has-post-thumbnail","6":"product_cat-etuis-pour-telephones-portables","7":"pa_ciudad-barcelona","8":"pa_motivo-panoramas","9":"pa_pais-espana","11":"first","12":"instock","13":"shipping-taxable","14":"product-type-simple"},"acf":[],"_links":{"self":[{"href":"https:\/\/olemosaic.com\/fr\/wp-json\/wp\/v2\/product\/27028","targetHints":{"allow":["GET"]}}],"collection":[{"href":"https:\/\/olemosaic.com\/fr\/wp-json\/wp\/v2\/product"}],"about":[{"href":"https:\/\/olemosaic.com\/fr\/wp-json\/wp\/v2\/types\/product"}],"wp:featuredmedia":[{"embeddable":true,"href":"https:\/\/olemosaic.com\/fr\/wp-json\/wp\/v2\/media\/12414"}],"wp:attachment":[{"href":"https:\/\/olemosaic.com\/fr\/wp-json\/wp\/v2\/media?parent=27028"}],"wp:term":[{"taxonomy":"product_brand","embeddable":true,"href":"https:\/\/olemosaic.com\/fr\/wp-json\/wp\/v2\/product_brand?post=27028"},{"taxonomy":"product_cat","embeddable":true,"href":"https:\/\/olemosaic.com\/fr\/wp-json\/wp\/v2\/product_cat?post=27028"},{"taxonomy":"product_tag","embeddable":true,"href":"https:\/\/olemosaic.com\/fr\/wp-json\/wp\/v2\/product_tag?post=27028"}],"curies":[{"name":"wp","href":"https:\/\/api.w.org\/{rel}","templated":true}]}}