{"id":27027,"date":"2025-02-20T22:28:58","date_gmt":"2025-02-20T22:28:58","guid":{"rendered":"http:\/\/olemosaic.com\/producto\/funda-de-telefono-para-iphone-14-promax-tpu-mosaico-barcelona-blanco\/"},"modified":"2025-07-25T19:51:48","modified_gmt":"2025-07-25T17:51:48","slug":"coque-de-telephone-pour-iphone-14-promax-tpu-mosaique-barcelone-blanc","status":"publish","type":"product","link":"https:\/\/olemosaic.com\/fr\/produit\/coque-de-telephone-pour-iphone-14-promax-tpu-mosaique-barcelone-blanc\/","title":{"rendered":"Coque de t\u00e9l\u00e9phone pour iPhone 14 Pro Max (TPU). Mosa\u00efque. Barcelone. Blanc"},"content":{"rendered":"<p>Cette coque pour iPhone 14 Pro Max est une v\u00e9ritable c\u00e9l\u00e9bration de la riche culture et de l&rsquo;architecture vibrante de Barcelone. Fabriqu\u00e9e avec un mat\u00e9riau TPU de haute qualit\u00e9, son design pr\u00e9sente une mosa\u00efque color\u00e9e qui imite les motifs caract\u00e9ristiques du modernisme catalan, rendant hommage \u00e0 l&rsquo;\u0153uvre du c\u00e9l\u00e8bre architecte Antoni Gaud\u00ed. Les couleurs vives, dans des tons de bleu, rouge, orange et jaune, s&rsquo;entrelacent dans une danse de formes et de figures, \u00e9voquant la diversit\u00e9 et la cr\u00e9ativit\u00e9 artistique qui caract\u00e9risent cette ville.<\/p>\n<p>Au bas de la coque, le mot \u00ab\u00a0Barcelone\u00a0\u00bb est \u00e9l\u00e9gamment imprim\u00e9, ajoutant une touche distinctive et personnelle qui permet aux utilisateurs d&#8217;emporter un morceau de cette ville embl\u00e9matique au quotidien. Cet article ne remplit pas seulement la fonction de prot\u00e9ger l&rsquo;appareil, mais sert \u00e9galement de splendide souvenir qui capture l&rsquo;essence de Barcelone, devenant un souvenir repr\u00e9sentatif de sa riche histoire et de son patrimoine.<\/p>\n<p>Chez Ol\u00e9 Mosaic, nous sommes fiers de proposer des souvenirs authentiques qui refl\u00e8tent la culture locale. Cette coque en mosa\u00efque est une excellente option pour les touristes \u00e0 la recherche d&rsquo;un article fonctionnel et d\u00e9coratif, parfait pour se souvenir de leur visite dans cette ville merveilleuse. De plus, en tant que grossistes d&rsquo;accessoires touristiques, nous garantissons la qualit\u00e9 et l&rsquo;exclusivit\u00e9 de chaque produit que nous proposons \u00e0 nos boutiques partenaires.<\/p>\n","protected":false},"excerpt":{"rendered":"<p>Coque de t\u00e9l\u00e9phone pour iPhone 14 Pro Max fabriqu\u00e9e en TPU, d\u00e9cor\u00e9e d&rsquo;un design vibrant de mosa\u00efque inspir\u00e9 de l&rsquo;architecture barcelonaise. Elle pr\u00e9sente une vari\u00e9t\u00e9 de motifs en bleu, rouge, orange et jaune, \u00e9voquant le c\u00e9l\u00e8bre style moderniste de la ville. Le mot \u00ab\u00a0Barcelone\u00a0\u00bb est \u00e9l\u00e9gamment imprim\u00e9 au bas, ajoutant une touche distinctive \u00e0 son esth\u00e9tique. Id\u00e9ale pour prot\u00e9ger votre appareil avec style.<\/p>\n","protected":false},"featured_media":12395,"template":"","meta":{"_acf_changed":false},"product_brand":[],"product_cat":[674],"product_tag":[],"class_list":{"0":"post-27027","1":"product","2":"type-product","3":"status-publish","4":"has-post-thumbnail","6":"product_cat-etuis-pour-telephones-portables","7":"pa_ciudad-barcelona","8":"pa_motivo-mosaique","9":"pa_pais-espana","11":"first","12":"instock","13":"shipping-taxable","14":"product-type-simple"},"acf":[],"_links":{"self":[{"href":"https:\/\/olemosaic.com\/fr\/wp-json\/wp\/v2\/product\/27027","targetHints":{"allow":["GET"]}}],"collection":[{"href":"https:\/\/olemosaic.com\/fr\/wp-json\/wp\/v2\/product"}],"about":[{"href":"https:\/\/olemosaic.com\/fr\/wp-json\/wp\/v2\/types\/product"}],"wp:featuredmedia":[{"embeddable":true,"href":"https:\/\/olemosaic.com\/fr\/wp-json\/wp\/v2\/media\/12395"}],"wp:attachment":[{"href":"https:\/\/olemosaic.com\/fr\/wp-json\/wp\/v2\/media?parent=27027"}],"wp:term":[{"taxonomy":"product_brand","embeddable":true,"href":"https:\/\/olemosaic.com\/fr\/wp-json\/wp\/v2\/product_brand?post=27027"},{"taxonomy":"product_cat","embeddable":true,"href":"https:\/\/olemosaic.com\/fr\/wp-json\/wp\/v2\/product_cat?post=27027"},{"taxonomy":"product_tag","embeddable":true,"href":"https:\/\/olemosaic.com\/fr\/wp-json\/wp\/v2\/product_tag?post=27027"}],"curies":[{"name":"wp","href":"https:\/\/api.w.org\/{rel}","templated":true}]}}