{"id":27025,"date":"2025-02-20T22:28:57","date_gmt":"2025-02-20T22:28:57","guid":{"rendered":"http:\/\/olemosaic.com\/producto\/funda-de-telefono-para-iphone-14-promax-tpu-abstracto-verde\/"},"modified":"2025-07-25T20:26:35","modified_gmt":"2025-07-25T18:26:35","slug":"coque-de-telephone-pour-iphone-14-promax-tpu-abstrait-vert","status":"publish","type":"product","link":"https:\/\/olemosaic.com\/fr\/produit\/coque-de-telephone-pour-iphone-14-promax-tpu-abstrait-vert\/","title":{"rendered":"Coque de t\u00e9l\u00e9phone pour iPhone 14 Pro Max (TPU). Abstrait. Vert"},"content":{"rendered":"<p>Cette coque pour iPhone 14 Pro Max est un accessoire moderne qui allie protection et style vibrant. Fabriqu\u00e9e en TPU, elle se distingue par son design abstrait m\u00e9langeant une explosion de couleurs, incluant des tons verts, jaunes, rouges et bleus, cr\u00e9ant un effet de tourbillons dynamiques qui attire tous les regards. Sa surface douce offre non seulement une prise en main confortable, mais s&rsquo;adapte \u00e9galement parfaitement \u00e0 la forme de l&rsquo;appareil, garantissant une couverture compl\u00e8te et s\u00fbre contre les chutes et les rayures.<\/p>\n<p>Ce design attrayant n&rsquo;est pas seulement fonctionnel, il ajoute \u00e9galement une touche artistique et contemporaine \u00e0 votre t\u00e9l\u00e9phone, en faisant un v\u00e9ritable objet de d\u00e9sir pour ceux qui cherchent \u00e0 exprimer leur personnalit\u00e9 \u00e0 travers leurs accessoires. La combinaison de couleurs vibrantes \u00e9voque le riche h\u00e9ritage culturel des arts modernes, un aspect qui r\u00e9sonne particuli\u00e8rement avec ceux qui appr\u00e9cient l&rsquo;art et la cr\u00e9ativit\u00e9.<\/p>\n<p>Chez Ol\u00e9 Mosaic, nous sommes des distributeurs de souvenirs authentiques qui refl\u00e8tent l&rsquo;essence culturelle de chaque r\u00e9gion. Cette coque pour iPhone 14 Pro Max est une excellente option pour les touristes et les locaux qui souhaitent emporter avec eux un souvenir contemporain de leur aventure, ce qui en fait un souvenir parfait alliant modernit\u00e9 et tradition. Id\u00e9ale pour les boutiques de cadeaux touristiques \u00e0 la recherche de produits uniques, notre coque repr\u00e9sente le meilleur du design et de la fonctionnalit\u00e9, ce qui en fait un choix exceptionnel pour ceux qui recherchent la qualit\u00e9.<\/p>\n","protected":false},"excerpt":{"rendered":"<p>Coque pour iPhone 14 Pro Max, fabriqu\u00e9e en TPU avec un design abstrait vibrant. Cette coque pr\u00e9sente un motif color\u00e9 m\u00e9langeant des tons verts, jaunes, rouges et bleus, cr\u00e9ant un effet dynamique de tourbillons. Id\u00e9ale pour ceux qui recherchent un accessoire moderne et protecteur, sa surface douce offre une prise en main confortable et un ajustement parfait, ajoutant une touche artistique et contemporaine \u00e0 votre appareil.<\/p>\n","protected":false},"featured_media":12396,"template":"","meta":{"_acf_changed":false},"product_brand":[],"product_cat":[674],"product_tag":[],"class_list":{"0":"post-27025","1":"product","2":"type-product","3":"status-publish","4":"has-post-thumbnail","6":"product_cat-etuis-pour-telephones-portables","7":"pa_motivo-resume","9":"first","10":"instock","11":"shipping-taxable","12":"product-type-simple"},"acf":[],"_links":{"self":[{"href":"https:\/\/olemosaic.com\/fr\/wp-json\/wp\/v2\/product\/27025","targetHints":{"allow":["GET"]}}],"collection":[{"href":"https:\/\/olemosaic.com\/fr\/wp-json\/wp\/v2\/product"}],"about":[{"href":"https:\/\/olemosaic.com\/fr\/wp-json\/wp\/v2\/types\/product"}],"wp:featuredmedia":[{"embeddable":true,"href":"https:\/\/olemosaic.com\/fr\/wp-json\/wp\/v2\/media\/12396"}],"wp:attachment":[{"href":"https:\/\/olemosaic.com\/fr\/wp-json\/wp\/v2\/media?parent=27025"}],"wp:term":[{"taxonomy":"product_brand","embeddable":true,"href":"https:\/\/olemosaic.com\/fr\/wp-json\/wp\/v2\/product_brand?post=27025"},{"taxonomy":"product_cat","embeddable":true,"href":"https:\/\/olemosaic.com\/fr\/wp-json\/wp\/v2\/product_cat?post=27025"},{"taxonomy":"product_tag","embeddable":true,"href":"https:\/\/olemosaic.com\/fr\/wp-json\/wp\/v2\/product_tag?post=27025"}],"curies":[{"name":"wp","href":"https:\/\/api.w.org\/{rel}","templated":true}]}}