{"id":27013,"date":"2025-02-20T22:28:57","date_gmt":"2025-02-20T22:28:57","guid":{"rendered":"http:\/\/olemosaic.com\/producto\/funda-de-telefono-para-iphone-14-pro-tpu-salamandra-barcelona-negro\/"},"modified":"2025-07-25T18:41:51","modified_gmt":"2025-07-25T16:41:51","slug":"coque-de-telephone-pour-iphone-14-pro-tpu-salamandre-barcelone-noir","status":"publish","type":"product","link":"https:\/\/olemosaic.com\/fr\/produit\/coque-de-telephone-pour-iphone-14-pro-tpu-salamandre-barcelone-noir\/","title":{"rendered":"Coque de t\u00e9l\u00e9phone pour iPhone 14 Pro (TPU). Salamandre. Barcelone. Noir"},"content":{"rendered":"<p>Cette coque pour iPhone 14 Pro est une v\u00e9ritable \u0153uvre d&rsquo;art qui incarne le style vibrant de la mosa\u00efque barcelonaise. Fabriqu\u00e9e en TPU de haute qualit\u00e9, sa couleur noire offre un fond \u00e9l\u00e9gant qui fait ressortir les illustrations color\u00e9es de salamandres et de fleurs, \u00e9voquant la cr\u00e9ativit\u00e9 et l&rsquo;originalit\u00e9 de l&rsquo;architecture moderniste de la ville. Le design pr\u00e9sente des salamandres dans des tons bleus, verts, rouges et jaunes, qui semblent danser sur la surface, compl\u00e9t\u00e9es par des fleurs d\u00e9licates qui apportent une touche naturelle \u00e0 la composition. Chaque d\u00e9tail est soigneusement \u00e9labor\u00e9, offrant une finition brillante qui est non seulement visuellement frappante, mais aussi r\u00e9sistante, offrant une excellente protection pour votre appareil.<\/p>\n<p>Ce souvenir est une repr\u00e9sentation parfaite de la vie et de l&rsquo;art de Barcelone, une ville c\u00e9l\u00e8bre pour sa riche histoire culturelle et son patrimoine architectural innovant, la mosa\u00efque \u00e9tant l&rsquo;une de ses manifestations les plus embl\u00e9matiques. En choisissant cette coque, vous n&rsquo;acqu\u00e9rez pas seulement un accessoire fonctionnel, mais aussi un souvenir significatif qui capture l&rsquo;essence de Barcelone. Chez Ol\u00e9 Mosaic, en tant que distributeurs de souvenirs en gros, nous nous consacrons \u00e0 offrir des produits qui refl\u00e8tent l&rsquo;authenticit\u00e9 et la valeur culturelle recherch\u00e9es par les touristes. Cette coque de t\u00e9l\u00e9phone est une option id\u00e9ale pour les boutiques de cadeaux touristiques qui souhaitent connecter les visiteurs \u00e0 la magie de cette ville embl\u00e9matique.<\/p>\n","protected":false},"excerpt":{"rendered":"<p>Coque pour iPhone 14 Pro en TPU noir, d\u00e9cor\u00e9e de salamandres et de fleurs color\u00e9es \u00e9voquant le style mosa\u00efque de Barcelone. Son design se distingue par une finition brillante et des d\u00e9tails vifs dans des tons bleus, verts, rouges et jaunes, apportant une touche vibrante et artistique. Cette coque, en plus de prot\u00e9ger votre t\u00e9l\u00e9phone, capture l&rsquo;essence culturelle de la ville, en faisant un accessoire unique et repr\u00e9sentatif.<\/p>\n","protected":false},"featured_media":12386,"template":"","meta":{"_acf_changed":false},"product_brand":[],"product_cat":[674],"product_tag":[530],"class_list":{"0":"post-27013","1":"product","2":"type-product","3":"status-publish","4":"has-post-thumbnail","6":"product_cat-etuis-pour-telephones-portables","7":"product_tag-animaux","8":"pa_ciudad-barcelona","9":"pa_motivo-salamandres","10":"pa_pais-espana","12":"first","13":"instock","14":"shipping-taxable","15":"product-type-simple"},"acf":[],"_links":{"self":[{"href":"https:\/\/olemosaic.com\/fr\/wp-json\/wp\/v2\/product\/27013","targetHints":{"allow":["GET"]}}],"collection":[{"href":"https:\/\/olemosaic.com\/fr\/wp-json\/wp\/v2\/product"}],"about":[{"href":"https:\/\/olemosaic.com\/fr\/wp-json\/wp\/v2\/types\/product"}],"wp:featuredmedia":[{"embeddable":true,"href":"https:\/\/olemosaic.com\/fr\/wp-json\/wp\/v2\/media\/12386"}],"wp:attachment":[{"href":"https:\/\/olemosaic.com\/fr\/wp-json\/wp\/v2\/media?parent=27013"}],"wp:term":[{"taxonomy":"product_brand","embeddable":true,"href":"https:\/\/olemosaic.com\/fr\/wp-json\/wp\/v2\/product_brand?post=27013"},{"taxonomy":"product_cat","embeddable":true,"href":"https:\/\/olemosaic.com\/fr\/wp-json\/wp\/v2\/product_cat?post=27013"},{"taxonomy":"product_tag","embeddable":true,"href":"https:\/\/olemosaic.com\/fr\/wp-json\/wp\/v2\/product_tag?post=27013"}],"curies":[{"name":"wp","href":"https:\/\/api.w.org\/{rel}","templated":true}]}}