{"id":27012,"date":"2025-02-20T22:28:57","date_gmt":"2025-02-20T22:28:57","guid":{"rendered":"http:\/\/olemosaic.com\/producto\/funda-de-telefono-para-iphone-14-pro-tpu-mosaico-barcelona-blanco\/"},"modified":"2025-07-25T19:13:47","modified_gmt":"2025-07-25T17:13:47","slug":"coque-de-telephone-pour-iphone-14-pro-tpu-mosaique-barcelone-blanc","status":"publish","type":"product","link":"https:\/\/olemosaic.com\/fr\/produit\/coque-de-telephone-pour-iphone-14-pro-tpu-mosaique-barcelone-blanc\/","title":{"rendered":"Coque de t\u00e9l\u00e9phone pour iPhone 14 Pro (TPU). Mosa\u00efque. Barcelone. Blanc"},"content":{"rendered":"<p>Cette coque pour iPhone 14 Pro est un chef-d&rsquo;\u0153uvre qui encapsule l&rsquo;essence vibrante de Barcelone. Fabriqu\u00e9e en TPU, elle offre une protection exceptionnelle contre les chocs et les rayures, garantissant que votre appareil reste s\u00fbr et en parfait \u00e9tat. La d\u00e9coration de la coque pr\u00e9sente une impressionnante mosa\u00efque qui rappelle les carreaux classiques de l&rsquo;architecture moderniste barcelonaise, avec une riche palette de couleurs comprenant des tons intenses de bleu, rouge, orange et jaune, harmonis\u00e9s dans un motif dynamique et attrayant.<\/p>\n<p>Le mot \u00ab\u00a0Barcelona\u00a0\u00bb est \u00e9l\u00e9gamment imprim\u00e9 en bas, ajoutant une touche personnelle qui souligne la fiert\u00e9 pour cette ville embl\u00e9matique. Ce design n&rsquo;est pas seulement un hommage au riche h\u00e9ritage culturel de Barcelone, mais sert \u00e9galement d&rsquo;excellent souvenir, id\u00e9al pour les touristes qui cherchent \u00e0 emporter un morceau de la ville.<\/p>\n<p>Chez Ol\u00e9 Mosaic, nous nous sp\u00e9cialisons dans la distribution en gros de souvenirs authentiques, et cette coque de t\u00e9l\u00e9phone repr\u00e9sente une option parfaite pour les boutiques de cadeaux touristiques qui cherchent \u00e0 offrir des produits avec une valeur culturelle significative. C&rsquo;est sans aucun doute un choix qui attirera ceux qui souhaitent se souvenir de leur visite \u00e0 Barcelone \u00e0 travers un souvenir pratique et esth\u00e9tiquement impressionnant, devenant un article phare de votre catalogue de souvenirs de Barcelone.<\/p>\n","protected":false},"excerpt":{"rendered":"<p>Coque pour iPhone 14 Pro en TPU, d\u00e9cor\u00e9e d&rsquo;un design de mosa\u00efque vibrant inspir\u00e9 de l&rsquo;architecture de Barcelone. Elle pr\u00e9sente une combinaison color\u00e9e de bleus, rouges, oranges et jaunes, imitant les carreaux classiques. Le mot \u00ab\u00a0Barcelona\u00a0\u00bb est \u00e9l\u00e9gamment imprim\u00e9 en bas, ajoutant une touche distinctive. Cette coque, en plus de prot\u00e9ger votre appareil, c\u00e9l\u00e8bre le riche h\u00e9ritage culturel de la ville.<\/p>\n","protected":false},"featured_media":12375,"template":"","meta":{"_acf_changed":false},"product_brand":[],"product_cat":[674],"product_tag":[],"class_list":{"0":"post-27012","1":"product","2":"type-product","3":"status-publish","4":"has-post-thumbnail","6":"product_cat-etuis-pour-telephones-portables","7":"pa_ciudad-barcelona","8":"pa_motivo-mosaique","9":"pa_pais-espana","11":"first","12":"instock","13":"shipping-taxable","14":"product-type-simple"},"acf":[],"_links":{"self":[{"href":"https:\/\/olemosaic.com\/fr\/wp-json\/wp\/v2\/product\/27012","targetHints":{"allow":["GET"]}}],"collection":[{"href":"https:\/\/olemosaic.com\/fr\/wp-json\/wp\/v2\/product"}],"about":[{"href":"https:\/\/olemosaic.com\/fr\/wp-json\/wp\/v2\/types\/product"}],"wp:featuredmedia":[{"embeddable":true,"href":"https:\/\/olemosaic.com\/fr\/wp-json\/wp\/v2\/media\/12375"}],"wp:attachment":[{"href":"https:\/\/olemosaic.com\/fr\/wp-json\/wp\/v2\/media?parent=27012"}],"wp:term":[{"taxonomy":"product_brand","embeddable":true,"href":"https:\/\/olemosaic.com\/fr\/wp-json\/wp\/v2\/product_brand?post=27012"},{"taxonomy":"product_cat","embeddable":true,"href":"https:\/\/olemosaic.com\/fr\/wp-json\/wp\/v2\/product_cat?post=27012"},{"taxonomy":"product_tag","embeddable":true,"href":"https:\/\/olemosaic.com\/fr\/wp-json\/wp\/v2\/product_tag?post=27012"}],"curies":[{"name":"wp","href":"https:\/\/api.w.org\/{rel}","templated":true}]}}