{"id":27011,"date":"2025-02-20T22:28:57","date_gmt":"2025-02-20T22:28:57","guid":{"rendered":"http:\/\/olemosaic.com\/producto\/funda-de-telefono-para-iphone-14-pro-tpu-abstracto-negro-2\/"},"modified":"2025-07-25T18:58:03","modified_gmt":"2025-07-25T16:58:03","slug":"coque-de-telephone-pour-iphone-14-pro-tpu-abstrait-noir-2","status":"publish","type":"product","link":"https:\/\/olemosaic.com\/fr\/produit\/coque-de-telephone-pour-iphone-14-pro-tpu-abstrait-noir-2\/","title":{"rendered":"Coque de t\u00e9l\u00e9phone pour iPhone 14 Pro (TPU). Abstrait. Noir"},"content":{"rendered":"<p>Cette coque pour iPhone 14 Pro est une combinaison fantastique de style et de protection, id\u00e9ale pour ceux qui recherchent une touche artistique et moderne sur leur appareil. Fabriqu\u00e9e en TPU, un mat\u00e9riau souple et flexible, cette coque s&rsquo;adapte parfaitement \u00e0 la forme du t\u00e9l\u00e9phone, offrant une excellente protection sans sacrifier l&rsquo;esth\u00e9tique. Son design abstrait, avec un jeu de nuages aux couleurs vibrantes dans des tons orange, bleu et rose sur un fond noir, transforme la coque en une \u0153uvre d&rsquo;art portable. Chaque fois que vous utiliserez votre t\u00e9l\u00e9phone, vous profiterez d&rsquo;une explosion de couleurs qui refl\u00e8te votre personnalit\u00e9 unique et cr\u00e9ative.<\/p>\n<p>En plus d&rsquo;\u00eatre une protection efficace contre les chutes et les rayures, cette coque souligne l&rsquo;authenticit\u00e9 de l&rsquo;art contemporaint, ce qui en fait un cadeau parfait pour les touristes souhaitant emporter un souvenir de leur visite en Espagne. La connexion culturelle \u00e0 travers le design abstrait symbolise la riche tradition artistique qui caract\u00e9rise de nombreuses villes espagnoles, ce qui en fait une excellente option pour les boutiques de cadeaux touristiques \u00e0 la recherche de produits pratiques et repr\u00e9sentatifs. Chez Ol\u00e9 Mosaic, en tant que grossiste de souvenirs authentiques, nous proposons cette coque comme une option de choix pour ceux qui recherchent un souvenir moderne et fonctionnel.<\/p>\n","protected":false},"excerpt":{"rendered":"<p>Coque de t\u00e9l\u00e9phone pour iPhone 14 Pro fabriqu\u00e9e en TPU, avec un design abstrait dans des tons noirs et des couleurs vibrantes, comme l&rsquo;orange, le bleu et le rose. Cette coque pr\u00e9sente une finition douce et flexible qui s&rsquo;adapte parfaitement \u00e0 l&rsquo;appareil, offrant une couche de protection attrayante. Son motif abstrait simule un jeu de nuages color\u00e9s, apportant une touche artistique et moderne, id\u00e9ale pour ceux qui cherchent \u00e0 personnaliser leur t\u00e9l\u00e9phone avec un style unique.<\/p>\n","protected":false},"featured_media":12388,"template":"","meta":{"_acf_changed":false},"product_brand":[],"product_cat":[674],"product_tag":[],"class_list":{"0":"post-27011","1":"product","2":"type-product","3":"status-publish","4":"has-post-thumbnail","6":"product_cat-etuis-pour-telephones-portables","7":"pa_motivo-resume","9":"first","10":"instock","11":"shipping-taxable","12":"product-type-simple"},"acf":[],"_links":{"self":[{"href":"https:\/\/olemosaic.com\/fr\/wp-json\/wp\/v2\/product\/27011","targetHints":{"allow":["GET"]}}],"collection":[{"href":"https:\/\/olemosaic.com\/fr\/wp-json\/wp\/v2\/product"}],"about":[{"href":"https:\/\/olemosaic.com\/fr\/wp-json\/wp\/v2\/types\/product"}],"wp:featuredmedia":[{"embeddable":true,"href":"https:\/\/olemosaic.com\/fr\/wp-json\/wp\/v2\/media\/12388"}],"wp:attachment":[{"href":"https:\/\/olemosaic.com\/fr\/wp-json\/wp\/v2\/media?parent=27011"}],"wp:term":[{"taxonomy":"product_brand","embeddable":true,"href":"https:\/\/olemosaic.com\/fr\/wp-json\/wp\/v2\/product_brand?post=27011"},{"taxonomy":"product_cat","embeddable":true,"href":"https:\/\/olemosaic.com\/fr\/wp-json\/wp\/v2\/product_cat?post=27011"},{"taxonomy":"product_tag","embeddable":true,"href":"https:\/\/olemosaic.com\/fr\/wp-json\/wp\/v2\/product_tag?post=27011"}],"curies":[{"name":"wp","href":"https:\/\/api.w.org\/{rel}","templated":true}]}}