{"id":27009,"date":"2025-02-20T22:28:57","date_gmt":"2025-02-20T22:28:57","guid":{"rendered":"http:\/\/olemosaic.com\/producto\/funda-de-telefono-para-iphone-14-pro-tpu-mariposa-mallorca-blanco\/"},"modified":"2025-07-25T19:55:40","modified_gmt":"2025-07-25T17:55:40","slug":"coque-de-telephone-pour-iphone-14-pro-tpu-papillon-majorque-blanc","status":"publish","type":"product","link":"https:\/\/olemosaic.com\/fr\/produit\/coque-de-telephone-pour-iphone-14-pro-tpu-papillon-majorque-blanc\/","title":{"rendered":"Coque de t\u00e9l\u00e9phone pour iPhone 14 Pro (TPU). Papillon. Majorque. Blanc"},"content":{"rendered":"<p>Cette coque pour iPhone 14 Pro est un hommage vibrant \u00e0 la beaut\u00e9 naturelle de Majorque, se distinguant par son design color\u00e9 et cr\u00e9atif. Fabriqu\u00e9e en TPU, cet accessoire ne prot\u00e8ge pas seulement votre appareil, mais l&rsquo;orne \u00e9galement d&rsquo;un attrait visuel. Le fond blanc fait ressortir un d\u00e9ploiement de papillons multicolores, chacun avec des motifs g\u00e9om\u00e9triques complexes qui apportent fra\u00eecheur et dynamisme. Dans la partie inf\u00e9rieure, une mosa\u00efque de teintes rouge\u00e2tres et bleues compl\u00e8te la composition, \u00e9voquant la riche tradition artistique de l&rsquo;\u00eele.<\/p>\n<p>Le texte \u00ab\u00a0Majorque\u00a0\u00bb appara\u00eet imprim\u00e9 avec un style moderne qui ajoute une touche contemporaine \u00e0 la pi\u00e8ce, faisant de cette coque un article indispensable tant pour les r\u00e9sidents que pour les touristes. Ce souvenir est un rappel parfait de la flore et de la faune de Majorque, un symbole de libert\u00e9 et de transformation qui captive ceux qui visitent l&rsquo;\u00eele.<\/p>\n<p>Chez Ol\u00e9 Mosaic, nous nous sp\u00e9cialisons dans la distribution en gros de souvenirs de haute qualit\u00e9. Cette coque n&rsquo;est pas seulement une excellente option pour ceux qui recherchent des souvenirs authentiques de Majorque, mais aussi un excellent choix pour les boutiques de cadeaux touristiques qui souhaitent proposer des produits mettant en valeur le meilleur de la culture locale. Avec cette coque, vos clients emporteront avec eux un morceau de Majorque chaque fois qu&rsquo;ils utiliseront leur t\u00e9l\u00e9phone, ce qui en fait une option attrayante et significative.<\/p>\n","protected":false},"excerpt":{"rendered":"<p>Coque pour iPhone 14 Pro en TPU, d\u00e9cor\u00e9e d&rsquo;un design vibrant de papillons inspir\u00e9 par la beaut\u00e9 de Majorque. Sur un fond blanc, se d\u00e9tachent des papillons multicolores aux motifs g\u00e9om\u00e9triques, compl\u00e9t\u00e9s par une mosa\u00efque de tons rouge\u00e2tres et bleus dans la partie inf\u00e9rieure. Le texte \u00ab\u00a0Majorque\u00a0\u00bb est imprim\u00e9 avec un style moderne, ce qui fait de cette coque un accessoire attrayant et protecteur, id\u00e9al pour ceux qui souhaitent emporter un morceau de l&rsquo;\u00eele avec eux.<\/p>\n","protected":false},"featured_media":12962,"template":"","meta":{"_acf_changed":false},"product_brand":[],"product_cat":[674],"product_tag":[530],"class_list":{"0":"post-27009","1":"product","2":"type-product","3":"status-publish","4":"has-post-thumbnail","6":"product_cat-etuis-pour-telephones-portables","7":"product_tag-animaux","8":"pa_ciudad-mallorca","9":"pa_motivo-papillons","10":"pa_pais-espana","12":"first","13":"instock","14":"shipping-taxable","15":"product-type-simple"},"acf":[],"_links":{"self":[{"href":"https:\/\/olemosaic.com\/fr\/wp-json\/wp\/v2\/product\/27009","targetHints":{"allow":["GET"]}}],"collection":[{"href":"https:\/\/olemosaic.com\/fr\/wp-json\/wp\/v2\/product"}],"about":[{"href":"https:\/\/olemosaic.com\/fr\/wp-json\/wp\/v2\/types\/product"}],"wp:featuredmedia":[{"embeddable":true,"href":"https:\/\/olemosaic.com\/fr\/wp-json\/wp\/v2\/media\/12962"}],"wp:attachment":[{"href":"https:\/\/olemosaic.com\/fr\/wp-json\/wp\/v2\/media?parent=27009"}],"wp:term":[{"taxonomy":"product_brand","embeddable":true,"href":"https:\/\/olemosaic.com\/fr\/wp-json\/wp\/v2\/product_brand?post=27009"},{"taxonomy":"product_cat","embeddable":true,"href":"https:\/\/olemosaic.com\/fr\/wp-json\/wp\/v2\/product_cat?post=27009"},{"taxonomy":"product_tag","embeddable":true,"href":"https:\/\/olemosaic.com\/fr\/wp-json\/wp\/v2\/product_tag?post=27009"}],"curies":[{"name":"wp","href":"https:\/\/api.w.org\/{rel}","templated":true}]}}