{"id":27007,"date":"2025-02-20T22:28:56","date_gmt":"2025-02-20T22:28:56","guid":{"rendered":"http:\/\/olemosaic.com\/producto\/funda-de-telefono-para-iphone-14-tpu-sagrada-familia-barcelona-azul\/"},"modified":"2025-07-25T19:15:07","modified_gmt":"2025-07-25T17:15:07","slug":"coque-de-telephone-pour-iphone-14-tpu-sagrada-familia-barcelone-bleu","status":"publish","type":"product","link":"https:\/\/olemosaic.com\/fr\/produit\/coque-de-telephone-pour-iphone-14-tpu-sagrada-familia-barcelone-bleu\/","title":{"rendered":"Coque de t\u00e9l\u00e9phone pour iPhone 14 (TPU). Sagrada Familia. Barcelone. Bleu"},"content":{"rendered":"<p>Cette coque pour iPhone 14 est une magnifique repr\u00e9sentation de l&#8217;embl\u00e9matique Sagrada Familia de Barcelone, fabriqu\u00e9e en TPU pour garantir durabilit\u00e9 et protection. L&rsquo;illustration vibrante capture la silhouette majestueuse de ce chef-d&rsquo;\u0153uvre de l&rsquo;architecte Antoni Gaud\u00ed, c\u00e9l\u00e8bre pour son style architectural unique et ses d\u00e9tails complexes. Avec un splendide fond bleu, la coque met en valeur les tours et les \u00e9l\u00e9ments architecturaux de la Sagrada Familia dans des tons chauds de rouge, jaune et orange, cr\u00e9ant un impact visuel captivant.<\/p>\n<p>Le design inclut le mot \u00ab\u00a0Barcelone\u00a0\u00bb dans une typographie \u00e9l\u00e9gante, ajoutant une touche de sophistication qui en fait un cadeau id\u00e9al pour ceux qui souhaitent emporter un morceau de cette ville catalane embl\u00e9matique avec eux. Cette coque est plus qu&rsquo;un simple accessoire : c&rsquo;est un authentique souvenir qui refl\u00e8te la singularit\u00e9 de la culture barcelonaise et son riche h\u00e9ritage architectural. Parfaite pour les touristes et les amateurs d&rsquo;architecture, c&rsquo;est un souvenir significatif qui c\u00e9l\u00e8bre le meilleur de la capitale catalane.<\/p>\n<p>Chez Ol\u00e9 Mosaic, nous nous sp\u00e9cialisons dans la distribution de souvenirs en gros, comme cette coque de la Sagrada Familia, offrant authenticit\u00e9 et qualit\u00e9 aux boutiques de cadeaux touristiques. Profitez de cette occasion pour offrir \u00e0 vos clients une pi\u00e8ce de l&rsquo;histoire et de la culture de Barcelone \u00e0 travers un produit fonctionnel et attrayant, id\u00e9al pour ceux qui recherchent des souvenirs uniques de la ville.<\/p>\n","protected":false},"excerpt":{"rendered":"<p>Coque pour iPhone 14 en TPU, d\u00e9cor\u00e9e d&rsquo;une illustration vibrante de la Sagrada Familia de Barcelone. Ce design bleu pr\u00e9sente les b\u00e2timents embl\u00e9matiques d&rsquo;Antoni Gaud\u00ed, mettant en valeur ses tours et ses d\u00e9tails architecturaux dans des tons chauds de rouge, jaune et orange. Le fond bleu cr\u00e9e un contraste saisissant, tandis que le texte \u00ab\u00a0Barcelone\u00a0\u00bb est ajout\u00e9 avec \u00e9l\u00e9gance, en faisant une pi\u00e8ce id\u00e9ale pour les amateurs d&rsquo;architecture et de culture catalane.<\/p>\n","protected":false},"featured_media":12360,"template":"","meta":{"_acf_changed":false},"product_brand":[],"product_cat":[674],"product_tag":[],"class_list":{"0":"post-27007","1":"product","2":"type-product","3":"status-publish","4":"has-post-thumbnail","6":"product_cat-etuis-pour-telephones-portables","7":"pa_ciudad-barcelona","8":"pa_motivo-sagrada-familia","9":"pa_pais-espana","11":"first","12":"instock","13":"shipping-taxable","14":"product-type-simple"},"acf":[],"_links":{"self":[{"href":"https:\/\/olemosaic.com\/fr\/wp-json\/wp\/v2\/product\/27007","targetHints":{"allow":["GET"]}}],"collection":[{"href":"https:\/\/olemosaic.com\/fr\/wp-json\/wp\/v2\/product"}],"about":[{"href":"https:\/\/olemosaic.com\/fr\/wp-json\/wp\/v2\/types\/product"}],"wp:featuredmedia":[{"embeddable":true,"href":"https:\/\/olemosaic.com\/fr\/wp-json\/wp\/v2\/media\/12360"}],"wp:attachment":[{"href":"https:\/\/olemosaic.com\/fr\/wp-json\/wp\/v2\/media?parent=27007"}],"wp:term":[{"taxonomy":"product_brand","embeddable":true,"href":"https:\/\/olemosaic.com\/fr\/wp-json\/wp\/v2\/product_brand?post=27007"},{"taxonomy":"product_cat","embeddable":true,"href":"https:\/\/olemosaic.com\/fr\/wp-json\/wp\/v2\/product_cat?post=27007"},{"taxonomy":"product_tag","embeddable":true,"href":"https:\/\/olemosaic.com\/fr\/wp-json\/wp\/v2\/product_tag?post=27007"}],"curies":[{"name":"wp","href":"https:\/\/api.w.org\/{rel}","templated":true}]}}