{"id":27006,"date":"2025-02-20T22:28:56","date_gmt":"2025-02-20T22:28:56","guid":{"rendered":"http:\/\/olemosaic.com\/producto\/funda-de-telefono-para-iphone-14-tpu-punt-de-trobada-barcelona-blanco\/"},"modified":"2025-07-25T18:55:41","modified_gmt":"2025-07-25T16:55:41","slug":"coque-de-telephone-pour-iphone-14-tpu-punt-de-trobada-barcelone-blanc","status":"publish","type":"product","link":"https:\/\/olemosaic.com\/fr\/produit\/coque-de-telephone-pour-iphone-14-tpu-punt-de-trobada-barcelone-blanc\/","title":{"rendered":"Coque de t\u00e9l\u00e9phone pour iPhone 14 (TPU). Punt de trobada. Barcelone. Blanc"},"content":{"rendered":"<p>Cette coque pour iPhone 14 est un v\u00e9ritable hommage \u00e0 la culture vibrante de Barcelone, con\u00e7ue dans un style qui \u00e9voque la c\u00e9l\u00e8bre \u0153uvre \u00ab\u00a0Punt de Trobada\u00a0\u00bb. Fabriqu\u00e9e en TPU de haute qualit\u00e9, elle garantit la protection id\u00e9ale pour votre appareil, tout en ajoutant une touche artistique et color\u00e9e. Son fond blanc fait ressortir les \u00e9l\u00e9ments d\u00e9coratifs dans des tons rouge, jaune, vert et bleu, qui repr\u00e9sentent la c\u00e9l\u00e8bre c\u00e9ramique en mosa\u00efque de Gaud\u00ed, un symbole de la singularit\u00e9 architecturale de la ville. Chaque d\u00e9tail, des formes organiques aux motifs fluides, capture l&rsquo;essence du modernisme catalan, offrant aux utilisateurs un morceau d&rsquo;art au quotidien. Le mot \u00ab\u00a0Barcelone\u00a0\u00bb imprim\u00e9 en bas n&rsquo;identifie pas seulement l&rsquo;origine de ce chef-d&rsquo;\u0153uvre, mais agit \u00e9galement comme un rappel constant de la beaut\u00e9 de cette ville.<\/p>\n<p>Ce souvenir de Barcelone n&rsquo;est pas seulement fonctionnel, c&rsquo;est aussi une excellente option pour les touristes et les amateurs d&rsquo;art qui cherchent \u00e0 emporter un souvenir authentique et repr\u00e9sentatif de leur visite. Chez Ol\u00e9 Mosaic, en tant que grossiste de souvenirs, nous proposons des produits qui c\u00e9l\u00e8brent la riche culture espagnole, et cette coque est sans aucun doute un joyau que toute boutique de cadeaux touristiques souhaiterait avoir dans son offre.<\/p>\n","protected":false},"excerpt":{"rendered":"<p>Coque pour iPhone 14 fabriqu\u00e9e en TPU, d\u00e9cor\u00e9e d&rsquo;un design vibrant inspir\u00e9 du \u00ab\u00a0Punt de Trobada\u00a0\u00bb de Barcelone. La coque pr\u00e9sente un fond blanc avec des \u00e9l\u00e9ments color\u00e9s dans des tons rouges, jaunes, verts et bleus, \u00e9voquant la c\u00e9ramique de mosa\u00efque caract\u00e9ristique de Gaud\u00ed. Cet accessoire combine protection et style, arborant un motif graphique qui repr\u00e9sente l&rsquo;essence artistique de la ville, avec le mot \u00ab\u00a0Barcelone\u00a0\u00bb imprim\u00e9 en bas.<\/p>\n","protected":false},"featured_media":12353,"template":"","meta":{"_acf_changed":false},"product_brand":[],"product_cat":[674],"product_tag":[],"class_list":{"0":"post-27006","1":"product","2":"type-product","3":"status-publish","4":"has-post-thumbnail","6":"product_cat-etuis-pour-telephones-portables","7":"pa_ciudad-barcelona","8":"pa_motivo-punt-de-trobada","9":"pa_pais-espana","11":"first","12":"instock","13":"shipping-taxable","14":"product-type-simple"},"acf":[],"_links":{"self":[{"href":"https:\/\/olemosaic.com\/fr\/wp-json\/wp\/v2\/product\/27006","targetHints":{"allow":["GET"]}}],"collection":[{"href":"https:\/\/olemosaic.com\/fr\/wp-json\/wp\/v2\/product"}],"about":[{"href":"https:\/\/olemosaic.com\/fr\/wp-json\/wp\/v2\/types\/product"}],"wp:featuredmedia":[{"embeddable":true,"href":"https:\/\/olemosaic.com\/fr\/wp-json\/wp\/v2\/media\/12353"}],"wp:attachment":[{"href":"https:\/\/olemosaic.com\/fr\/wp-json\/wp\/v2\/media?parent=27006"}],"wp:term":[{"taxonomy":"product_brand","embeddable":true,"href":"https:\/\/olemosaic.com\/fr\/wp-json\/wp\/v2\/product_brand?post=27006"},{"taxonomy":"product_cat","embeddable":true,"href":"https:\/\/olemosaic.com\/fr\/wp-json\/wp\/v2\/product_cat?post=27006"},{"taxonomy":"product_tag","embeddable":true,"href":"https:\/\/olemosaic.com\/fr\/wp-json\/wp\/v2\/product_tag?post=27006"}],"curies":[{"name":"wp","href":"https:\/\/api.w.org\/{rel}","templated":true}]}}