{"id":27005,"date":"2025-02-20T22:28:56","date_gmt":"2025-02-20T22:28:56","guid":{"rendered":"http:\/\/olemosaic.com\/producto\/funda-de-telefono-para-iphone-14-tpu-forjas-azul\/"},"modified":"2025-07-25T20:24:06","modified_gmt":"2025-07-25T18:24:06","slug":"coque-de-telephone-pour-iphone-14-tpu-forges-bleu","status":"publish","type":"product","link":"https:\/\/olemosaic.com\/fr\/produit\/coque-de-telephone-pour-iphone-14-tpu-forges-bleu\/","title":{"rendered":"Coque de t\u00e9l\u00e9phone pour iPhone 14 (TPU). Forges. Bleu"},"content":{"rendered":"<p>Cette coque pour iPhone 14 est un accessoire qui allie fonctionnalit\u00e9 et esth\u00e9tique, id\u00e9al pour ceux qui recherchent un souvenir authentique et distinctif d&rsquo;Espagne. Fabriqu\u00e9e en TPU, son design se distingue par une \u00e9l\u00e9gante couleur bleue et un motif de forge complexe en blanc qui \u00e9voque la richesse de l&rsquo;art d\u00e9coratif espagnol, particuli\u00e8rement inspir\u00e9 par l&rsquo;architecture et l&rsquo;ornementation de villes comme S\u00e9ville ou Grenade. Le motif d&rsquo;arabesques, soigneusement \u00e9labor\u00e9, apporte \u00e9l\u00e9gance et sophistication, faisant de cette coque une pi\u00e8ce unique.<\/p>\n<p>Avec sa structure flexible, elle offre une protection optimale contre les chocs et les chutes, garantissant que votre appareil est prot\u00e9g\u00e9 \u00e0 tout moment. Cet accessoire n&rsquo;est pas seulement fonctionnel, il agit \u00e9galement comme un rappel tangible de la riche histoire culturelle de l&rsquo;Espagne, o\u00f9 l&rsquo;artisanat et le design jouent un r\u00f4le crucial. La coque est, sans aucun doute, un excellent cadeau ou souvenir pour les touristes qui souhaitent ramener chez eux un fragment de la tradition espagnole. Chez Ol\u00e9 Mosaic, sp\u00e9cialistes de la distribution de souvenirs en gros, nous garantissons des produits de qualit\u00e9 qui c\u00e9l\u00e8brent l&rsquo;h\u00e9ritage culturel, pla\u00e7ant cette coque de forge comme une option id\u00e9ale pour les boutiques de cadeaux touristiques \u00e0 la recherche d&rsquo;authenticit\u00e9 et de distinction. En tant que grossistes de coques pour iPhone, nous veillons \u00e0 ce que chaque pi\u00e8ce capture l&rsquo;essence de l&rsquo;art espagnol.<\/p>\n","protected":false},"excerpt":{"rendered":"<p>Coque pour iPhone 14 fabriqu\u00e9e en TPU, orn\u00e9e d&rsquo;un \u00e9l\u00e9gant design de forge de couleur bleue. Cette coque pr\u00e9sente un motif complexe d&rsquo;arabesques blanches, \u00e9voquant la richesse de l&rsquo;art d\u00e9coratif espagnol. Sa structure flexible offre une protection optimale \u00e0 l&rsquo;appareil, tandis que son esth\u00e9tique sophistiqu\u00e9e ajoute une touche distinctive. Id\u00e9al pour ceux qui recherchent un accessoire fonctionnel et attrayant, inspir\u00e9 de la tradition artisanale.<\/p>\n","protected":false},"featured_media":12363,"template":"","meta":{"_acf_changed":false},"product_brand":[],"product_cat":[674],"product_tag":[],"class_list":{"0":"post-27005","1":"product","2":"type-product","3":"status-publish","4":"has-post-thumbnail","6":"product_cat-etuis-pour-telephones-portables","7":"pa_motivo-forges","9":"first","10":"instock","11":"shipping-taxable","12":"product-type-simple"},"acf":[],"_links":{"self":[{"href":"https:\/\/olemosaic.com\/fr\/wp-json\/wp\/v2\/product\/27005","targetHints":{"allow":["GET"]}}],"collection":[{"href":"https:\/\/olemosaic.com\/fr\/wp-json\/wp\/v2\/product"}],"about":[{"href":"https:\/\/olemosaic.com\/fr\/wp-json\/wp\/v2\/types\/product"}],"wp:featuredmedia":[{"embeddable":true,"href":"https:\/\/olemosaic.com\/fr\/wp-json\/wp\/v2\/media\/12363"}],"wp:attachment":[{"href":"https:\/\/olemosaic.com\/fr\/wp-json\/wp\/v2\/media?parent=27005"}],"wp:term":[{"taxonomy":"product_brand","embeddable":true,"href":"https:\/\/olemosaic.com\/fr\/wp-json\/wp\/v2\/product_brand?post=27005"},{"taxonomy":"product_cat","embeddable":true,"href":"https:\/\/olemosaic.com\/fr\/wp-json\/wp\/v2\/product_cat?post=27005"},{"taxonomy":"product_tag","embeddable":true,"href":"https:\/\/olemosaic.com\/fr\/wp-json\/wp\/v2\/product_tag?post=27005"}],"curies":[{"name":"wp","href":"https:\/\/api.w.org\/{rel}","templated":true}]}}