{"id":26994,"date":"2025-02-20T22:28:56","date_gmt":"2025-02-20T22:28:56","guid":{"rendered":"http:\/\/olemosaic.com\/producto\/funda-de-telefono-para-iphone-13-promax-tpu-punt-de-trobada-barcelona-blanco\/"},"modified":"2025-07-25T19:40:52","modified_gmt":"2025-07-25T17:40:52","slug":"coque-de-telephone-pour-iphone-13-promax-tpu-punt-de-trobada-barcelone-blanc","status":"publish","type":"product","link":"https:\/\/olemosaic.com\/fr\/produit\/coque-de-telephone-pour-iphone-13-promax-tpu-punt-de-trobada-barcelone-blanc\/","title":{"rendered":"Coque de t\u00e9l\u00e9phone pour iPhone 13 Pro Max (TPU). Punt de trobada. Barcelone. Blanc"},"content":{"rendered":"<p>Cette coque pour iPhone 13 Pro Max, inspir\u00e9e de l&rsquo;iconique \u00ab Punt de Trobada \u00bb de Barcelone, est une pi\u00e8ce qui allie fonctionnalit\u00e9 et style contemporain. Fabriqu\u00e9e en TPU r\u00e9sistant, cette coque garantit une protection efficace pour votre appareil, tandis que son design vibrant et color\u00e9 en fait un accessoire accrocheur. Le fond blanc fait ressortir une mosa\u00efque dynamique compos\u00e9e de formes g\u00e9om\u00e9triques et d&rsquo;\u00e9l\u00e9ments graphiques dans des tons intenses de rouge, vert, jaune, bleu et noir, \u00e9voquant l&rsquo;art caract\u00e9ristique du c\u00e9l\u00e8bre architecte Antoni Gaud\u00ed qui orne la ville.<\/p>\n<p>Le mot \u00ab Barcelone \u00bb appara\u00eet de mani\u00e8re pro\u00e9minente, \u00e9tablissant un lien direct avec la culture et le patrimoine de la ville. Ce design ne refl\u00e8te pas seulement l&rsquo;esth\u00e9tique moderne de Barcelone, mais honore \u00e9galement sa riche histoire, faisant de cette coque un souvenir authentique et repr\u00e9sentatif. Id\u00e9ale pour les touristes cherchant \u00e0 emporter un morceau de la vibrante culture catalane, cette coque est parfaite pour ceux qui souhaitent afficher leur amour pour la ville tout en prot\u00e9geant leur appareil.<\/p>\n<p>Chez Ol\u00e9 Mosaic, nous nous sp\u00e9cialisons dans la distribution de souvenirs de haute qualit\u00e9, et cette coque de t\u00e9l\u00e9phone est une excellente option pour les boutiques de cadeaux touristiques \u00e0 la recherche de produits authentiques et pertinents. En tant que grossistes d&rsquo;accessoires, nous garantissons l&rsquo;authenticit\u00e9 et la valeur culturelle de chaque pi\u00e8ce, assurant que chaque client soit satisfait de son achat.<\/p>\n","protected":false},"excerpt":{"rendered":"<p>Coque pour iPhone 13 Pro Max fabriqu\u00e9e en TPU, inspir\u00e9e de l&#8217;embl\u00e9matique \u00ab Punt de Trobada \u00bb de Barcelone. Cette coque color\u00e9e pr\u00e9sente un design moderne et dynamique, avec des motifs en mosa\u00efque incluant des formes g\u00e9om\u00e9triques et des \u00e9l\u00e9ments graphiques en rouge, vert, jaune, bleu et noir, sur un fond blanc. Le mot \u00ab Barcelone \u00bb appara\u00eet de mani\u00e8re pro\u00e9minente, faisant de cette coque un accessoire attrayant qui combine style et protection pour votre appareil.<\/p>\n","protected":false},"featured_media":12333,"template":"","meta":{"_acf_changed":false},"product_brand":[],"product_cat":[674],"product_tag":[],"class_list":{"0":"post-26994","1":"product","2":"type-product","3":"status-publish","4":"has-post-thumbnail","6":"product_cat-etuis-pour-telephones-portables","7":"pa_ciudad-barcelona","8":"pa_motivo-punt-de-trobada","9":"pa_pais-espana","11":"first","12":"instock","13":"shipping-taxable","14":"product-type-simple"},"acf":[],"_links":{"self":[{"href":"https:\/\/olemosaic.com\/fr\/wp-json\/wp\/v2\/product\/26994","targetHints":{"allow":["GET"]}}],"collection":[{"href":"https:\/\/olemosaic.com\/fr\/wp-json\/wp\/v2\/product"}],"about":[{"href":"https:\/\/olemosaic.com\/fr\/wp-json\/wp\/v2\/types\/product"}],"wp:featuredmedia":[{"embeddable":true,"href":"https:\/\/olemosaic.com\/fr\/wp-json\/wp\/v2\/media\/12333"}],"wp:attachment":[{"href":"https:\/\/olemosaic.com\/fr\/wp-json\/wp\/v2\/media?parent=26994"}],"wp:term":[{"taxonomy":"product_brand","embeddable":true,"href":"https:\/\/olemosaic.com\/fr\/wp-json\/wp\/v2\/product_brand?post=26994"},{"taxonomy":"product_cat","embeddable":true,"href":"https:\/\/olemosaic.com\/fr\/wp-json\/wp\/v2\/product_cat?post=26994"},{"taxonomy":"product_tag","embeddable":true,"href":"https:\/\/olemosaic.com\/fr\/wp-json\/wp\/v2\/product_tag?post=26994"}],"curies":[{"name":"wp","href":"https:\/\/api.w.org\/{rel}","templated":true}]}}